{"id":83217,"date":"2025-12-04T23:00:44","date_gmt":"2025-12-04T20:00:44","guid":{"rendered":"https:\/\/baldumarket.lt\/product\/lawa-dylan-mo102-olcha-tik-3\/"},"modified":"2026-02-04T00:28:52","modified_gmt":"2026-02-03T21:28:52","slug":"lawa-dylan-mo102-olcha-tik-3","status":"publish","type":"product","link":"https:\/\/baldumarket.lt\/lt\/product\/lawa-dylan-mo102-olcha-tik-3\/","title":{"rendered":"DYLAN kavos staliukas (MO102) alksnio tikmed\u017eio"},"content":{"rendered":"<p>DYLAN suolas (MO102) \u2013 prakti\u0161kas ir patvarus sprendimas bet kokiai lauko erdvei. Pagamintas i\u0161 tvirtos alksnio medienos, jis suteikia patogi\u0105 s\u0117dim\u0105j\u0105 viet\u0105 keliems \u017emon\u0117ms. Jis puikiai tinka sodo stalui, pav\u0117sinei ar terasai. D\u0117l i\u0161lenktos atlo\u0161o ir tvirto pagrindo suolas yra stabilus, patogus ir patvarus, net ir intensyviam naudojimui.<\/p>\n<p>Mediena buvo kruop\u0161\u010diai apdorota apsauginiu sluoksniu, kuris pabr\u0117\u017eia nat\u016bral\u0173 jos gro\u017e\u012f ir apsaugo nuo nepalanki\u0173 oro s\u0105lyg\u0173.<\/p>\n<p>Pasirinkus med\u017eio masyvo sodo baldus, u\u017etikrinama auk\u0161\u010diausia kokyb\u0117 ir ilgaam\u017ei\u0161kumas. Kad j\u016bs\u0173 mediniai sodo baldai tarnaut\u0173 ilgus metus, verta jais gerai r\u016bpintis. Tinkamas medini\u0173 sodo bald\u0173 naudojimas ir prie\u017ei\u016bra ne tik u\u017etikrins, kad jie ilgiau i\u0161laikys savo savybes ir nepriekai\u0161ting\u0105 i\u0161vaizd\u0105, bet ir palengvins ne\u0161varum\u0173 pa\u0161alinim\u0105. Reguliarus med\u017eio masyvo sodo bald\u0173 impregnavimas, apsauga nuo dr\u0117gm\u0117s, UV spinduli\u0173 ir \u017eemos temperat\u016bros yra pagrindiniai \u017eingsniai, u\u017etikrinantys medini\u0173 sodo bald\u0173 ilgaam\u017ei\u0161kum\u0105.<\/p>\n<p>DYLAN sodo suolas geriausiai atrodo komplekte su k\u0117d\u0117mis (DYLAN k\u0117d\u0117) ir stalu (DYLAN stalas) i\u0161 tos pa\u010dios kolekcijos \u2013 kartu jie sukuria darni\u0105, funkcionali\u0105 sodo erdv\u0119, paruo\u0161t\u0105 kasdieniam poilsiui ir didesniems susitikimams prie bendro stalo.<\/p>","protected":false},"excerpt":{"rendered":"<p>DYLAN suolas (MO102) \u2013 prakti\u0161kas ir patvarus sprendimas bet kokiai lauko erdvei. Pagamintas i\u0161 tvirtos alksnio medienos, jis suteikia patogi\u0105 s\u0117d\u0117jimo viet\u0105 keliems \u017emon\u0117ms. Jis puikiai tinka sodo stalui, pav\u0117sinei ar terasai. D\u0117l i\u0161lenktos atlo\u0161o ir tvirto pagrindo suolas yra stabilus, patogus ir patvarus, net ir atlaikydamas didel\u0119 apkrov\u0105. Mediena [\u2026]<\/p>","protected":false},"featured_media":83201,"comment_status":"open","ping_status":"open","template":"","meta":[],"product_brand":[],"product_cat":[9307,1928,2113],"product_tag":[],"class_list":{"0":"post-83217","1":"product","2":"type-product","3":"status-publish","4":"has-post-thumbnail","6":"product_cat-garden-furniture-drewmax","7":"product_cat-benches","8":"product_cat-drewmax","10":"first","11":"instock","12":"purchasable","13":"product-type-simple"},"_links":{"self":[{"href":"https:\/\/baldumarket.lt\/lt\/wp-json\/wp\/v2\/product\/83217","targetHints":{"allow":["GET"]}}],"collection":[{"href":"https:\/\/baldumarket.lt\/lt\/wp-json\/wp\/v2\/product"}],"about":[{"href":"https:\/\/baldumarket.lt\/lt\/wp-json\/wp\/v2\/types\/product"}],"replies":[{"embeddable":true,"href":"https:\/\/baldumarket.lt\/lt\/wp-json\/wp\/v2\/comments?post=83217"}],"wp:featuredmedia":[{"embeddable":true,"href":"https:\/\/baldumarket.lt\/lt\/wp-json\/wp\/v2\/media\/83201"}],"wp:attachment":[{"href":"https:\/\/baldumarket.lt\/lt\/wp-json\/wp\/v2\/media?parent=83217"}],"wp:term":[{"taxonomy":"product_brand","embeddable":true,"href":"https:\/\/baldumarket.lt\/lt\/wp-json\/wp\/v2\/product_brand?post=83217"},{"taxonomy":"product_cat","embeddable":true,"href":"https:\/\/baldumarket.lt\/lt\/wp-json\/wp\/v2\/product_cat?post=83217"},{"taxonomy":"product_tag","embeddable":true,"href":"https:\/\/baldumarket.lt\/lt\/wp-json\/wp\/v2\/product_tag?post=83217"}],"curies":[{"name":"wp","href":"https:\/\/api.w.org\/{rel}","templated":true}]}}