{"id":83215,"date":"2025-12-04T23:00:41","date_gmt":"2025-12-04T20:00:41","guid":{"rendered":"https:\/\/baldumarket.lt\/product\/krzeslo-dylan-mo102-olcha-tik\/"},"modified":"2026-02-04T00:28:52","modified_gmt":"2026-02-03T21:28:52","slug":"krzeslo-dylan-mo102-olcha-tik","status":"publish","type":"product","link":"https:\/\/baldumarket.lt\/lt\/product\/krzeslo-dylan-mo102-olcha-tik\/","title":{"rendered":"DYLAN k\u0117d\u0117 (MO102) alksnio tikmed\u017eio"},"content":{"rendered":"<p>DYLAN k\u0117d\u0117 (MO102) \u2013 tvirtas ir funkcionalus pasirinkimas bet kokiai lauko erdvei. Pagaminta i\u0161 tvirtos alksnio medienos, ji pasi\u017eymi stabilia konstrukcija, i\u0161lenkta atlo\u0161u ir masyviomis kojel\u0117mis, kurios u\u017etikrina patogum\u0105 ir ilgaam\u017ei\u0161kum\u0105. \u0160is modelis puikiai tinka tiek sodo stalui, tiek pav\u0117sinei ar terasai.<\/p>\n<p>Mediena kruop\u0161\u010diai padengta laku, kuris i\u0161ry\u0161kina nat\u016brali\u0105 jos tekst\u016br\u0105 ir spalv\u0105, kartu apsaugodamas pavir\u0161i\u0173 nuo i\u0161orini\u0173 veiksni\u0173.<\/p>\n<p>Pasirinkus med\u017eio masyvo sodo baldus, u\u017etikrinama auk\u0161\u010diausia kokyb\u0117 ir ilgaam\u017ei\u0161kumas. Kad j\u016bs\u0173 mediniai sodo baldai tarnaut\u0173 ilgus metus, verta jais r\u016bpintis. Tinkamas medini\u0173 sodo bald\u0173 naudojimas ir prie\u017ei\u016bra ne tik ilgiau u\u017etikrins j\u0173 savybes ir nepriekai\u0161ting\u0105 i\u0161vaizd\u0105, bet ir palengvins ne\u0161varum\u0173 pa\u0161alinim\u0105. Reguliarus med\u017eio masyvo sodo bald\u0173 impregnavimas ir apsauga nuo dr\u0117gm\u0117s, UV spinduli\u0173 ir \u017eemos temperat\u016bros yra pagrindiniai \u017eingsniai, u\u017etikrinantys j\u016bs\u0173 medini\u0173 sodo bald\u0173 ilgaam\u017ei\u0161kum\u0105.<\/p>\n<p>DYLAN sodo k\u0117d\u0117 puikiai dera su mediniu stalu (DYLAN stalu) ir suolu (DYLAN suoliuku) i\u0161 tos pa\u010dios kolekcijos \u2013 sukurkite komplekt\u0105, kuris tarnaus daugel\u012f sezon\u0173.<\/p>","protected":false},"excerpt":{"rendered":"<p>DYLAN k\u0117d\u0117 (MO102) \u2013 tvirtas ir funkcionalus pasirinkimas bet kokiai lauko erdvei. Pagaminta i\u0161 tvirtos alksnio medienos, ji pasi\u017eymi stabilia konstrukcija, i\u0161lenktu atlo\u0161u ir masyviomis kojel\u0117mis, kurios u\u017etikrina patogum\u0105 ir ilgaam\u017ei\u0161kum\u0105. \u0160is modelis puikiai tinka tiek sodo stalui, tiek pav\u0117sinei ar terasai. Mediena buvo kruop\u0161\u010diai [\u2026]<\/p>","protected":false},"featured_media":83210,"comment_status":"open","ping_status":"open","template":"","meta":[],"product_brand":[],"product_cat":[9305,1930,2113],"product_tag":[],"class_list":{"0":"post-83215","1":"product","2":"type-product","3":"status-publish","4":"has-post-thumbnail","6":"product_cat-pine-furniture-drewmax","7":"product_cat-chairs","8":"product_cat-drewmax","10":"first","11":"instock","12":"purchasable","13":"product-type-simple"},"_links":{"self":[{"href":"https:\/\/baldumarket.lt\/lt\/wp-json\/wp\/v2\/product\/83215","targetHints":{"allow":["GET"]}}],"collection":[{"href":"https:\/\/baldumarket.lt\/lt\/wp-json\/wp\/v2\/product"}],"about":[{"href":"https:\/\/baldumarket.lt\/lt\/wp-json\/wp\/v2\/types\/product"}],"replies":[{"embeddable":true,"href":"https:\/\/baldumarket.lt\/lt\/wp-json\/wp\/v2\/comments?post=83215"}],"wp:featuredmedia":[{"embeddable":true,"href":"https:\/\/baldumarket.lt\/lt\/wp-json\/wp\/v2\/media\/83210"}],"wp:attachment":[{"href":"https:\/\/baldumarket.lt\/lt\/wp-json\/wp\/v2\/media?parent=83215"}],"wp:term":[{"taxonomy":"product_brand","embeddable":true,"href":"https:\/\/baldumarket.lt\/lt\/wp-json\/wp\/v2\/product_brand?post=83215"},{"taxonomy":"product_cat","embeddable":true,"href":"https:\/\/baldumarket.lt\/lt\/wp-json\/wp\/v2\/product_cat?post=83215"},{"taxonomy":"product_tag","embeddable":true,"href":"https:\/\/baldumarket.lt\/lt\/wp-json\/wp\/v2\/product_tag?post=83215"}],"curies":[{"name":"wp","href":"https:\/\/api.w.org\/{rel}","templated":true}]}}