{"id":83189,"date":"2025-12-04T23:00:14","date_gmt":"2025-12-04T20:00:14","guid":{"rendered":"https:\/\/baldumarket.lt\/product\/stol-dylan-mo102-olcha-dab\/"},"modified":"2026-02-04T00:28:55","modified_gmt":"2026-02-03T21:28:55","slug":"stol-dylan-mo102-olcha-dab","status":"publish","type":"product","link":"https:\/\/baldumarket.lt\/lt\/product\/stol-dylan-mo102-olcha-dab\/","title":{"rendered":"DYLAN stalas (MO102) alksnio \u0105\u017euolo"},"content":{"rendered":"<p>DYLAN stalas (MO102) \u2013 tai funkcionalus ir patvarus baldas, pagamintas i\u0161 tvirtos alksnio medienos, puikiai tinkantis sodui, pav\u0117sinei ar terasai. Paprastas, klasikinio stiliaus stalvir\u0161is, paremtas stabiliomis kojel\u0117mis, sujungtomis tvirta atrama, garantuoja ne tik ilgaam\u017ei\u0161kum\u0105, bet ir patogum\u0105 kasdienio naudojimo metu. Didelis stalo plotis ir ilgis u\u017etikrina daug vietos visai \u0161eimai ar draug\u0173 grupei.<\/p>\n<p>Stalo pavir\u0161ius kruop\u0161\u010diai lakuotas, kuris pary\u0161kina nat\u016brali\u0105 medienos spalv\u0105 ir apsaugo j\u0105 nuo i\u0161orini\u0173 veiksni\u0173.<\/p>\n<p>Pasirinkus med\u017eio masyvo sodo baldus, u\u017etikrinama auk\u0161\u010diausia kokyb\u0117 ir ilgaam\u017ei\u0161kumas. Kad j\u016bs\u0173 mediniai sodo baldai tarnaut\u0173 ilgus metus, verta jais r\u016bpintis. Tinkamas medini\u0173 sodo bald\u0173 naudojimas ir prie\u017ei\u016bra ne tik u\u017etikrins j\u0173 ilgaam\u017ei\u0161kum\u0105 ir nepriekai\u0161ting\u0105 i\u0161vaizd\u0105, bet ir palengvins ne\u0161varum\u0173 pa\u0161alinim\u0105. Reguliarus med\u017eio masyvo sodo bald\u0173 impregnavimas ir apsauga nuo dr\u0117gm\u0117s, UV spinduli\u0173 ir \u017eemos temperat\u016bros yra pagrindiniai \u017eingsniai, u\u017etikrinantys j\u016bs\u0173 medini\u0173 sodo bald\u0173 ilgaam\u017ei\u0161kum\u0105.<\/p>\n<p>DYLAN sodo stalas geriausiai atrodo kartu su tos pa\u010dios serijos k\u0117d\u0117mis (DYLAN k\u0117d\u0117) ir suolais (DYLAN suolas) \u2013 kartu jie sukuria piln\u0105 sodo valgomojo komplekt\u0105, paruo\u0161t\u0105 bendriems pietums, susib\u016brimams ir vasaros \u0161vent\u0117ms.<\/p>","protected":false},"excerpt":{"rendered":"<p>DYLAN stalas (MO102) \u2013 tai funkcionalus ir patvarus baldas, pagamintas i\u0161 tvirtos alksnio medienos, puikiai tinkantis sodui, pav\u0117sinei ar terasai. Paprastas, klasikinis stalvir\u0161is, paremtas stabiliomis kojel\u0117mis, sujungtomis tvirta atrama, garantuoja ne tik ilgaam\u017ei\u0161kum\u0105, bet ir patogum\u0105 kasdienio naudojimo metu. Didelis stalo plotis ir ilgis u\u017etikrina daug [\u2026]<\/p>","protected":false},"featured_media":83190,"comment_status":"open","ping_status":"open","template":"","meta":[],"product_brand":[],"product_cat":[9305,2113,1934],"product_tag":[],"class_list":{"0":"post-83189","1":"product","2":"type-product","3":"status-publish","4":"has-post-thumbnail","6":"product_cat-pine-furniture-drewmax","7":"product_cat-drewmax","8":"product_cat-tables","10":"first","11":"instock","12":"purchasable","13":"product-type-simple"},"_links":{"self":[{"href":"https:\/\/baldumarket.lt\/lt\/wp-json\/wp\/v2\/product\/83189","targetHints":{"allow":["GET"]}}],"collection":[{"href":"https:\/\/baldumarket.lt\/lt\/wp-json\/wp\/v2\/product"}],"about":[{"href":"https:\/\/baldumarket.lt\/lt\/wp-json\/wp\/v2\/types\/product"}],"replies":[{"embeddable":true,"href":"https:\/\/baldumarket.lt\/lt\/wp-json\/wp\/v2\/comments?post=83189"}],"wp:featuredmedia":[{"embeddable":true,"href":"https:\/\/baldumarket.lt\/lt\/wp-json\/wp\/v2\/media\/83190"}],"wp:attachment":[{"href":"https:\/\/baldumarket.lt\/lt\/wp-json\/wp\/v2\/media?parent=83189"}],"wp:term":[{"taxonomy":"product_brand","embeddable":true,"href":"https:\/\/baldumarket.lt\/lt\/wp-json\/wp\/v2\/product_brand?post=83189"},{"taxonomy":"product_cat","embeddable":true,"href":"https:\/\/baldumarket.lt\/lt\/wp-json\/wp\/v2\/product_cat?post=83189"},{"taxonomy":"product_tag","embeddable":true,"href":"https:\/\/baldumarket.lt\/lt\/wp-json\/wp\/v2\/product_tag?post=83189"}],"curies":[{"name":"wp","href":"https:\/\/api.w.org\/{rel}","templated":true}]}}