{"id":83186,"date":"2025-12-04T23:00:06","date_gmt":"2025-12-04T20:00:06","guid":{"rendered":"https:\/\/baldumarket.lt\/product\/lawa-eryk-mo217-olcha-tik-3\/"},"modified":"2026-02-04T00:28:56","modified_gmt":"2026-02-03T21:28:56","slug":"lawa-eryk-mo217-olcha-tik-3","status":"publish","type":"product","link":"https:\/\/baldumarket.lt\/lt\/product\/lawa-eryk-mo217-olcha-tik-3\/","title":{"rendered":"ERYK suolas (MO217) alksnio tikmed\u017eio"},"content":{"rendered":"<p>ERYK suolas (MO217) \u2013 tai tvirtas ir erdvus baldas, pagamintas i\u0161 tvirtos alksnio medienos, puikiai tinkantis sodui, pav\u0117sinei, terasai ar prie sodo stalo. I\u0161skirtinis atlo\u0161as su nat\u016braliai i\u0161lenktomis medienos linijomis ir tvirta konstrukcija u\u017etikrina ir komfort\u0105, ir stabilum\u0105. Tai idealus sprendimas tiems, kurie vertina nat\u016bralum\u0105 ir prakti\u0161kum\u0105.<\/p>\n<p>Suoliukas padengtas apsauginiu sluoksniu, kuris i\u0161ry\u0161kina medienos tekst\u016br\u0105 ir apsaugo j\u0105 nuo oro s\u0105lyg\u0173.<\/p>\n<p>Pasirinkus med\u017eio masyvo sodo baldus, u\u017etikrinama auk\u0161\u010diausia kokyb\u0117 ir ilgaam\u017ei\u0161kumas. Kad j\u016bs\u0173 mediniai sodo baldai tarnaut\u0173 ilgus metus, verta jais gerai r\u016bpintis. Tinkamas medini\u0173 sodo bald\u0173 naudojimas ir prie\u017ei\u016bra ne tik u\u017etikrins, kad jie ilgiau i\u0161laikys savo savybes ir nepriekai\u0161ting\u0105 i\u0161vaizd\u0105, bet ir palengvins ne\u0161varum\u0173 pa\u0161alinim\u0105. Reguliarus med\u017eio masyvo sodo bald\u0173 impregnavimas, apsauga nuo dr\u0117gm\u0117s, UV spinduli\u0173 ir \u017eemos temperat\u016bros yra pagrindiniai \u017eingsniai, u\u017etikrinantys medini\u0173 sodo bald\u0173 ilgaam\u017ei\u0161kum\u0105.<\/p>\n<p>ERYK sodo suolas papildo kitus kolekcijos elementus \u2013 ERYK stal\u0105 ir k\u0117des \u2013 sukurdamas prakti\u0161k\u0105 ir esteti\u0161kai patraukl\u0173 komplekt\u0105, puikiai tinkant\u012f kasdieniam poilsiui ir susib\u016brimams lauke su \u0161eima ir draugais.<\/p>","protected":false},"excerpt":{"rendered":"<p>ERYK suolas (MO217) \u2013 tai tvirtas ir erdvus baldas, pagamintas i\u0161 tvirtos alksnio medienos, puikiai tinkantis sodui, pav\u0117sinei, terasai ar prie sodo stalo. I\u0161skirtinis atlo\u0161as su nat\u016braliai i\u0161lenktomis medienos linijomis ir tvirta konstrukcija u\u017etikrina ir komfort\u0105, ir stabilum\u0105. Tai idealus sprendimas tiems, kurie vertina nat\u016bralum\u0105 ir prakti\u0161kum\u0105. [\u2026]<\/p>","protected":false},"featured_media":83168,"comment_status":"open","ping_status":"open","template":"","meta":[],"product_brand":[],"product_cat":[9307,1928,2113],"product_tag":[],"class_list":{"0":"post-83186","1":"product","2":"type-product","3":"status-publish","4":"has-post-thumbnail","6":"product_cat-garden-furniture-drewmax","7":"product_cat-benches","8":"product_cat-drewmax","10":"first","11":"instock","12":"purchasable","13":"product-type-simple"},"_links":{"self":[{"href":"https:\/\/baldumarket.lt\/lt\/wp-json\/wp\/v2\/product\/83186","targetHints":{"allow":["GET"]}}],"collection":[{"href":"https:\/\/baldumarket.lt\/lt\/wp-json\/wp\/v2\/product"}],"about":[{"href":"https:\/\/baldumarket.lt\/lt\/wp-json\/wp\/v2\/types\/product"}],"replies":[{"embeddable":true,"href":"https:\/\/baldumarket.lt\/lt\/wp-json\/wp\/v2\/comments?post=83186"}],"wp:featuredmedia":[{"embeddable":true,"href":"https:\/\/baldumarket.lt\/lt\/wp-json\/wp\/v2\/media\/83168"}],"wp:attachment":[{"href":"https:\/\/baldumarket.lt\/lt\/wp-json\/wp\/v2\/media?parent=83186"}],"wp:term":[{"taxonomy":"product_brand","embeddable":true,"href":"https:\/\/baldumarket.lt\/lt\/wp-json\/wp\/v2\/product_brand?post=83186"},{"taxonomy":"product_cat","embeddable":true,"href":"https:\/\/baldumarket.lt\/lt\/wp-json\/wp\/v2\/product_cat?post=83186"},{"taxonomy":"product_tag","embeddable":true,"href":"https:\/\/baldumarket.lt\/lt\/wp-json\/wp\/v2\/product_tag?post=83186"}],"curies":[{"name":"wp","href":"https:\/\/api.w.org\/{rel}","templated":true}]}}