{"id":83177,"date":"2025-12-04T22:59:55","date_gmt":"2025-12-04T19:59:55","guid":{"rendered":"https:\/\/baldumarket.lt\/product\/krzeslo-eryk-mo217-olcha-tik\/"},"modified":"2026-02-04T00:28:56","modified_gmt":"2026-02-03T21:28:56","slug":"krzeslo-eryk-mo217-olcha-tik","status":"publish","type":"product","link":"https:\/\/baldumarket.lt\/lt\/product\/krzeslo-eryk-mo217-olcha-tik\/","title":{"rendered":"ERYK k\u0117d\u0117 (MO217) alksnio tikmed\u017eio"},"content":{"rendered":"<p>ERYK k\u0117d\u0117 (MO217) \u2013 tai patvarus baldas, pagamintas i\u0161 tvirtos alksnio medienos, puikiai tinkantis j\u016bs\u0173 nam\u0173 sodui, pav\u0117sinei ar terasai. Tvirta konstrukcija ir tvirtos kojos u\u017etikrina ilgaam\u017ei\u0161kum\u0105 net ir esant dideliam naudojimui, o plati s\u0117dyn\u0117 ir auk\u0161tas atlo\u0161as u\u017etikrina komfort\u0105 ilg\u0173 susib\u016brim\u0173 prie stalo metu.<\/p>\n<p>K\u0117d\u0117 buvo padengta apsaugine danga, kuri ne tik pagerina medienos gro\u017e\u012f, bet ir apsaugo j\u0105 nuo \u017ealingo oro s\u0105lyg\u0173 poveikio.<\/p>\n<p>Pasirinkus med\u017eio masyvo sodo baldus, u\u017etikrinama auk\u0161\u010diausia kokyb\u0117 ir ilgaam\u017ei\u0161kumas. Kad j\u016bs\u0173 mediniai sodo baldai tarnaut\u0173 ilgus metus, verta jais gerai r\u016bpintis. Tinkamas medini\u0173 sodo bald\u0173 naudojimas ir prie\u017ei\u016bra ne tik u\u017etikrins, kad jie ilgiau i\u0161laikys savo savybes ir nepriekai\u0161ting\u0105 i\u0161vaizd\u0105, bet ir palengvins ne\u0161varum\u0173 pa\u0161alinim\u0105. Reguliarus med\u017eio masyvo sodo bald\u0173 impregnavimas, apsauga nuo dr\u0117gm\u0117s, UV spinduli\u0173 ir \u017eemos temperat\u016bros yra pagrindiniai \u017eingsniai, u\u017etikrinantys medini\u0173 sodo bald\u0173 ilgaam\u017ei\u0161kum\u0105.<\/p>\n<p>ERYK k\u0117d\u0119 galima derinti su tos pa\u010dios serijos stalu (ERYK stalas) ir suolais (ERYK suolas), sukuriant piln\u0105, derant\u012f sodo bald\u0173 komplekt\u0105, kuris puikiai tiks kasdieniam poilsiui ir \u0161eimos susib\u016brimams gryname ore.<\/p>","protected":false},"excerpt":{"rendered":"<p>ERYK k\u0117d\u0117 (MO217) \u2013 tai patvarus baldas, pagamintas i\u0161 tvirtos alksnio medienos, puikiai tinkantis j\u016bs\u0173 nam\u0173 sodui, pav\u0117sinei ar terasai. Tvirta konstrukcija ir tvirtos kojos u\u017etikrina ilgaam\u017ei\u0161kum\u0105 net ir esant dideliam naudojimui, o plati s\u0117dyn\u0117 ir auk\u0161tas atlo\u0161as u\u017etikrina komfort\u0105 ilg\u0173 susib\u016brim\u0173 prie stalo metu. K\u0117d\u0117 yra apsaugota [\u2026]<\/p>","protected":false},"featured_media":83178,"comment_status":"open","ping_status":"open","template":"","meta":[],"product_brand":[],"product_cat":[9305,1930,2113],"product_tag":[],"class_list":{"0":"post-83177","1":"product","2":"type-product","3":"status-publish","4":"has-post-thumbnail","6":"product_cat-pine-furniture-drewmax","7":"product_cat-chairs","8":"product_cat-drewmax","10":"first","11":"instock","12":"purchasable","13":"product-type-simple"},"_links":{"self":[{"href":"https:\/\/baldumarket.lt\/lt\/wp-json\/wp\/v2\/product\/83177","targetHints":{"allow":["GET"]}}],"collection":[{"href":"https:\/\/baldumarket.lt\/lt\/wp-json\/wp\/v2\/product"}],"about":[{"href":"https:\/\/baldumarket.lt\/lt\/wp-json\/wp\/v2\/types\/product"}],"replies":[{"embeddable":true,"href":"https:\/\/baldumarket.lt\/lt\/wp-json\/wp\/v2\/comments?post=83177"}],"wp:featuredmedia":[{"embeddable":true,"href":"https:\/\/baldumarket.lt\/lt\/wp-json\/wp\/v2\/media\/83178"}],"wp:attachment":[{"href":"https:\/\/baldumarket.lt\/lt\/wp-json\/wp\/v2\/media?parent=83177"}],"wp:term":[{"taxonomy":"product_brand","embeddable":true,"href":"https:\/\/baldumarket.lt\/lt\/wp-json\/wp\/v2\/product_brand?post=83177"},{"taxonomy":"product_cat","embeddable":true,"href":"https:\/\/baldumarket.lt\/lt\/wp-json\/wp\/v2\/product_cat?post=83177"},{"taxonomy":"product_tag","embeddable":true,"href":"https:\/\/baldumarket.lt\/lt\/wp-json\/wp\/v2\/product_tag?post=83177"}],"curies":[{"name":"wp","href":"https:\/\/api.w.org\/{rel}","templated":true}]}}