{"id":83166,"date":"2025-12-04T22:59:43","date_gmt":"2025-12-04T19:59:43","guid":{"rendered":"https:\/\/baldumarket.lt\/product\/stol-eryk-mo217-olcha-tik-2\/"},"modified":"2026-02-04T00:28:58","modified_gmt":"2026-02-03T21:28:58","slug":"stol-eryk-mo217-olcha-tik-2","status":"publish","type":"product","link":"https:\/\/baldumarket.lt\/lt\/product\/stol-eryk-mo217-olcha-tik-2\/","title":{"rendered":"ERYK stalas (MO217) alksnio tikmed\u017eio"},"content":{"rendered":"<p>ERYK stalas (MO217) \u2013 tai patvarus baldas, pagamintas i\u0161 tvirtos alksnio medienos, puikiai tinkantis \u0161eimos susib\u016brimams, kepsnin\u0117ms ir kasdieniam poilsiui lauke. Paprastas, klasikinis dizainas, paremtas tvirtomis kojel\u0117mis ir tvirta jungtimi, garantuoja stabilum\u0105 ir atsparum\u0105 intensyviam naudojimui.<\/p>\n<p>Stalvir\u0161is, pagamintas i\u0161 pla\u010di\u0173, lygiai apdirbt\u0173 lent\u0173, padengtas apsauginiu laku, kuris i\u0161ry\u0161kina medienos ra\u0161t\u0105 ir apsaugo pavir\u0161i\u0173 nuo oro s\u0105lyg\u0173.<\/p>\n<p>Pasirinkus med\u017eio masyvo sodo baldus, u\u017etikrinama auk\u0161\u010diausia kokyb\u0117 ir ilgaam\u017ei\u0161kumas. Kad j\u016bs\u0173 mediniai sodo baldai tarnaut\u0173 ilgus metus, verta jais r\u016bpintis. Tinkamas medini\u0173 sodo bald\u0173 naudojimas ir prie\u017ei\u016bra ne tik ilgiau u\u017etikrins j\u0173 savybes ir nepriekai\u0161ting\u0105 i\u0161vaizd\u0105, bet ir palengvins ne\u0161varum\u0173 pa\u0161alinim\u0105. Reguliarus med\u017eio masyvo sodo bald\u0173 impregnavimas, apsauga nuo dr\u0117gm\u0117s, UV spinduli\u0173 ir \u017eemos temperat\u016bros yra pagrindiniai \u017eingsniai, u\u017etikrinantys medini\u0173 sodo bald\u0173 ilgaam\u017ei\u0161kum\u0105.<\/p>\n<p>ERYK sodo stalas puikiai atrodo kartu su atitinkamomis k\u0117d\u0117mis (ERYK k\u0117d\u0117) ir suolais (ERYK suolas) i\u0161 tos pa\u010dios serijos \u2013 sukuriant piln\u0105 ir darn\u0173 komplekt\u0105 sodui, terasai ar pav\u0117sinei. Puikiai tinka tiems, kurie vertina komfort\u0105 ir nat\u016bralum\u0105, b\u016bding\u0105 medienai.<\/p>","protected":false},"excerpt":{"rendered":"<p>ERYK stalas (MO217) \u2013 tai patvarus baldas, pagamintas i\u0161 tvirtos alksnio medienos, puikiai tinkantis \u0161eimos susib\u016brimams, kepsnin\u0117ms ir kasdieniam poilsiui lauke. Paprastas, klasikinis dizainas, paremtas tvirtomis kojel\u0117mis ir tvirta jungtimi, garantuoja stabilum\u0105 ir atsparum\u0105 intensyviam naudojimui. Stalvir\u0161is, pagamintas i\u0161 pla\u010di\u0173, lygiai apdirbt\u0173 lent\u0173, yra padengtas [\u2026]<\/p>","protected":false},"featured_media":83156,"comment_status":"open","ping_status":"open","template":"","meta":[],"product_brand":[],"product_cat":[9305,2113,1934],"product_tag":[],"class_list":{"0":"post-83166","1":"product","2":"type-product","3":"status-publish","4":"has-post-thumbnail","6":"product_cat-pine-furniture-drewmax","7":"product_cat-drewmax","8":"product_cat-tables","10":"first","11":"instock","12":"purchasable","13":"product-type-simple"},"_links":{"self":[{"href":"https:\/\/baldumarket.lt\/lt\/wp-json\/wp\/v2\/product\/83166","targetHints":{"allow":["GET"]}}],"collection":[{"href":"https:\/\/baldumarket.lt\/lt\/wp-json\/wp\/v2\/product"}],"about":[{"href":"https:\/\/baldumarket.lt\/lt\/wp-json\/wp\/v2\/types\/product"}],"replies":[{"embeddable":true,"href":"https:\/\/baldumarket.lt\/lt\/wp-json\/wp\/v2\/comments?post=83166"}],"wp:featuredmedia":[{"embeddable":true,"href":"https:\/\/baldumarket.lt\/lt\/wp-json\/wp\/v2\/media\/83156"}],"wp:attachment":[{"href":"https:\/\/baldumarket.lt\/lt\/wp-json\/wp\/v2\/media?parent=83166"}],"wp:term":[{"taxonomy":"product_brand","embeddable":true,"href":"https:\/\/baldumarket.lt\/lt\/wp-json\/wp\/v2\/product_brand?post=83166"},{"taxonomy":"product_cat","embeddable":true,"href":"https:\/\/baldumarket.lt\/lt\/wp-json\/wp\/v2\/product_cat?post=83166"},{"taxonomy":"product_tag","embeddable":true,"href":"https:\/\/baldumarket.lt\/lt\/wp-json\/wp\/v2\/product_tag?post=83166"}],"curies":[{"name":"wp","href":"https:\/\/api.w.org\/{rel}","templated":true}]}}