{"id":83154,"date":"2025-12-04T22:59:31","date_gmt":"2025-12-04T19:59:31","guid":{"rendered":"https:\/\/baldumarket.lt\/product\/fotel-teksas-mo119-olcha-tik\/"},"modified":"2026-02-04T00:29:00","modified_gmt":"2026-02-03T21:29:00","slug":"fotel-teksas-mo119-olcha-tik","status":"publish","type":"product","link":"https:\/\/baldumarket.lt\/lt\/product\/fotel-teksas-mo119-olcha-tik\/","title":{"rendered":"TEKSAS fotelis (MO119) alksnio erke"},"content":{"rendered":"<p>TEKSAS fotelis (MO119) \u2013 puikus pasirinkimas ie\u0161kantiems maksimalaus komforto ilsintis lauke. Plat\u016bs porankiai, nuo\u017eulnus atlo\u0161as ir \u017eema, \u0161iek tiek atlo\u0161ta s\u0117d\u0117jimo pad\u0117tis pakelia atsipalaidavim\u0105 \u012f visi\u0161kai nauj\u0105 lyg\u012f. \u0160is modelis, \u012fkv\u0117ptas klasikin\u0117s Adirondack k\u0117d\u0117s, pasi\u017eymi nesenstan\u010diu dizainu, funkcionalumu, patvarumu ir komfortu.<\/p>\n<p>Pagamintas i\u0161 tvirtos alksnio medienos, TEKSAS sodo kr\u0117slas yra ne tik stabilus, bet ir atsparus besikei\u010dian\u010dioms oro s\u0105lygoms. Subtiliai u\u017eapvalinti kra\u0161tai ir tvirtos jungtys u\u017etikrina patvari\u0105 konstrukcij\u0105, tod\u0117l \u0161is baldas puikiai tinka tiek terasai, tiek sodui, tiek vasarnamiui.<\/p>\n<p>Pasirinkus med\u017eio masyvo sodo baldus, u\u017etikrinama auk\u0161\u010diausia kokyb\u0117 ir ilgaam\u017ei\u0161kumas. Kad j\u016bs\u0173 mediniai sodo baldai tarnaut\u0173 ilgus metus, verta jais r\u016bpintis. Tinkamas medini\u0173 sodo bald\u0173 naudojimas ir prie\u017ei\u016bra ne tik u\u017etikrins, kad jie ilgiau i\u0161laikys savo savybes ir nepriekai\u0161ting\u0105 i\u0161vaizd\u0105, bet ir palengvins v\u0117lesn\u012f ne\u0161varum\u0173 pa\u0161alinim\u0105. Reguliarus med\u017eio masyvo sodo bald\u0173 impregnavimas ir apsauga nuo dr\u0117gm\u0117s, UV spinduli\u0173 ir \u017eemos temperat\u016bros yra pagrindiniai \u017eingsniai, u\u017etikrinantys medini\u0173 sodo bald\u0173 ilgaam\u017ei\u0161kum\u0105.<\/p>\n<p>TEKSAS sodo k\u0117d\u0117 \u2013 komforto \u012fsik\u016bnijimas \u2013 tereikia u\u017ed\u0117ti pagalv\u0117l\u0119 ar mink\u0161t\u0105 antklod\u0119 ir sukurti tobul\u0105 viet\u0105 popiet\u0117s poilsiui. Komplekt\u0105 taip pat galite papildyti tos pa\u010dios serijos stalu (TEKSAS stalu), kuris puikiai tiks m\u0117gautis kava, knyga ar gaiviu g\u0117rimu vasaros dienomis.<\/p>","protected":false},"excerpt":{"rendered":"<p>TEKSAS fotelis (MO119) \u2013 puikus pasirinkimas ie\u0161kantiems maksimalaus komforto ilsintis lauke. Plat\u016bs porankiai, nuo\u017eulnus atlo\u0161as ir \u017eema, \u0161iek tiek atlo\u0161ta s\u0117d\u0117jimo pad\u0117tis pakelia atsipalaidavim\u0105 \u012f visi\u0161kai nauj\u0105 lyg\u012f. \u0160is modelis, \u012fkv\u0117ptas klasikin\u0117s Adirondack k\u0117d\u0117s, pasi\u017eymi nesenstan\u010diu dizainu, funkcionalumu, patvarumu ir komfortu. Pagamintas i\u0161 tvirtos alksnio medienos, [\u2026]<\/p>","protected":false},"featured_media":83146,"comment_status":"open","ping_status":"open","template":"","meta":[],"product_brand":[],"product_cat":[9307,634,2113],"product_tag":[],"class_list":{"0":"post-83154","1":"product","2":"type-product","3":"status-publish","4":"has-post-thumbnail","6":"product_cat-garden-furniture-drewmax","7":"product_cat-armchairs","8":"product_cat-drewmax","10":"first","11":"instock","12":"purchasable","13":"product-type-simple"},"_links":{"self":[{"href":"https:\/\/baldumarket.lt\/lt\/wp-json\/wp\/v2\/product\/83154","targetHints":{"allow":["GET"]}}],"collection":[{"href":"https:\/\/baldumarket.lt\/lt\/wp-json\/wp\/v2\/product"}],"about":[{"href":"https:\/\/baldumarket.lt\/lt\/wp-json\/wp\/v2\/types\/product"}],"replies":[{"embeddable":true,"href":"https:\/\/baldumarket.lt\/lt\/wp-json\/wp\/v2\/comments?post=83154"}],"wp:featuredmedia":[{"embeddable":true,"href":"https:\/\/baldumarket.lt\/lt\/wp-json\/wp\/v2\/media\/83146"}],"wp:attachment":[{"href":"https:\/\/baldumarket.lt\/lt\/wp-json\/wp\/v2\/media?parent=83154"}],"wp:term":[{"taxonomy":"product_brand","embeddable":true,"href":"https:\/\/baldumarket.lt\/lt\/wp-json\/wp\/v2\/product_brand?post=83154"},{"taxonomy":"product_cat","embeddable":true,"href":"https:\/\/baldumarket.lt\/lt\/wp-json\/wp\/v2\/product_cat?post=83154"},{"taxonomy":"product_tag","embeddable":true,"href":"https:\/\/baldumarket.lt\/lt\/wp-json\/wp\/v2\/product_tag?post=83154"}],"curies":[{"name":"wp","href":"https:\/\/api.w.org\/{rel}","templated":true}]}}