{"id":83143,"date":"2025-12-04T22:59:22","date_gmt":"2025-12-04T19:59:22","guid":{"rendered":"https:\/\/baldumarket.lt\/product\/zestaw-ogrodowy-kuba-sosna-tik\/"},"modified":"2026-02-04T00:29:00","modified_gmt":"2026-02-03T21:29:00","slug":"zestaw-ogrodowy-kuba-sosna-tik","status":"publish","type":"product","link":"https:\/\/baldumarket.lt\/lt\/product\/zestaw-ogrodowy-kuba-sosna-tik\/","title":{"rendered":"KUBA sodo bald\u0173 komplektas, tikmedis, pu\u0161is"},"content":{"rendered":"<p>KUBA sodo bald\u0173 komplektas yra prakti\u0161kas ir tvirtas sodo sprendimas, jungiantis komfort\u0105 su apsauga nuo saul\u0117s ir lietaus. J\u012f sudaro du suolai, stalas ir stabili stogin\u0117. Visas komplektas pagamintas i\u0161 tvirtos pu\u0161ies medienos, o stogin\u0117 padengta bitumin\u0117mis \u010derp\u0117mis. Tai rei\u0161kia, kad galite m\u0117gautis savo poilsio erdve, nepriklausomai nuo oro s\u0105lyg\u0173.<br \/>\nTvirta medin\u0117 konstrukcija buvo kruop\u0161\u010diai apsaugota, u\u017etikrinant patvarum\u0105 ir atsparum\u0105 oro s\u0105lygoms. Apgalvotas dizainas su suolais, sumontuotais abiejose stalo pus\u0117se, daro KUBA komplekt\u0105 idealiu sodui, dar\u017eui ar poilsio zonai.<br \/>\nPasirinkus med\u017eio masyvo sodo baldus, garantuojama auk\u0161\u010diausia kokyb\u0117 ir ilgaam\u017ei\u0161kumas. Kad j\u016bs\u0173 mediniai sodo baldai tarnaut\u0173 ilgus metus, verta jais r\u016bpintis. Tinkamas medini\u0173 sodo bald\u0173 naudojimas ir prie\u017ei\u016bra ne tik ilgiau u\u017etikrins j\u0173 savybes ir nepriekai\u0161ting\u0105 i\u0161vaizd\u0105, bet ir palengvins ne\u0161varum\u0173 pa\u0161alinim\u0105. Reguliarus med\u017eio masyvo sodo bald\u0173 impregnavimas ir apsauga nuo dr\u0117gm\u0117s, UV spinduli\u0173 ir \u017eemos temperat\u016bros yra pagrindiniai \u017eingsniai, u\u017etikrinantys j\u016bs\u0173 medini\u0173 sodo bald\u0173 ilgaam\u017ei\u0161kum\u0105.<\/p>\n<p>KUBA komplektas suteikia jau paruo\u0161t\u0105 s\u0117d\u0117jimo zon\u0105 \u2013 nereikia atskiro sk\u0117\u010dio nuo saul\u0117s ar pav\u0117sin\u0117s. Tai idealus pasirinkimas ie\u0161kantiems tvirto, esteti\u0161kai patrauklaus ir funkcionalaus sodo komplekto.<\/p>","protected":false},"excerpt":{"rendered":"<p>KUBA sodo bald\u0173 komplektas yra prakti\u0161kas ir tvirtas sodo sprendimas, kuris sujungia komfort\u0105 su apsauga nuo saul\u0117s ir lietaus. J\u012f sudaro du suolai, stalas ir stabili stogin\u0117. Visas komplektas pagamintas i\u0161 tvirtos pu\u0161ies medienos, o stogin\u0117 padengta bitumin\u0117mis \u010derp\u0117mis. Tai rei\u0161kia, kad galite m\u0117gautis poilsiu [\u2026]<\/p>","protected":false},"featured_media":83144,"comment_status":"open","ping_status":"open","template":"","meta":[],"product_brand":[],"product_cat":[9307,9251,2113],"product_tag":[],"class_list":{"0":"post-83143","1":"product","2":"type-product","3":"status-publish","4":"has-post-thumbnail","6":"product_cat-garden-furniture-drewmax","7":"product_cat-musor","8":"product_cat-drewmax","10":"first","11":"instock","12":"purchasable","13":"product-type-simple"},"_links":{"self":[{"href":"https:\/\/baldumarket.lt\/lt\/wp-json\/wp\/v2\/product\/83143","targetHints":{"allow":["GET"]}}],"collection":[{"href":"https:\/\/baldumarket.lt\/lt\/wp-json\/wp\/v2\/product"}],"about":[{"href":"https:\/\/baldumarket.lt\/lt\/wp-json\/wp\/v2\/types\/product"}],"replies":[{"embeddable":true,"href":"https:\/\/baldumarket.lt\/lt\/wp-json\/wp\/v2\/comments?post=83143"}],"wp:featuredmedia":[{"embeddable":true,"href":"https:\/\/baldumarket.lt\/lt\/wp-json\/wp\/v2\/media\/83144"}],"wp:attachment":[{"href":"https:\/\/baldumarket.lt\/lt\/wp-json\/wp\/v2\/media?parent=83143"}],"wp:term":[{"taxonomy":"product_brand","embeddable":true,"href":"https:\/\/baldumarket.lt\/lt\/wp-json\/wp\/v2\/product_brand?post=83143"},{"taxonomy":"product_cat","embeddable":true,"href":"https:\/\/baldumarket.lt\/lt\/wp-json\/wp\/v2\/product_cat?post=83143"},{"taxonomy":"product_tag","embeddable":true,"href":"https:\/\/baldumarket.lt\/lt\/wp-json\/wp\/v2\/product_tag?post=83143"}],"curies":[{"name":"wp","href":"https:\/\/api.w.org\/{rel}","templated":true}]}}