{"id":83135,"date":"2025-12-04T22:59:15","date_gmt":"2025-12-04T19:59:15","guid":{"rendered":"https:\/\/baldumarket.lt\/product\/stol-teksas-mo119-olcha-dab\/"},"modified":"2026-02-04T00:29:01","modified_gmt":"2026-02-03T21:29:01","slug":"stol-teksas-mo119-olcha-dab","status":"publish","type":"product","link":"https:\/\/baldumarket.lt\/lt\/product\/stol-teksas-mo119-olcha-dab\/","title":{"rendered":"TEXAS stalas (MO119) alksnio \u0105\u017euolo"},"content":{"rendered":"<p>TEKSAS stalas (MO119) pagamintas i\u0161 tvirtos alksnio medienos, tod\u0117l yra patvarus ir atsparus kasdieniam naudojimui lauke. Paprastas, ta\u010diau i\u0161skirtinis dizainas su kry\u017eiaus formos kojel\u0117mis puikiai tinka sodui, terasai ar dar\u017eui \u2013 tiek kasdieniam poilsiui, tiek vasaros kavos puodeliams.<br \/>\nTEKSAS medinis stalas \u2013 tai pasirinkimas tiems, kurie vertina patvarum\u0105, nat\u016bralias med\u017eiagas ir nesenstan\u010di\u0105 i\u0161vaizd\u0105. Stabili konstrukcija ir patogus stalvir\u0161io auk\u0161tis u\u017etikrina patog\u0173 naudojim\u0105.<br \/>\nPasirinkus med\u017eio masyvo sodo baldus, garantuojama auk\u0161\u010diausia kokyb\u0117 ir ilgaam\u017ei\u0161kumas. Kad j\u016bs\u0173 mediniai sodo baldai tarnaut\u0173 ilgus metus, verta jais r\u016bpintis. Tinkamas medini\u0173 sodo bald\u0173 naudojimas ir prie\u017ei\u016bra ne tik u\u017etikrins, kad jie ilgiau i\u0161laikys savo savybes ir nepriekai\u0161ting\u0105 i\u0161vaizd\u0105, bet ir v\u0117liau bus lengviau pa\u0161alinti ne\u0161varumus. Reguliarus med\u017eio masyvo sodo bald\u0173 impregnavimas, apsauga nuo dr\u0117gm\u0117s, UV spinduli\u0173 ir \u017eemos temperat\u016bros yra pagrindiniai \u017eingsniai, u\u017etikrinantys j\u016bs\u0173 medini\u0173 sodo bald\u0173 ilgaam\u017ei\u0161kum\u0105.<\/p>\n<p>Papildykite komplekt\u0105 TEKSAS sodo k\u0117de ir sukurkite patogi\u0105 poilsio zon\u0105, kuri prad\u017eiugins kiekvien\u0105 sve\u010di\u0105.<\/p>","protected":false},"excerpt":{"rendered":"<p>TEKSAS stalas (MO119) pagamintas i\u0161 tvirtos alksnio medienos, tod\u0117l jis patvarus ir atsparus kasdieniam naudojimui lauke. Paprastas, ta\u010diau i\u0161skirtinis dizainas su kry\u017eiaus formos kojel\u0117mis daro \u0161\u012f bald\u0105 puikiai tinkant\u012f sodui, terasai ar dar\u017eui \u2013 tiek kasdieniam poilsiui, tiek vasaros kavos susib\u016brimams. TEKSAS medinis stalas yra pasirinkimas tiems, kurie [\u2026]<\/p>","protected":false},"featured_media":83136,"comment_status":"open","ping_status":"open","template":"","meta":[],"product_brand":[],"product_cat":[9305,2113,1934],"product_tag":[],"class_list":{"0":"post-83135","1":"product","2":"type-product","3":"status-publish","4":"has-post-thumbnail","6":"product_cat-pine-furniture-drewmax","7":"product_cat-drewmax","8":"product_cat-tables","10":"first","11":"instock","12":"purchasable","13":"product-type-simple"},"_links":{"self":[{"href":"https:\/\/baldumarket.lt\/lt\/wp-json\/wp\/v2\/product\/83135","targetHints":{"allow":["GET"]}}],"collection":[{"href":"https:\/\/baldumarket.lt\/lt\/wp-json\/wp\/v2\/product"}],"about":[{"href":"https:\/\/baldumarket.lt\/lt\/wp-json\/wp\/v2\/types\/product"}],"replies":[{"embeddable":true,"href":"https:\/\/baldumarket.lt\/lt\/wp-json\/wp\/v2\/comments?post=83135"}],"wp:featuredmedia":[{"embeddable":true,"href":"https:\/\/baldumarket.lt\/lt\/wp-json\/wp\/v2\/media\/83136"}],"wp:attachment":[{"href":"https:\/\/baldumarket.lt\/lt\/wp-json\/wp\/v2\/media?parent=83135"}],"wp:term":[{"taxonomy":"product_brand","embeddable":true,"href":"https:\/\/baldumarket.lt\/lt\/wp-json\/wp\/v2\/product_brand?post=83135"},{"taxonomy":"product_cat","embeddable":true,"href":"https:\/\/baldumarket.lt\/lt\/wp-json\/wp\/v2\/product_cat?post=83135"},{"taxonomy":"product_tag","embeddable":true,"href":"https:\/\/baldumarket.lt\/lt\/wp-json\/wp\/v2\/product_tag?post=83135"}],"curies":[{"name":"wp","href":"https:\/\/api.w.org\/{rel}","templated":true}]}}