{"id":83120,"date":"2025-12-04T22:58:59","date_gmt":"2025-12-04T19:58:59","guid":{"rendered":"https:\/\/baldumarket.lt\/product\/poduszki-do-zestawu-max-mo101-tekstylia-szary\/"},"modified":"2026-02-04T00:29:02","modified_gmt":"2026-02-03T21:29:02","slug":"poduszki-do-zestawu-max-mo101-tekstylia-szary","status":"publish","type":"product","link":"https:\/\/baldumarket.lt\/lt\/product\/poduszki-do-zestawu-max-mo101-tekstylia-szary\/","title":{"rendered":"Pilkos tekstil\u0117s pagalv\u0117l\u0117s MAX komplektui (MO101)"},"content":{"rendered":"<p>MAX (MO101) 2+2 s\u0117dyni\u0173 pagalv\u0117li\u0173 komplektas yra prakti\u0161kas MAX serijos k\u0117d\u017ei\u0173 ir suol\u0173 papildymas, \u017eenkliai padidinantis komfort\u0105. \u0160ios mink\u0161tos, kruop\u0161\u010diai pagamintos s\u0117dyni\u0173 pagalv\u0117l\u0117s yra dviej\u0173 klasikini\u0173 spalv\u0173: sm\u0117lio ir pilkos. \u012esi\u016btos juostel\u0117s u\u017etikrina lengv\u0105 tvirtinim\u0105 prie bald\u0173, neleid\u017eiant jiems slysti naudojimo metu.<\/p>\n<p>Pagaminti i\u0161 patvari\u0173 ir lengvai pri\u017ei\u016brim\u0173 med\u017eiag\u0173, jie puikiai tinka sodui, terasai ar pav\u0117sinei. J\u0173 universalus dizainas papildo nat\u016brali\u0105 sodo bald\u0173 medien\u0105, suteikdamas dar daugiau jaukumo ir estetinio patrauklumo.<\/p>\n<p>Komplekt\u0105 sudaro 4 s\u0117dyn\u0117s pagalv\u0117l\u0117s: 2 k\u0117d\u0117ms ir 2 suolams (dviej\u0173 dyd\u017ei\u0173, priklausomai nuo suoliuko dyd\u017eio).<\/p>\n<p>S\u0117dyn\u0117s pagalv\u0117l\u0117s puikiai dera su MAX serijos k\u0117d\u0117mis ir suoliukais \u2013 kartu jos sukuria komplekt\u0105, kuriame dera komfortas ir nat\u016bralus stilius. Pasirinkite spalv\u0105, kuri geriausiai dera prie j\u016bs\u0173 poilsio erdv\u0117s dizaino.<\/p>","protected":false},"excerpt":{"rendered":"<p>MAX (MO101) 2+2 s\u0117dyni\u0173 pagalv\u0117li\u0173 komplektas yra prakti\u0161kas MAX serijos k\u0117d\u017ei\u0173 ir suol\u0173 papildymas, \u017eenkliai padidinantis komfort\u0105. \u0160ios mink\u0161tos, kruop\u0161\u010diai pagamintos s\u0117dyni\u0173 pagalv\u0117l\u0117s yra dviej\u0173 klasikini\u0173 spalv\u0173: sm\u0117lio ir pilkos. Prisi\u016btos juostel\u0117s u\u017etikrina lengv\u0105 tvirtinim\u0105 prie bald\u0173, neleid\u017eiant jiems slysti naudojimo metu. Pagaminta i\u0161 patvarios ir lengvai pri\u017ei\u016brimos [\u2026]<\/p>","protected":false},"featured_media":83121,"comment_status":"open","ping_status":"open","template":"","meta":[],"product_brand":[],"product_cat":[2113,1043],"product_tag":[],"class_list":{"0":"post-83120","1":"product","2":"type-product","3":"status-publish","4":"has-post-thumbnail","6":"product_cat-drewmax","7":"product_cat-extras","9":"first","10":"instock","11":"purchasable","12":"product-type-simple"},"_links":{"self":[{"href":"https:\/\/baldumarket.lt\/lt\/wp-json\/wp\/v2\/product\/83120","targetHints":{"allow":["GET"]}}],"collection":[{"href":"https:\/\/baldumarket.lt\/lt\/wp-json\/wp\/v2\/product"}],"about":[{"href":"https:\/\/baldumarket.lt\/lt\/wp-json\/wp\/v2\/types\/product"}],"replies":[{"embeddable":true,"href":"https:\/\/baldumarket.lt\/lt\/wp-json\/wp\/v2\/comments?post=83120"}],"wp:featuredmedia":[{"embeddable":true,"href":"https:\/\/baldumarket.lt\/lt\/wp-json\/wp\/v2\/media\/83121"}],"wp:attachment":[{"href":"https:\/\/baldumarket.lt\/lt\/wp-json\/wp\/v2\/media?parent=83120"}],"wp:term":[{"taxonomy":"product_brand","embeddable":true,"href":"https:\/\/baldumarket.lt\/lt\/wp-json\/wp\/v2\/product_brand?post=83120"},{"taxonomy":"product_cat","embeddable":true,"href":"https:\/\/baldumarket.lt\/lt\/wp-json\/wp\/v2\/product_cat?post=83120"},{"taxonomy":"product_tag","embeddable":true,"href":"https:\/\/baldumarket.lt\/lt\/wp-json\/wp\/v2\/product_tag?post=83120"}],"curies":[{"name":"wp","href":"https:\/\/api.w.org\/{rel}","templated":true}]}}