{"id":83113,"date":"2025-12-04T22:58:48","date_gmt":"2025-12-04T19:58:48","guid":{"rendered":"https:\/\/baldumarket.lt\/product\/stolik-kawowy-debowy-st310-dab-kakao-7\/"},"modified":"2026-02-04T00:29:04","modified_gmt":"2026-02-03T21:29:04","slug":"stolik-kawowy-debowy-st310-dab-kakao-7","status":"publish","type":"product","link":"https:\/\/baldumarket.lt\/lt\/product\/stolik-kawowy-debowy-st310-dab-kakao-7\/","title":{"rendered":"\u0104\u017euolinis kavos staliukas ST310 kakavos \u0105\u017euolas"},"content":{"rendered":"<p>ST310 kavos staliukas pagamintas i\u0161 tvirto \u0105\u017euolo, tod\u0117l yra i\u0161skirtinio patvarumo ir nat\u016bralaus gro\u017eio. Paprastas, ta\u010diau eleganti\u0161kas dizainas puikiai tinka tiek klasikiniam, tiek moderniam interjerui. Matoma medienos tekst\u016bra i\u0161ry\u0161kina unikal\u0173 baldo charakter\u012f, suteikdama jaukumo bet kokiai kompozicijai.<\/p>\n<p>2,5 cm arba 4 cm storio stalvir\u0161is pagamintas i\u0161 tvirt\u0173 \u0105\u017euolo lenteli\u0173, u\u017etikrinan\u010di\u0173 patvarum\u0105 ir unikali\u0105 i\u0161vaizd\u0105. Lenteli\u0173 konstrukcija, arba sujungtos i\u0161ilgin\u0117s lentel\u0117s, i\u0161ry\u0161kina nat\u016bral\u0173 \u0105\u017euolo gro\u017e\u012f, suteikdama stalui unikal\u0173 charakter\u012f. Papildoma lentyna po stalvir\u0161iu suteikia prakti\u0161k\u0105 viet\u0105 laikyti naudingus daiktus, knygas, \u017eurnalus ar nuotolinio valdymo pultelius. \u0160is sprendimas pagerina baldo funkcionalum\u0105, i\u0161laikant minimalistin\u012f stili\u0173.<\/p>\n<p>Galimi stalvir\u0161i\u0173 apdailos variantai:<\/p>\n<p>S3 \u2013 tiesi briauna, besit\u0119sianti u\u017e stalo kojos, suteikianti jai klasikin\u012f, eleganti\u0161k\u0105 charakter\u012f.<\/p>\n<p>S5 \u2013 tiesus kra\u0161tas, sulygiuotas su koja, sukuriantis minimalistin\u012f ir modernesn\u012f vaizd\u0105.<\/p>\n<p>Per\u017ei\u016br\u0117kite tekst\u016br\u0173 ir stalvir\u0161i\u0173 apdailos tipus.<\/p>","protected":false},"excerpt":{"rendered":"<p>ST310 kavos staliukas pagamintas i\u0161 tvirtos \u0105\u017euolo medienos, tod\u0117l yra i\u0161skirtinio patvarumo ir nat\u016bralaus gro\u017eio. Paprastas, ta\u010diau eleganti\u0161kas dizainas puikiai tinka tiek klasikiniam, tiek moderniam interjerui. Matoma medienos tekst\u016bra i\u0161ry\u0161kina unikal\u0173 baldo charakter\u012f, suteikdama jaukumo bet kokiam i\u0161d\u0117stymui. 2,5 cm arba 4 cm storio stalvir\u0161is yra pagamintas [\u2026]<\/p>","protected":false},"featured_media":81689,"comment_status":"open","ping_status":"open","template":"","meta":[],"product_brand":[],"product_cat":[9303,866,2113],"product_tag":[],"class_list":{"0":"post-83113","1":"product","2":"type-product","3":"status-publish","4":"has-post-thumbnail","6":"product_cat-oak-furniture-drewmax","7":"product_cat-coffee-tables","8":"product_cat-drewmax","9":"pa_tabletop-tabletop-2-5-cm","10":"pa_tabletop-material-solid-lamellas","12":"first","13":"instock","14":"purchasable","15":"product-type-simple"},"_links":{"self":[{"href":"https:\/\/baldumarket.lt\/lt\/wp-json\/wp\/v2\/product\/83113","targetHints":{"allow":["GET"]}}],"collection":[{"href":"https:\/\/baldumarket.lt\/lt\/wp-json\/wp\/v2\/product"}],"about":[{"href":"https:\/\/baldumarket.lt\/lt\/wp-json\/wp\/v2\/types\/product"}],"replies":[{"embeddable":true,"href":"https:\/\/baldumarket.lt\/lt\/wp-json\/wp\/v2\/comments?post=83113"}],"wp:featuredmedia":[{"embeddable":true,"href":"https:\/\/baldumarket.lt\/lt\/wp-json\/wp\/v2\/media\/81689"}],"wp:attachment":[{"href":"https:\/\/baldumarket.lt\/lt\/wp-json\/wp\/v2\/media?parent=83113"}],"wp:term":[{"taxonomy":"product_brand","embeddable":true,"href":"https:\/\/baldumarket.lt\/lt\/wp-json\/wp\/v2\/product_brand?post=83113"},{"taxonomy":"product_cat","embeddable":true,"href":"https:\/\/baldumarket.lt\/lt\/wp-json\/wp\/v2\/product_cat?post=83113"},{"taxonomy":"product_tag","embeddable":true,"href":"https:\/\/baldumarket.lt\/lt\/wp-json\/wp\/v2\/product_tag?post=83113"}],"curies":[{"name":"wp","href":"https:\/\/api.w.org\/{rel}","templated":true}]}}