{"id":82831,"date":"2025-12-04T22:52:32","date_gmt":"2025-12-04T19:52:32","guid":{"rendered":"https:\/\/baldumarket.lt\/product\/naroznik-sosnowy-nr111-sosna-dab\/"},"modified":"2026-02-04T00:30:17","modified_gmt":"2026-02-03T21:30:17","slug":"naroznik-sosnowy-nr111-sosna-dab","status":"publish","type":"product","link":"https:\/\/baldumarket.lt\/lt\/produktas\/naroznik-sosnowy-nr111-sosna-dab\/","title":{"rendered":"Pu\u0161in\u0117 kampin\u0117 sofa NR111, pu\u0161is, \u0105\u017euolas"},"content":{"rendered":"<p>Tradicinio, paprasto dizaino pu\u0161in\u0117 kampin\u0117 sofa NR111 puikiai papildys tradiciniu stiliumi dekoruot\u0105 virtuv\u0119 ar valgom\u0105j\u012f. \u0160i kampin\u0117 sofa buvo sukurta tiems, kurie vertina klasikinius ir funkcionalius baldus. Mink\u0161ta, \u0161viesi s\u0117dyn\u0117s ir atlo\u0161o apdaila suteikia komforto. Kartu su stalu (ST104) ir papildomais \u0161ios kolekcijos taburet\u0117mis (NR114) galite sukurti komplekt\u0105, kuriame tilps dar daugiau sve\u010di\u0173.<\/p>","protected":false},"excerpt":{"rendered":"<p>Tradicinio, paprasto dizaino pu\u0161in\u0117 kampin\u0117 sofa NR111 puikiai papildys tradiciniu stiliumi dekoruot\u0105 virtuv\u0119 ar valgom\u0105j\u012f. \u0160i kampin\u0117 sofa buvo sukurta tiems, kurie vertina klasikinius ir funkcionalius baldus. Mink\u0161ta, \u0161viesi s\u0117dyn\u0117s ir atlo\u0161o apdaila suteikia komforto. Kartu su stalu (ST104) ir papildomomis taburet\u0117mis [\u2026]<\/p>","protected":false},"featured_media":82832,"comment_status":"open","ping_status":"open","template":"","meta":[],"product_brand":[],"product_cat":[9307,1928,2113],"product_tag":[],"class_list":{"0":"post-82831","1":"product","2":"type-product","3":"status-publish","4":"has-post-thumbnail","6":"product_cat-garden-furniture-drewmax","7":"product_cat-benches","8":"product_cat-drewmax","10":"first","11":"instock","12":"purchasable","13":"product-type-simple"},"_links":{"self":[{"href":"https:\/\/baldumarket.lt\/lt\/wp-json\/wp\/v2\/product\/82831","targetHints":{"allow":["GET"]}}],"collection":[{"href":"https:\/\/baldumarket.lt\/lt\/wp-json\/wp\/v2\/product"}],"about":[{"href":"https:\/\/baldumarket.lt\/lt\/wp-json\/wp\/v2\/types\/product"}],"replies":[{"embeddable":true,"href":"https:\/\/baldumarket.lt\/lt\/wp-json\/wp\/v2\/comments?post=82831"}],"wp:featuredmedia":[{"embeddable":true,"href":"https:\/\/baldumarket.lt\/lt\/wp-json\/wp\/v2\/media\/82832"}],"wp:attachment":[{"href":"https:\/\/baldumarket.lt\/lt\/wp-json\/wp\/v2\/media?parent=82831"}],"wp:term":[{"taxonomy":"product_brand","embeddable":true,"href":"https:\/\/baldumarket.lt\/lt\/wp-json\/wp\/v2\/product_brand?post=82831"},{"taxonomy":"product_cat","embeddable":true,"href":"https:\/\/baldumarket.lt\/lt\/wp-json\/wp\/v2\/product_cat?post=82831"},{"taxonomy":"product_tag","embeddable":true,"href":"https:\/\/baldumarket.lt\/lt\/wp-json\/wp\/v2\/product_tag?post=82831"}],"curies":[{"name":"wp","href":"https:\/\/api.w.org\/{rel}","templated":true}]}}