{"id":82830,"date":"2025-12-04T22:52:31","date_gmt":"2025-12-04T19:52:31","guid":{"rendered":"https:\/\/baldumarket.lt\/product\/krzeslo-debowe-kt389-dab-naturalny-4\/"},"modified":"2026-02-04T00:30:17","modified_gmt":"2026-02-03T21:30:17","slug":"krzeslo-debowe-kt389-dab-naturalny-4","status":"publish","type":"product","link":"https:\/\/baldumarket.lt\/lt\/produktas\/krzeslo-debowe-kt389-dab-naturalny-4\/","title":{"rendered":"\u0104\u017euolin\u0117 k\u0117d\u0117 KT389 nat\u016bralus \u0105\u017euolas"},"content":{"rendered":"<p>KT389 \u0105\u017euolinis kr\u0117slas \u2013 apmu\u0161tas poilsio kr\u0117slas, kuriame dera elegancija ir maksimalus komfortas. Apvali forma ir mink\u0161ti apmu\u0161alai sukuria unikaliai jauk\u0173 derin\u012f, kuris skatina atsipalaiduoti ir suteikia interjerui charakterio. Subtilus, vidurio am\u017eiaus modernumo \u012fkv\u0117ptas dizainas puikiai papildys modernius, skandinavi\u0161kus ir eklekti\u0161kus interjerus.<\/p>\n<p>Tvirtas \u0105\u017euolo r\u0117mas suteikia lengvumo ir patvarumo, o nat\u016brali medienos tekst\u016bra harmoningai papildo apmu\u0161alus. KT389 fotelis bus puikus dizainerio akcentas svetain\u0117je, skaitymo kampelyje, miegamajame ar stilingoje kavin\u0117je.<\/p>","protected":false},"excerpt":{"rendered":"<p>KT389 \u0105\u017euolo k\u0117d\u0117 \u2013 mink\u0161tas poilsio kr\u0117slas, kuriame dera elegancija ir maksimalus komfortas. Apvali forma ir mink\u0161tas apmu\u0161alas sukuria unikaliai jauk\u0173 derin\u012f, kuris skatina atsipalaiduoti ir suteikia interjerui charakterio. Subtilus, vidurio am\u017eiaus modernumo \u012fkv\u0117ptas dizainas puikiai papildys modernius, skandinavi\u0161kus ir eklekti\u0161kus interjerus. Tvirtas \u0105\u017euolo r\u0117mas suteikia jai i\u0161skirtinumo [\u2026]<\/p>","protected":false},"featured_media":82825,"comment_status":"open","ping_status":"open","template":"","meta":[],"product_brand":[],"product_cat":[9303,1930,2113],"product_tag":[],"class_list":{"0":"post-82830","1":"product","2":"type-product","3":"status-publish","4":"has-post-thumbnail","6":"product_cat-oak-furniture-drewmax","7":"product_cat-chairs","8":"product_cat-drewmax","10":"first","11":"instock","12":"purchasable","13":"product-type-simple"},"_links":{"self":[{"href":"https:\/\/baldumarket.lt\/lt\/wp-json\/wp\/v2\/product\/82830","targetHints":{"allow":["GET"]}}],"collection":[{"href":"https:\/\/baldumarket.lt\/lt\/wp-json\/wp\/v2\/product"}],"about":[{"href":"https:\/\/baldumarket.lt\/lt\/wp-json\/wp\/v2\/types\/product"}],"replies":[{"embeddable":true,"href":"https:\/\/baldumarket.lt\/lt\/wp-json\/wp\/v2\/comments?post=82830"}],"wp:featuredmedia":[{"embeddable":true,"href":"https:\/\/baldumarket.lt\/lt\/wp-json\/wp\/v2\/media\/82825"}],"wp:attachment":[{"href":"https:\/\/baldumarket.lt\/lt\/wp-json\/wp\/v2\/media?parent=82830"}],"wp:term":[{"taxonomy":"product_brand","embeddable":true,"href":"https:\/\/baldumarket.lt\/lt\/wp-json\/wp\/v2\/product_brand?post=82830"},{"taxonomy":"product_cat","embeddable":true,"href":"https:\/\/baldumarket.lt\/lt\/wp-json\/wp\/v2\/product_cat?post=82830"},{"taxonomy":"product_tag","embeddable":true,"href":"https:\/\/baldumarket.lt\/lt\/wp-json\/wp\/v2\/product_tag?post=82830"}],"curies":[{"name":"wp","href":"https:\/\/api.w.org\/{rel}","templated":true}]}}