{"id":82822,"date":"2025-12-04T22:52:24","date_gmt":"2025-12-04T19:52:24","guid":{"rendered":"https:\/\/baldumarket.lt\/product\/biurko-sosnowe-br101-sosna-surowy-nielakierowany\/"},"modified":"2026-02-04T00:30:18","modified_gmt":"2026-02-03T21:30:18","slug":"biurko-sosnowe-br101-sosna-surowy-nielakierowany","status":"publish","type":"product","link":"https:\/\/baldumarket.lt\/lt\/produktas\/biurko-sosnowe-br101-sosna-surowy-nielakierowany\/","title":{"rendered":"Pu\u0161inis stalas BR101, nelakuota neapdorota pu\u0161is"},"content":{"rendered":"<p>Pu\u0161inis ra\u0161omasis stalas BR101 puikiai tinka visiems, ie\u0161kantiems funkcionali\u0173 ir prakti\u0161k\u0173 sprendim\u0173 savo interjerui. Patog\u016bs stal\u010diai ir spintel\u0117s puikiai tinka laikyti b\u016btiniausius biuro reikmenis. I\u0161traukiama lentyna klaviat\u016brai dar labiau padidina naudojimo paprastum\u0105 ir funkcionalum\u0105, atlaisvindama vietos ant stalo ir suteikdama daugiau darbo erdv\u0117s.<\/p>","protected":false},"excerpt":{"rendered":"<p>Pu\u0161inis ra\u0161omasis stalas BR101 puikiai tinka visiems, ie\u0161kantiems funkcionali\u0173 ir prakti\u0161k\u0173 sprendim\u0173 savo interjerui. Patog\u016bs stal\u010diai ir spintel\u0117s puikiai tinka laikyti b\u016btiniausius biuro reikmenis. I\u0161traukiama lentyna klaviat\u016brai dar labiau padidina naudojimo paprastum\u0105 ir funkcionalum\u0105, atlaisvindama vietos ant stalo ir suteikdama daugiau darbo erdv\u0117s.<\/p>","protected":false},"featured_media":82823,"comment_status":"open","ping_status":"open","template":"","meta":[],"product_brand":[],"product_cat":[9305,1312,2113],"product_tag":[],"class_list":{"0":"post-82822","1":"product","2":"type-product","3":"status-publish","4":"has-post-thumbnail","6":"product_cat-pine-furniture-drewmax","7":"product_cat-desks","8":"product_cat-drewmax","10":"first","11":"instock","12":"purchasable","13":"product-type-simple"},"_links":{"self":[{"href":"https:\/\/baldumarket.lt\/lt\/wp-json\/wp\/v2\/product\/82822","targetHints":{"allow":["GET"]}}],"collection":[{"href":"https:\/\/baldumarket.lt\/lt\/wp-json\/wp\/v2\/product"}],"about":[{"href":"https:\/\/baldumarket.lt\/lt\/wp-json\/wp\/v2\/types\/product"}],"replies":[{"embeddable":true,"href":"https:\/\/baldumarket.lt\/lt\/wp-json\/wp\/v2\/comments?post=82822"}],"wp:featuredmedia":[{"embeddable":true,"href":"https:\/\/baldumarket.lt\/lt\/wp-json\/wp\/v2\/media\/82823"}],"wp:attachment":[{"href":"https:\/\/baldumarket.lt\/lt\/wp-json\/wp\/v2\/media?parent=82822"}],"wp:term":[{"taxonomy":"product_brand","embeddable":true,"href":"https:\/\/baldumarket.lt\/lt\/wp-json\/wp\/v2\/product_brand?post=82822"},{"taxonomy":"product_cat","embeddable":true,"href":"https:\/\/baldumarket.lt\/lt\/wp-json\/wp\/v2\/product_cat?post=82822"},{"taxonomy":"product_tag","embeddable":true,"href":"https:\/\/baldumarket.lt\/lt\/wp-json\/wp\/v2\/product_tag?post=82822"}],"curies":[{"name":"wp","href":"https:\/\/api.w.org\/{rel}","templated":true}]}}