{"id":82820,"date":"2025-12-04T22:52:23","date_gmt":"2025-12-04T19:52:23","guid":{"rendered":"https:\/\/baldumarket.lt\/product\/biurko-sosnowe-br108-sosna-surowy-nielakierowany\/"},"modified":"2026-02-04T00:30:19","modified_gmt":"2026-02-03T21:30:19","slug":"biurko-sosnowe-br108-sosna-surowy-nielakierowany","status":"publish","type":"product","link":"https:\/\/baldumarket.lt\/lt\/produktas\/biurko-sosnowe-br108-sosna-surowy-nielakierowany\/","title":{"rendered":"Pu\u0161inis stalas BR108, neapdorota pu\u0161is, nelakuota"},"content":{"rendered":"<p>Kampinis pu\u0161inis stalas BR108 skirtas pastatyti kambario kampe, tod\u0117l lengva sutvarkyti biur\u0105 ar kambar\u012f, kuriame jis bus eksponuojamas. Jis turi didel\u012f stalvir\u0161\u012f, leid\u017eiant\u012f vienu metu dirbti rankiniu b\u016bdu ir naudotis kompiuteriu. Taip pat yra vietos stalo lempai ir kitiems biuro reikmenims. Patog\u016bs stal\u010diai yra ideali vieta laikyti dokumentus ar kitus smulkius daiktus. I\u0161traukiama lentyna klaviat\u016brai u\u017etikrina paprast\u0105 naudojim\u0105 ir dar didesn\u012f funkcionalum\u0105.<\/p>","protected":false},"excerpt":{"rendered":"<p>Kampinis pu\u0161inis stalas BR108 skirtas pastatyti kambario kampe, tod\u0117l lengva sutvarkyti biur\u0105 ar kambar\u012f, kuriame jis bus eksponuojamas. Jis turi didel\u012f stalvir\u0161\u012f, leid\u017eiant\u012f vienu metu dirbti rankiniu b\u016bdu ir naudotis kompiuteriu. Taip pat yra vietos stalo lempai ir kitiems biuro reikmenims [\u2026]<\/p>","protected":false},"featured_media":82821,"comment_status":"open","ping_status":"open","template":"","meta":[],"product_brand":[],"product_cat":[9305,1312,2113],"product_tag":[],"class_list":{"0":"post-82820","1":"product","2":"type-product","3":"status-publish","4":"has-post-thumbnail","6":"product_cat-pine-furniture-drewmax","7":"product_cat-desks","8":"product_cat-drewmax","10":"first","11":"instock","12":"purchasable","13":"product-type-simple"},"_links":{"self":[{"href":"https:\/\/baldumarket.lt\/lt\/wp-json\/wp\/v2\/product\/82820","targetHints":{"allow":["GET"]}}],"collection":[{"href":"https:\/\/baldumarket.lt\/lt\/wp-json\/wp\/v2\/product"}],"about":[{"href":"https:\/\/baldumarket.lt\/lt\/wp-json\/wp\/v2\/types\/product"}],"replies":[{"embeddable":true,"href":"https:\/\/baldumarket.lt\/lt\/wp-json\/wp\/v2\/comments?post=82820"}],"wp:featuredmedia":[{"embeddable":true,"href":"https:\/\/baldumarket.lt\/lt\/wp-json\/wp\/v2\/media\/82821"}],"wp:attachment":[{"href":"https:\/\/baldumarket.lt\/lt\/wp-json\/wp\/v2\/media?parent=82820"}],"wp:term":[{"taxonomy":"product_brand","embeddable":true,"href":"https:\/\/baldumarket.lt\/lt\/wp-json\/wp\/v2\/product_brand?post=82820"},{"taxonomy":"product_cat","embeddable":true,"href":"https:\/\/baldumarket.lt\/lt\/wp-json\/wp\/v2\/product_cat?post=82820"},{"taxonomy":"product_tag","embeddable":true,"href":"https:\/\/baldumarket.lt\/lt\/wp-json\/wp\/v2\/product_tag?post=82820"}],"curies":[{"name":"wp","href":"https:\/\/api.w.org\/{rel}","templated":true}]}}