{"id":82818,"date":"2025-12-04T22:52:21","date_gmt":"2025-12-04T19:52:21","guid":{"rendered":"https:\/\/baldumarket.lt\/product\/drewniana-tacka-gd165-sosna-surowy-nielakierowany\/"},"modified":"2026-02-04T00:30:19","modified_gmt":"2026-02-03T21:30:19","slug":"drewniana-tacka-gd165-sosna-surowy-nielakierowany","status":"publish","type":"product","link":"https:\/\/baldumarket.lt\/lt\/produktas\/drewniana-tacka-gd165-sosna-surowy-nielakierowany\/","title":{"rendered":"Medinis pad\u0117klas GD165, neapdorota pu\u0161is, nelakuota"},"content":{"rendered":"<p>Sulankstomas medinis pad\u0117klas su rankenomis, pagamintas i\u0161 pu\u0161ies medienos. \u0160is pad\u0117klas gali b\u016bti naudojamas kaip pusry\u010di\u0173 stalas lovoje arba kaip ne\u0161iojamojo kompiuterio stovas. Medinis pad\u0117klas puikiai tinka darbui kompiuteriu arba pusry\u010diams lovoje.<\/p>","protected":false},"excerpt":{"rendered":"<p>Sulankstomas medinis pad\u0117klas su rankenomis, pagamintas i\u0161 pu\u0161ies medienos. \u0160is pad\u0117klas gali b\u016bti naudojamas kaip pusry\u010di\u0173 stalas lovoje arba kaip ne\u0161iojamojo kompiuterio stovas. Medinis pad\u0117klas puikiai tinka darbui kompiuteriu arba pusry\u010diams lovoje.<\/p>","protected":false},"featured_media":82819,"comment_status":"open","ping_status":"open","template":"","meta":[],"product_brand":[],"product_cat":[9307,9251,2113],"product_tag":[],"class_list":{"0":"post-82818","1":"product","2":"type-product","3":"status-publish","4":"has-post-thumbnail","6":"product_cat-garden-furniture-drewmax","7":"product_cat-musor","8":"product_cat-drewmax","10":"first","11":"instock","12":"purchasable","13":"product-type-simple"},"_links":{"self":[{"href":"https:\/\/baldumarket.lt\/lt\/wp-json\/wp\/v2\/product\/82818","targetHints":{"allow":["GET"]}}],"collection":[{"href":"https:\/\/baldumarket.lt\/lt\/wp-json\/wp\/v2\/product"}],"about":[{"href":"https:\/\/baldumarket.lt\/lt\/wp-json\/wp\/v2\/types\/product"}],"replies":[{"embeddable":true,"href":"https:\/\/baldumarket.lt\/lt\/wp-json\/wp\/v2\/comments?post=82818"}],"wp:featuredmedia":[{"embeddable":true,"href":"https:\/\/baldumarket.lt\/lt\/wp-json\/wp\/v2\/media\/82819"}],"wp:attachment":[{"href":"https:\/\/baldumarket.lt\/lt\/wp-json\/wp\/v2\/media?parent=82818"}],"wp:term":[{"taxonomy":"product_brand","embeddable":true,"href":"https:\/\/baldumarket.lt\/lt\/wp-json\/wp\/v2\/product_brand?post=82818"},{"taxonomy":"product_cat","embeddable":true,"href":"https:\/\/baldumarket.lt\/lt\/wp-json\/wp\/v2\/product_cat?post=82818"},{"taxonomy":"product_tag","embeddable":true,"href":"https:\/\/baldumarket.lt\/lt\/wp-json\/wp\/v2\/product_tag?post=82818"}],"curies":[{"name":"wp","href":"https:\/\/api.w.org\/{rel}","templated":true}]}}