{"id":82816,"date":"2025-12-04T22:52:19","date_gmt":"2025-12-04T19:52:19","guid":{"rendered":"https:\/\/baldumarket.lt\/product\/drewniany-chlebak-gd228-buk-surowy-nielakierowany\/"},"modified":"2026-02-04T00:30:19","modified_gmt":"2026-02-03T21:30:19","slug":"drewniany-chlebak-gd228-buk-surowy-nielakierowany","status":"publish","type":"product","link":"https:\/\/baldumarket.lt\/lt\/produktas\/drewniany-chlebak-gd228-buk-surowy-nielakierowany\/","title":{"rendered":"Medin\u0117 duon\u0117 GD228, neapdorotas bukas, nelakuota"},"content":{"rendered":"<p>\u0160i ma\u017ea, tradicin\u0117 ir prakti\u0161ka duonin\u0117 yra b\u016btinas kiekvienoje virtuv\u0117je. D\u0117l stumdomo dang\u010dio ji neu\u017eima daug vietos, o d\u0117l savo formos j\u0105 lengva pastatyti bet kurioje virtuv\u0117s vietoje. Pagaminta i\u0161 buko medienos, joje laikoma duona ilgiau i\u0161lieka \u0161vie\u017eia ir paruo\u0161ta valgyti.<\/p>","protected":false},"excerpt":{"rendered":"<p>\u0160i ma\u017ea, tradicin\u0117 ir prakti\u0161ka duonin\u0117 yra b\u016btinas kiekvienoje virtuv\u0117je. D\u0117l stumdomo dang\u010dio ji neu\u017eima daug vietos, o d\u0117l savo formos j\u0105 lengva pastatyti bet kurioje virtuv\u0117s vietoje. Pagaminta i\u0161 buko medienos, joje laikoma duona ilgiau i\u0161lieka \u0161vie\u017eia ir paruo\u0161ta valgyti.<\/p>","protected":false},"featured_media":82817,"comment_status":"open","ping_status":"open","template":"","meta":[],"product_brand":[],"product_cat":[9307,9251,2113],"product_tag":[],"class_list":{"0":"post-82816","1":"product","2":"type-product","3":"status-publish","4":"has-post-thumbnail","6":"product_cat-garden-furniture-drewmax","7":"product_cat-musor","8":"product_cat-drewmax","10":"first","11":"instock","12":"purchasable","13":"product-type-simple"},"_links":{"self":[{"href":"https:\/\/baldumarket.lt\/lt\/wp-json\/wp\/v2\/product\/82816","targetHints":{"allow":["GET"]}}],"collection":[{"href":"https:\/\/baldumarket.lt\/lt\/wp-json\/wp\/v2\/product"}],"about":[{"href":"https:\/\/baldumarket.lt\/lt\/wp-json\/wp\/v2\/types\/product"}],"replies":[{"embeddable":true,"href":"https:\/\/baldumarket.lt\/lt\/wp-json\/wp\/v2\/comments?post=82816"}],"wp:featuredmedia":[{"embeddable":true,"href":"https:\/\/baldumarket.lt\/lt\/wp-json\/wp\/v2\/media\/82817"}],"wp:attachment":[{"href":"https:\/\/baldumarket.lt\/lt\/wp-json\/wp\/v2\/media?parent=82816"}],"wp:term":[{"taxonomy":"product_brand","embeddable":true,"href":"https:\/\/baldumarket.lt\/lt\/wp-json\/wp\/v2\/product_brand?post=82816"},{"taxonomy":"product_cat","embeddable":true,"href":"https:\/\/baldumarket.lt\/lt\/wp-json\/wp\/v2\/product_cat?post=82816"},{"taxonomy":"product_tag","embeddable":true,"href":"https:\/\/baldumarket.lt\/lt\/wp-json\/wp\/v2\/product_tag?post=82816"}],"curies":[{"name":"wp","href":"https:\/\/api.w.org\/{rel}","templated":true}]}}