{"id":82806,"date":"2025-12-04T22:52:11","date_gmt":"2025-12-04T19:52:11","guid":{"rendered":"https:\/\/baldumarket.lt\/product\/hoker-krzeslo-sosnowe-kt111-sosna-surowy-nielakierowany\/"},"modified":"2026-02-04T00:30:21","modified_gmt":"2026-02-03T21:30:21","slug":"hoker-krzeslo-sosnowe-kt111-sosna-surowy-nielakierowany","status":"publish","type":"product","link":"https:\/\/baldumarket.lt\/lt\/produktas\/hoker-krzeslo-sosnowe-kt111-sosna-surowy-nielakierowany\/","title":{"rendered":"Pu\u0161in\u0117 k\u0117d\u0117 KT111, neapdorota pu\u0161is, nelakuota"},"content":{"rendered":"<p>Auk\u0161ta baro k\u0117d\u0117 KT111 pagaminta i\u0161 tvirtos pu\u0161ies medienos. Klasikinis jos stilius papildys beveik bet kok\u012f interjer\u0105. Dekoratyvin\u0117s atlo\u0161o kop\u0117\u010dios ir auk\u0161tos kojel\u0117s pabr\u0117\u017eia unikal\u0173 stili\u0173. Matoma nat\u016bralios medienos tekst\u016bra suteiks jaukumo bet kokiam interjerui, kuriame ji bus eksponuojama.<\/p>","protected":false},"excerpt":{"rendered":"<p>Auk\u0161ta baro k\u0117d\u0117 KT111 pagaminta i\u0161 tvirtos pu\u0161ies medienos. Klasikinis jos stilius papildys beveik bet kok\u012f interjer\u0105. Dekoratyvin\u0117s atlo\u0161o kop\u0117\u010dios ir auk\u0161tos kojel\u0117s pabr\u0117\u017eia unikal\u0173 stili\u0173. Matoma nat\u016bralios medienos tekst\u016bra suteiks jaukumo bet kokiam interjerui, kuriame ji bus eksponuojama.<\/p>","protected":false},"featured_media":82807,"comment_status":"open","ping_status":"open","template":"","meta":[],"product_brand":[],"product_cat":[9305,1930,2113],"product_tag":[],"class_list":{"0":"post-82806","1":"product","2":"type-product","3":"status-publish","4":"has-post-thumbnail","6":"product_cat-pine-furniture-drewmax","7":"product_cat-chairs","8":"product_cat-drewmax","10":"first","11":"instock","12":"purchasable","13":"product-type-simple"},"_links":{"self":[{"href":"https:\/\/baldumarket.lt\/lt\/wp-json\/wp\/v2\/product\/82806","targetHints":{"allow":["GET"]}}],"collection":[{"href":"https:\/\/baldumarket.lt\/lt\/wp-json\/wp\/v2\/product"}],"about":[{"href":"https:\/\/baldumarket.lt\/lt\/wp-json\/wp\/v2\/types\/product"}],"replies":[{"embeddable":true,"href":"https:\/\/baldumarket.lt\/lt\/wp-json\/wp\/v2\/comments?post=82806"}],"wp:featuredmedia":[{"embeddable":true,"href":"https:\/\/baldumarket.lt\/lt\/wp-json\/wp\/v2\/media\/82807"}],"wp:attachment":[{"href":"https:\/\/baldumarket.lt\/lt\/wp-json\/wp\/v2\/media?parent=82806"}],"wp:term":[{"taxonomy":"product_brand","embeddable":true,"href":"https:\/\/baldumarket.lt\/lt\/wp-json\/wp\/v2\/product_brand?post=82806"},{"taxonomy":"product_cat","embeddable":true,"href":"https:\/\/baldumarket.lt\/lt\/wp-json\/wp\/v2\/product_cat?post=82806"},{"taxonomy":"product_tag","embeddable":true,"href":"https:\/\/baldumarket.lt\/lt\/wp-json\/wp\/v2\/product_tag?post=82806"}],"curies":[{"name":"wp","href":"https:\/\/api.w.org\/{rel}","templated":true}]}}