{"id":82804,"date":"2025-12-04T22:52:09","date_gmt":"2025-12-04T19:52:09","guid":{"rendered":"https:\/\/baldumarket.lt\/product\/komoda-bukowa-vip-kd405-buk-lausane\/"},"modified":"2026-02-04T00:30:21","modified_gmt":"2026-02-03T21:30:21","slug":"komoda-bukowa-vip-kd405-buk-lausane","status":"publish","type":"product","link":"https:\/\/baldumarket.lt\/lt\/produktas\/komoda-bukowa-vip-kd405-buk-lausane\/","title":{"rendered":"VIP KD405 buko komoda, buko Lozana"},"content":{"rendered":"<p>Buko medienos komoda KD405 derina modern\u0173 stili\u0173 su klasikiniais baldais. Minimalistiniai spinteli\u0173 ir stal\u010di\u0173 fasadai be matom\u0173 ranken\u0117li\u0173 \u017eavi savo paprasta forma, puikiai atspindin\u010dia modern\u0173 bald\u0173 stili\u0173. Stiklin\u0117 vitrina \u2013 tai gr\u012f\u017eimas prie klasikinio stiliaus. Ji puikiai tinka \u0161eimos relikvijoms ar nuotraukoms eksponuoti. Bendras dizainas sukuria \u0161ilt\u0105, jauki\u0105, ta\u010diau stiling\u0105 ir modern\u0173 vaizd\u0105 j\u016bs\u0173 valgomajame, svetain\u0117je ar darbo kambaryje.<\/p>\n<p>Kiekvienoje spintel\u0117je yra viena lentyna.<\/p>","protected":false},"excerpt":{"rendered":"<p>Buko medienos komoda KD405 derina modern\u0173 stili\u0173 su klasikiniais baldais. Minimalistiniai spinteli\u0173 ir stal\u010di\u0173 fasadai be matom\u0173 ranken\u0117li\u0173 \u017eavi savo paprasta forma, puikiai atspindin\u010dia modern\u0173 bald\u0173 stili\u0173. Stiklin\u0117 vitrina \u2013 tai gr\u012f\u017eimas prie klasikinio stiliaus. Ji puikiai tinka \u0161eimos relikvijoms ar nuotraukoms eksponuoti. Bendras dizainas [\u2026]<\/p>","protected":false},"featured_media":82800,"comment_status":"open","ping_status":"open","template":"","meta":[],"product_brand":[],"product_cat":[9304,9314,1173,2113],"product_tag":[],"class_list":{"0":"post-82804","1":"product","2":"type-product","3":"status-publish","4":"has-post-thumbnail","6":"product_cat-beech-furniture-drewmax","7":"product_cat-kolekcja-vip-drewmax","8":"product_cat-chests-of-drawers","9":"product_cat-drewmax","11":"first","12":"instock","13":"purchasable","14":"product-type-simple"},"_links":{"self":[{"href":"https:\/\/baldumarket.lt\/lt\/wp-json\/wp\/v2\/product\/82804","targetHints":{"allow":["GET"]}}],"collection":[{"href":"https:\/\/baldumarket.lt\/lt\/wp-json\/wp\/v2\/product"}],"about":[{"href":"https:\/\/baldumarket.lt\/lt\/wp-json\/wp\/v2\/types\/product"}],"replies":[{"embeddable":true,"href":"https:\/\/baldumarket.lt\/lt\/wp-json\/wp\/v2\/comments?post=82804"}],"wp:featuredmedia":[{"embeddable":true,"href":"https:\/\/baldumarket.lt\/lt\/wp-json\/wp\/v2\/media\/82800"}],"wp:attachment":[{"href":"https:\/\/baldumarket.lt\/lt\/wp-json\/wp\/v2\/media?parent=82804"}],"wp:term":[{"taxonomy":"product_brand","embeddable":true,"href":"https:\/\/baldumarket.lt\/lt\/wp-json\/wp\/v2\/product_brand?post=82804"},{"taxonomy":"product_cat","embeddable":true,"href":"https:\/\/baldumarket.lt\/lt\/wp-json\/wp\/v2\/product_cat?post=82804"},{"taxonomy":"product_tag","embeddable":true,"href":"https:\/\/baldumarket.lt\/lt\/wp-json\/wp\/v2\/product_tag?post=82804"}],"curies":[{"name":"wp","href":"https:\/\/api.w.org\/{rel}","templated":true}]}}