{"id":82794,"date":"2025-12-04T22:52:00","date_gmt":"2025-12-04T19:52:00","guid":{"rendered":"https:\/\/baldumarket.lt\/product\/krzeslo-sosnowe-kt109-sosna-surowy-nielakierowany\/"},"modified":"2026-02-04T00:30:22","modified_gmt":"2026-02-03T21:30:22","slug":"krzeslo-sosnowe-kt109-sosna-surowy-nielakierowany","status":"publish","type":"product","link":"https:\/\/baldumarket.lt\/lt\/produktas\/krzeslo-sosnowe-kt109-sosna-surowy-nielakierowany\/","title":{"rendered":"Pu\u0161in\u0117 k\u0117d\u0117 KT109, neapdorota pu\u0161is, nelakuota"},"content":{"rendered":"<p>KT109 pu\u0161in\u0117 k\u0117d\u0117 \u2013 tai paprasto dizaino \u012fsik\u016bnijimas, \u017eavintis savo funkcionalumu ir nesenstan\u010diu charakteriu. Patogus, auk\u0161tas atlo\u0161as, dekoruotas skersiniais, suteikia \u017eavesio. Ji puikiai der\u0117s klasikiniame interjere.<\/p>","protected":false},"excerpt":{"rendered":"<p>KT109 pu\u0161in\u0117 k\u0117d\u0117 \u2013 tai paprasto dizaino \u012fsik\u016bnijimas, \u017eavintis savo funkcionalumu ir nesenstan\u010diu charakteriu. Patogus, auk\u0161tas atlo\u0161as, dekoruotas skersiniais, suteikia \u017eavesio. Ji puikiai der\u0117s klasikiniame interjere.<\/p>","protected":false},"featured_media":82795,"comment_status":"open","ping_status":"open","template":"","meta":[],"product_brand":[],"product_cat":[9305,1930,2113],"product_tag":[],"class_list":{"0":"post-82794","1":"product","2":"type-product","3":"status-publish","4":"has-post-thumbnail","6":"product_cat-pine-furniture-drewmax","7":"product_cat-chairs","8":"product_cat-drewmax","10":"first","11":"instock","12":"purchasable","13":"product-type-simple"},"_links":{"self":[{"href":"https:\/\/baldumarket.lt\/lt\/wp-json\/wp\/v2\/product\/82794","targetHints":{"allow":["GET"]}}],"collection":[{"href":"https:\/\/baldumarket.lt\/lt\/wp-json\/wp\/v2\/product"}],"about":[{"href":"https:\/\/baldumarket.lt\/lt\/wp-json\/wp\/v2\/types\/product"}],"replies":[{"embeddable":true,"href":"https:\/\/baldumarket.lt\/lt\/wp-json\/wp\/v2\/comments?post=82794"}],"wp:featuredmedia":[{"embeddable":true,"href":"https:\/\/baldumarket.lt\/lt\/wp-json\/wp\/v2\/media\/82795"}],"wp:attachment":[{"href":"https:\/\/baldumarket.lt\/lt\/wp-json\/wp\/v2\/media?parent=82794"}],"wp:term":[{"taxonomy":"product_brand","embeddable":true,"href":"https:\/\/baldumarket.lt\/lt\/wp-json\/wp\/v2\/product_brand?post=82794"},{"taxonomy":"product_cat","embeddable":true,"href":"https:\/\/baldumarket.lt\/lt\/wp-json\/wp\/v2\/product_cat?post=82794"},{"taxonomy":"product_tag","embeddable":true,"href":"https:\/\/baldumarket.lt\/lt\/wp-json\/wp\/v2\/product_tag?post=82794"}],"curies":[{"name":"wp","href":"https:\/\/api.w.org\/{rel}","templated":true}]}}