{"id":82790,"date":"2025-12-04T22:51:57","date_gmt":"2025-12-04T19:51:57","guid":{"rendered":"https:\/\/baldumarket.lt\/product\/krzeslo-sosnowe-kt263-sosna-surowy-nielakierowany\/"},"modified":"2026-02-04T00:30:23","modified_gmt":"2026-02-03T21:30:23","slug":"krzeslo-sosnowe-kt263-sosna-surowy-nielakierowany","status":"publish","type":"product","link":"https:\/\/baldumarket.lt\/lt\/produktas\/krzeslo-sosnowe-kt263-sosna-surowy-nielakierowany\/","title":{"rendered":"Pu\u0161in\u0117 k\u0117d\u0117 KT263 neapdorota pu\u0161is nelakuota"},"content":{"rendered":"<p>Minimalistin\u0117 forma ir paprastas stilius \u2013 tai KT263 k\u0117d\u0117s skiriamieji bruo\u017eai. Nepaisant paprasto dizaino, ji \u017eavi nat\u016bralios pu\u0161ies medienos gro\u017eiu. Ji suteiks \u0161ilumos bet kokiam interjerui.<\/p>","protected":false},"excerpt":{"rendered":"<p>Minimalistin\u0117 forma ir paprastas stilius \u2013 tai KT263 k\u0117d\u0117s skiriamieji bruo\u017eai. Nepaisant paprasto dizaino, ji \u017eavi nat\u016bralios pu\u0161ies medienos gro\u017eiu. Ji suteiks \u0161ilumos bet kokiam interjerui.<\/p>","protected":false},"featured_media":82791,"comment_status":"open","ping_status":"open","template":"","meta":[],"product_brand":[],"product_cat":[9305,1930,2113],"product_tag":[],"class_list":{"0":"post-82790","1":"product","2":"type-product","3":"status-publish","4":"has-post-thumbnail","6":"product_cat-pine-furniture-drewmax","7":"product_cat-chairs","8":"product_cat-drewmax","10":"first","11":"instock","12":"purchasable","13":"product-type-simple"},"_links":{"self":[{"href":"https:\/\/baldumarket.lt\/lt\/wp-json\/wp\/v2\/product\/82790","targetHints":{"allow":["GET"]}}],"collection":[{"href":"https:\/\/baldumarket.lt\/lt\/wp-json\/wp\/v2\/product"}],"about":[{"href":"https:\/\/baldumarket.lt\/lt\/wp-json\/wp\/v2\/types\/product"}],"replies":[{"embeddable":true,"href":"https:\/\/baldumarket.lt\/lt\/wp-json\/wp\/v2\/comments?post=82790"}],"wp:featuredmedia":[{"embeddable":true,"href":"https:\/\/baldumarket.lt\/lt\/wp-json\/wp\/v2\/media\/82791"}],"wp:attachment":[{"href":"https:\/\/baldumarket.lt\/lt\/wp-json\/wp\/v2\/media?parent=82790"}],"wp:term":[{"taxonomy":"product_brand","embeddable":true,"href":"https:\/\/baldumarket.lt\/lt\/wp-json\/wp\/v2\/product_brand?post=82790"},{"taxonomy":"product_cat","embeddable":true,"href":"https:\/\/baldumarket.lt\/lt\/wp-json\/wp\/v2\/product_cat?post=82790"},{"taxonomy":"product_tag","embeddable":true,"href":"https:\/\/baldumarket.lt\/lt\/wp-json\/wp\/v2\/product_tag?post=82790"}],"curies":[{"name":"wp","href":"https:\/\/api.w.org\/{rel}","templated":true}]}}