{"id":82788,"date":"2025-12-04T22:51:53","date_gmt":"2025-12-04T19:51:53","guid":{"rendered":"https:\/\/baldumarket.lt\/product\/lozko-box-bukowe-lk185-box-buk-lausane\/"},"modified":"2026-02-04T00:30:23","modified_gmt":"2026-02-03T21:30:23","slug":"lozko-box-bukowe-lk185-box-buk-lausane","status":"publish","type":"product","link":"https:\/\/baldumarket.lt\/lt\/produktas\/lozko-box-bukowe-lk185-box-buk-lausane\/","title":{"rendered":"BOX buko lova LK185 BOX buko Lozana"},"content":{"rendered":"<p>LK185 BOX kontinentin\u0117 lova ant metalini\u0173 kojeli\u0173 derina klasikin\u012f dizain\u0105 su moderniais elementais. Pagaminta i\u0161 auk\u0161\u010diausios kokyb\u0117s buko medienos, ji pasi\u017eymi i\u0161skirtinai tvirta konstrukcija ir eleganti\u0161ka apdaila. Gra\u017eus ir unikalus stilius suteiks j\u016bs\u0173 miegamajam prabangos ir elegancijos. \u012emontuotas r\u0117mas tvirtinamas prie metalinio r\u0117mo, sumontuoto ant dujini\u0173 keltuv\u0173, tod\u0117l lengva pasiekti patalyn\u0117s d\u0117\u017e\u0119 po lova. Tai puikus sprendimas tiems, kurie nori maksimaliai i\u0161naudoti ir sutvarkyti savo nam\u0173 erdv\u0119 neprarandant miego komforto ir patogumo. Medin\u0117 LK185 BOX lova su patalyn\u0117s d\u0117\u017ee buvo sukurta atsi\u017evelgiant \u012f j\u016bs\u0173 individualius poreikius. Kadangi lova neturi standartinio galv\u016bgalio, j\u0105 galima pritaikyti prakti\u0161kai bet kokiam miegamojo interjerui. Sien\u0105 u\u017e lovos galite dekoruoti bet kokiu jums patinkan\u010diu b\u016bdu \u2013 nuotraukomis, suvenyr\u0173 ar knyg\u0173 lentynomis arba m\u016bs\u0173 pagal u\u017esakym\u0105 pagaminta ZG500 mink\u0161ta sienine panele. Tai labai universalus sprendimas, pavyzd\u017eiui, kai da\u017enai kei\u010diamos interjero spalvos.<\/p>\n<p>LK185 BOX lova turi metalin\u012f r\u0117m\u0105 su pak\u0117limo mechanizmu ir groteli\u0173 pagrindu, kuris parduodamas atskirai \u2013 LK185 BOX lovos r\u0117mas.<\/p>\n<p>Lova LK185 BOX taip pat tiekiama be patalyn\u0117s skyriaus \u2013 \u0141K185 buko medienos lova.<\/p>\n<p>ZG500 sienin\u0117s plok\u0161t\u0117s paveiksl\u0117liai yra tik iliustraciniai. ZG500 plok\u0161t\u0117 parduodama atskirai.<\/p>","protected":false},"excerpt":{"rendered":"<p>LK185 BOX kontinentin\u0117 lova su metalin\u0117mis kojel\u0117mis derina klasikin\u012f dizain\u0105 su moderniais elementais. Pagaminta i\u0161 auk\u0161\u010diausios kokyb\u0117s buko medienos, ji pasi\u017eymi i\u0161skirtinai tvirta konstrukcija ir eleganti\u0161ka apdaila. Jos gra\u017eus ir unikalus stilius suteiks j\u016bs\u0173 miegamajam prabangos ir elegancijos. \u012emontuojamas r\u0117mas sumontuotas ant metalinio r\u0117mo, pritvirtinto [\u2026]<\/p>","protected":false},"featured_media":82142,"comment_status":"open","ping_status":"open","template":"","meta":[],"product_brand":[],"product_cat":[9304,505,2113],"product_tag":[],"class_list":{"0":"post-82788","1":"product","2":"type-product","3":"status-publish","4":"has-post-thumbnail","6":"product_cat-beech-furniture-drewmax","7":"product_cat-bedroom-beds","8":"product_cat-drewmax","9":"pa_length-cm-2123","11":"first","12":"instock","13":"purchasable","14":"product-type-simple"},"_links":{"self":[{"href":"https:\/\/baldumarket.lt\/lt\/wp-json\/wp\/v2\/product\/82788","targetHints":{"allow":["GET"]}}],"collection":[{"href":"https:\/\/baldumarket.lt\/lt\/wp-json\/wp\/v2\/product"}],"about":[{"href":"https:\/\/baldumarket.lt\/lt\/wp-json\/wp\/v2\/types\/product"}],"replies":[{"embeddable":true,"href":"https:\/\/baldumarket.lt\/lt\/wp-json\/wp\/v2\/comments?post=82788"}],"wp:featuredmedia":[{"embeddable":true,"href":"https:\/\/baldumarket.lt\/lt\/wp-json\/wp\/v2\/media\/82142"}],"wp:attachment":[{"href":"https:\/\/baldumarket.lt\/lt\/wp-json\/wp\/v2\/media?parent=82788"}],"wp:term":[{"taxonomy":"product_brand","embeddable":true,"href":"https:\/\/baldumarket.lt\/lt\/wp-json\/wp\/v2\/product_brand?post=82788"},{"taxonomy":"product_cat","embeddable":true,"href":"https:\/\/baldumarket.lt\/lt\/wp-json\/wp\/v2\/product_cat?post=82788"},{"taxonomy":"product_tag","embeddable":true,"href":"https:\/\/baldumarket.lt\/lt\/wp-json\/wp\/v2\/product_tag?post=82788"}],"curies":[{"name":"wp","href":"https:\/\/api.w.org\/{rel}","templated":true}]}}