{"id":82733,"date":"2025-12-04T22:50:38","date_gmt":"2025-12-04T19:50:38","guid":{"rendered":"https:\/\/baldumarket.lt\/product\/lozko-debowe-lk214-dab-naturalny\/"},"modified":"2026-02-04T00:30:36","modified_gmt":"2026-02-03T21:30:36","slug":"lozko-debowe-lk214-dab-naturalny","status":"publish","type":"product","link":"https:\/\/baldumarket.lt\/lt\/product\/lozko-debowe-lk214-dab-naturalny\/","title":{"rendered":"\u0104\u017euolin\u0117 lova LK214, nat\u016bralus \u0105\u017euolas"},"content":{"rendered":"<p>\u0104\u017euolin\u0117 lova \u201eLK214\u201c \u2013 eleganti\u0161kas ir tvirtas baldas, pagamintas i\u0161 tvirtos \u0105\u017euolo medienos, kurioje derinamas nat\u016bralus gro\u017eis ir i\u0161skirtinis patvarumas. Paprastas dizainas, aptrauktas lovos galv\u016bgalis ir priekis, daro \u0161\u012f model\u012f puikiai tinkant\u012f tiek klasikiniam, tiek moderniam interjerui. Auk\u0161tos kokyb\u0117s \u0105\u017euolo mediena suteikia visam baldui rafinuot\u0105 charakter\u012f, o kruop\u0161ti apdaila pabr\u0117\u017eia presti\u017e\u0105 ir nesenstant\u012f stili\u0173.<br \/>\nLK214 lova u\u017etikrina stabilum\u0105 ir komfort\u0105 daugel\u012f met\u0173, o unikalus med\u017eio ir apmu\u0161al\u0173 element\u0173 derinys suteikia jaukumo ir elegancijos bet kuriam miegamajam. D\u0117l tvirtos konstrukcijos lova yra ne tik patvari, bet ir itin funkcionali, tapdama bet kurio miegamojo traukos centru. Tai puikus pasirinkimas tiems, kurie ie\u0161ko komforto, kokyb\u0117s ir estetikos derinio viename balde.<\/p>","protected":false},"excerpt":{"rendered":"<p>\u0104\u017euolin\u0117 lova \u201eLK214\u201c \u2013 eleganti\u0161kas ir tvirtas baldas, pagamintas i\u0161 tvirtos \u0105\u017euolo medienos, kurioje derinamas nat\u016bralus gro\u017eis ir i\u0161skirtinis patvarumas. Paprastas dizainas, apmu\u0161tas lovos galv\u016bgalis ir priekis, daro \u0161\u012f model\u012f puikiai tinkant\u012f tiek klasikiniam, tiek moderniam interjerui. Auk\u0161tos kokyb\u0117s \u0105\u017euolo mediena suteikia visam baldui rafinuot\u0105 [\u2026]<\/p>","protected":false},"featured_media":82734,"comment_status":"open","ping_status":"open","template":"","meta":[],"product_brand":[],"product_cat":[9303,505,2113],"product_tag":[],"class_list":{"0":"post-82733","1":"product","2":"type-product","3":"status-publish","4":"has-post-thumbnail","6":"product_cat-oak-furniture-drewmax","7":"product_cat-bedroom-beds","8":"product_cat-drewmax","10":"first","11":"instock","12":"purchasable","13":"product-type-simple"},"_links":{"self":[{"href":"https:\/\/baldumarket.lt\/lt\/wp-json\/wp\/v2\/product\/82733","targetHints":{"allow":["GET"]}}],"collection":[{"href":"https:\/\/baldumarket.lt\/lt\/wp-json\/wp\/v2\/product"}],"about":[{"href":"https:\/\/baldumarket.lt\/lt\/wp-json\/wp\/v2\/types\/product"}],"replies":[{"embeddable":true,"href":"https:\/\/baldumarket.lt\/lt\/wp-json\/wp\/v2\/comments?post=82733"}],"wp:featuredmedia":[{"embeddable":true,"href":"https:\/\/baldumarket.lt\/lt\/wp-json\/wp\/v2\/media\/82734"}],"wp:attachment":[{"href":"https:\/\/baldumarket.lt\/lt\/wp-json\/wp\/v2\/media?parent=82733"}],"wp:term":[{"taxonomy":"product_brand","embeddable":true,"href":"https:\/\/baldumarket.lt\/lt\/wp-json\/wp\/v2\/product_brand?post=82733"},{"taxonomy":"product_cat","embeddable":true,"href":"https:\/\/baldumarket.lt\/lt\/wp-json\/wp\/v2\/product_cat?post=82733"},{"taxonomy":"product_tag","embeddable":true,"href":"https:\/\/baldumarket.lt\/lt\/wp-json\/wp\/v2\/product_tag?post=82733"}],"curies":[{"name":"wp","href":"https:\/\/api.w.org\/{rel}","templated":true}]}}