{"id":82724,"date":"2025-12-04T22:50:30","date_gmt":"2025-12-04T19:50:30","guid":{"rendered":"https:\/\/baldumarket.lt\/product\/lozko-sosnowe-lk099-sosna-surowy-nielakierowany\/"},"modified":"2026-02-04T00:30:37","modified_gmt":"2026-02-03T21:30:37","slug":"lozko-sosnowe-lk099-sosna-surowy-nielakierowany","status":"publish","type":"product","link":"https:\/\/baldumarket.lt\/lt\/product\/lozko-sosnowe-lk099-sosna-surowy-nielakierowany\/","title":{"rendered":"Pu\u0161in\u0117 lova LK099 neapdorota pu\u0161is, nelakuota"},"content":{"rendered":"<p>LK099 lova pagaminta i\u0161 tvirtos pu\u0161ies medienos. Paprastas ir minimalistinis stilius leid\u017eia jai der\u0117ti tiek klasikiniame, tiek moderniame interjere. I\u0161skirtinis bruo\u017eas \u2013 ai\u0161kiai matomas nat\u016bralios medienos, i\u0161 kurios ji pagaminta, ra\u0161tas. Nepaisant paprasto dizaino, ji gali tapti bet kurio miegamojo traukos centru, suteikian\u010diu jai unikalumo.<\/p>\n<p>Lovos r\u0117mas ir \u010diu\u017einys parduodami atskirai.<\/p>","protected":false},"excerpt":{"rendered":"<p>LK099 lova pagaminta i\u0161 tvirtos pu\u0161ies medienos. Paprastas ir minimalistinis stilius leid\u017eia jai der\u0117ti tiek klasikiniame, tiek moderniame interjere. I\u0161skirtinis bruo\u017eas \u2013 ai\u0161kiai matomas nat\u016bralios medienos, i\u0161 kurios ji pagaminta, ra\u0161tas. Nepaisant paprasto dizaino, ji gali tapti bet kurio miegamojo traukos centru, suteikian\u010diu [\u2026]<\/p>","protected":false},"featured_media":82725,"comment_status":"open","ping_status":"open","template":"","meta":[],"product_brand":[],"product_cat":[9305,505,2113],"product_tag":[],"class_list":{"0":"post-82724","1":"product","2":"type-product","3":"status-publish","4":"has-post-thumbnail","6":"product_cat-pine-furniture-drewmax","7":"product_cat-bedroom-beds","8":"product_cat-drewmax","10":"first","11":"instock","12":"purchasable","13":"product-type-simple"},"_links":{"self":[{"href":"https:\/\/baldumarket.lt\/lt\/wp-json\/wp\/v2\/product\/82724","targetHints":{"allow":["GET"]}}],"collection":[{"href":"https:\/\/baldumarket.lt\/lt\/wp-json\/wp\/v2\/product"}],"about":[{"href":"https:\/\/baldumarket.lt\/lt\/wp-json\/wp\/v2\/types\/product"}],"replies":[{"embeddable":true,"href":"https:\/\/baldumarket.lt\/lt\/wp-json\/wp\/v2\/comments?post=82724"}],"wp:featuredmedia":[{"embeddable":true,"href":"https:\/\/baldumarket.lt\/lt\/wp-json\/wp\/v2\/media\/82725"}],"wp:attachment":[{"href":"https:\/\/baldumarket.lt\/lt\/wp-json\/wp\/v2\/media?parent=82724"}],"wp:term":[{"taxonomy":"product_brand","embeddable":true,"href":"https:\/\/baldumarket.lt\/lt\/wp-json\/wp\/v2\/product_brand?post=82724"},{"taxonomy":"product_cat","embeddable":true,"href":"https:\/\/baldumarket.lt\/lt\/wp-json\/wp\/v2\/product_cat?post=82724"},{"taxonomy":"product_tag","embeddable":true,"href":"https:\/\/baldumarket.lt\/lt\/wp-json\/wp\/v2\/product_tag?post=82724"}],"curies":[{"name":"wp","href":"https:\/\/api.w.org\/{rel}","templated":true}]}}