{"id":82723,"date":"2025-12-04T22:50:29","date_gmt":"2025-12-04T19:50:29","guid":{"rendered":"https:\/\/baldumarket.lt\/product\/lozko-sosnowe-lk101-sosna-surowy-nielakierowany-2\/"},"modified":"2026-02-04T00:30:38","modified_gmt":"2026-02-03T21:30:38","slug":"lozko-sosnowe-lk101-sosna-surowy-nielakierowany-2","status":"publish","type":"product","link":"https:\/\/baldumarket.lt\/lt\/product\/lozko-sosnowe-lk101-sosna-surowy-nielakierowany-2\/","title":{"rendered":"Pu\u0161in\u0117 lova LK101, neapdorota pu\u0161is, nelakuota"},"content":{"rendered":"<p>LK101 pu\u0161ies lovos spalv\u0173 \u012fvairov\u0117 leid\u017eia sukurti \u012fdomius miegamojo i\u0161d\u0117stymus. I\u0161skirtinis nat\u016bralus medienos ra\u0161tas ir \u0161iltos spalvos leis pajusti raminant\u012f gamtos prisilietim\u0105 miegamajame. Baldo konstrukcija, praturtinta dekoratyviniais rai\u017einiais, miegamojo interjer\u0105 paver\u010dia i\u0161ties unikaliu.<\/p>\n<p>Lovos r\u0117mas ir \u010diu\u017einys parduodami atskirai.<\/p>","protected":false},"excerpt":{"rendered":"<p>LK101 pu\u0161in\u0117s lovos spalv\u0173 \u012fvairov\u0117 leid\u017eia sukurti \u012fdomius miegamojo i\u0161d\u0117stymus. I\u0161skirtinis nat\u016bralus medienos ra\u0161tas ir \u0161iltos spalvos leis pajusti raminant\u012f gamtos prisilietim\u0105 miegamajame. Baldo konstrukcija, praturtinta dekoratyviniais rai\u017einiais, miegamojo interjerui suteikia i\u0161ties [\u2026]<\/p>","protected":false},"featured_media":82720,"comment_status":"open","ping_status":"open","template":"","meta":[],"product_brand":[],"product_cat":[9305,505,2113],"product_tag":[],"class_list":{"0":"post-82723","1":"product","2":"type-product","3":"status-publish","4":"has-post-thumbnail","6":"product_cat-pine-furniture-drewmax","7":"product_cat-bedroom-beds","8":"product_cat-drewmax","10":"first","11":"instock","12":"purchasable","13":"product-type-simple"},"_links":{"self":[{"href":"https:\/\/baldumarket.lt\/lt\/wp-json\/wp\/v2\/product\/82723","targetHints":{"allow":["GET"]}}],"collection":[{"href":"https:\/\/baldumarket.lt\/lt\/wp-json\/wp\/v2\/product"}],"about":[{"href":"https:\/\/baldumarket.lt\/lt\/wp-json\/wp\/v2\/types\/product"}],"replies":[{"embeddable":true,"href":"https:\/\/baldumarket.lt\/lt\/wp-json\/wp\/v2\/comments?post=82723"}],"wp:featuredmedia":[{"embeddable":true,"href":"https:\/\/baldumarket.lt\/lt\/wp-json\/wp\/v2\/media\/82720"}],"wp:attachment":[{"href":"https:\/\/baldumarket.lt\/lt\/wp-json\/wp\/v2\/media?parent=82723"}],"wp:term":[{"taxonomy":"product_brand","embeddable":true,"href":"https:\/\/baldumarket.lt\/lt\/wp-json\/wp\/v2\/product_brand?post=82723"},{"taxonomy":"product_cat","embeddable":true,"href":"https:\/\/baldumarket.lt\/lt\/wp-json\/wp\/v2\/product_cat?post=82723"},{"taxonomy":"product_tag","embeddable":true,"href":"https:\/\/baldumarket.lt\/lt\/wp-json\/wp\/v2\/product_tag?post=82723"}],"curies":[{"name":"wp","href":"https:\/\/api.w.org\/{rel}","templated":true}]}}