{"id":82712,"date":"2025-12-04T22:50:20","date_gmt":"2025-12-04T19:50:20","guid":{"rendered":"https:\/\/baldumarket.lt\/product\/lozko-sosnowe-lk102-sosna-surowy-nielakierowany\/"},"modified":"2026-02-04T00:30:38","modified_gmt":"2026-02-03T21:30:38","slug":"lozko-sosnowe-lk102-sosna-surowy-nielakierowany","status":"publish","type":"product","link":"https:\/\/baldumarket.lt\/lt\/product\/lozko-sosnowe-lk102-sosna-surowy-nielakierowany\/","title":{"rendered":"Pu\u0161in\u0117 lova LK102 neapdorota pu\u0161is, nelakuota"},"content":{"rendered":"<p>LK102 pu\u0161in\u0117 lova puikiai tinka visiems, ie\u0161kantiems funkcionali\u0173 ir prakti\u0161k\u0173 sprendim\u0173 savo namams. Minimalistinis, ta\u010diau modernus stilius suteikia jai stiling\u0105 akcent\u0105 bet kokiam interjerui. I\u0161skirtinis nat\u016bralus medienos ra\u0161tas ir matomi ra\u0161tai suteikia jai charakterio ir sustiprina estetin\u012f patrauklum\u0105. U\u017edara priekin\u0117 lovos dalis ne tik pagerina jos i\u0161vaizd\u0105, bet ir sukuria funkcionali\u0105 erdv\u0119 po lova, puikiai tinkan\u010di\u0105 patalyn\u0117s d\u0117\u017e\u0117ms ar kitiems nieku\u010diams laikyti.<\/p>\n<p>Lovos r\u0117mas ir \u010diu\u017einys parduodami atskirai.<\/p>","protected":false},"excerpt":{"rendered":"<p>LK102 pu\u0161in\u0117 lova puikiai tinka visiems, ie\u0161kantiems funkcionali\u0173 ir prakti\u0161k\u0173 sprendim\u0173 savo namams. Minimalistinis, ta\u010diau modernus stilius suteikia jai stiling\u0105 akcent\u0105 bet kokiam interjerui. I\u0161skirtinis nat\u016bralus medienos ra\u0161tas ir matomi ra\u0161tai suteikia jai charakterio ir pagerina estetin\u012f patrauklum\u0105. U\u017edara priekin\u0117 lovos dalis ne tik pagerina [\u2026]<\/p>","protected":false},"featured_media":82713,"comment_status":"open","ping_status":"open","template":"","meta":[],"product_brand":[],"product_cat":[9305,505,2113],"product_tag":[],"class_list":{"0":"post-82712","1":"product","2":"type-product","3":"status-publish","4":"has-post-thumbnail","6":"product_cat-pine-furniture-drewmax","7":"product_cat-bedroom-beds","8":"product_cat-drewmax","10":"first","11":"instock","12":"purchasable","13":"product-type-simple"},"_links":{"self":[{"href":"https:\/\/baldumarket.lt\/lt\/wp-json\/wp\/v2\/product\/82712","targetHints":{"allow":["GET"]}}],"collection":[{"href":"https:\/\/baldumarket.lt\/lt\/wp-json\/wp\/v2\/product"}],"about":[{"href":"https:\/\/baldumarket.lt\/lt\/wp-json\/wp\/v2\/types\/product"}],"replies":[{"embeddable":true,"href":"https:\/\/baldumarket.lt\/lt\/wp-json\/wp\/v2\/comments?post=82712"}],"wp:featuredmedia":[{"embeddable":true,"href":"https:\/\/baldumarket.lt\/lt\/wp-json\/wp\/v2\/media\/82713"}],"wp:attachment":[{"href":"https:\/\/baldumarket.lt\/lt\/wp-json\/wp\/v2\/media?parent=82712"}],"wp:term":[{"taxonomy":"product_brand","embeddable":true,"href":"https:\/\/baldumarket.lt\/lt\/wp-json\/wp\/v2\/product_brand?post=82712"},{"taxonomy":"product_cat","embeddable":true,"href":"https:\/\/baldumarket.lt\/lt\/wp-json\/wp\/v2\/product_cat?post=82712"},{"taxonomy":"product_tag","embeddable":true,"href":"https:\/\/baldumarket.lt\/lt\/wp-json\/wp\/v2\/product_tag?post=82712"}],"curies":[{"name":"wp","href":"https:\/\/api.w.org\/{rel}","templated":true}]}}