{"id":82698,"date":"2025-12-04T22:50:08","date_gmt":"2025-12-04T19:50:08","guid":{"rendered":"https:\/\/baldumarket.lt\/product\/lozko-sosnowe-lk104-sosna-surowy-nielakierowany\/"},"modified":"2026-02-04T00:30:40","modified_gmt":"2026-02-03T21:30:40","slug":"lozko-sosnowe-lk104-sosna-surowy-nielakierowany","status":"publish","type":"product","link":"https:\/\/baldumarket.lt\/lt\/product\/lozko-sosnowe-lk104-sosna-surowy-nielakierowany\/","title":{"rendered":"Pu\u0161in\u0117 lova LK104, neapdorota pu\u0161is, nelakuota"},"content":{"rendered":"<p>LK104 pu\u0161in\u0117 lova puikiai dera prie ekologi\u0161ko stiliaus. Nat\u016brali spalv\u0173 gama su matomais medienos ra\u0161tais ir \u012fbr\u0117\u017eimais suteiks bet kuriam kambariui unikali\u0105 atmosfer\u0105, sukurdama \u0161ilt\u0105 ir jauki\u0105 atmosfer\u0105. Rai\u017eytas galv\u016bgalis ne tik pagerina lovos estetik\u0105, bet ir padidina jos komfort\u0105.<\/p>\n<p>Lovos r\u0117mas ir \u010diu\u017einys parduodami atskirai.<\/p>","protected":false},"excerpt":{"rendered":"<p>LK104 pu\u0161in\u0117 lova puikiai dera prie ekologi\u0161ko stiliaus. Nat\u016brali spalv\u0173 gama su matomais medienos ra\u0161tais ir \u012fbr\u0117\u017eimais suteiks bet kuriam kambariui unikali\u0105 atmosfer\u0105, sukurdama \u0161ilt\u0105 ir jauki\u0105 atmosfer\u0105. Rai\u017eytas galv\u016bgalis ne tik pagerina lovos estetik\u0105, bet ir padidina jos komfort\u0105. Lovos r\u0117mas ir \u010diu\u017einys parduodami atskirai.<\/p>","protected":false},"featured_media":82699,"comment_status":"open","ping_status":"open","template":"","meta":[],"product_brand":[],"product_cat":[9305,505,2113],"product_tag":[],"class_list":{"0":"post-82698","1":"product","2":"type-product","3":"status-publish","4":"has-post-thumbnail","6":"product_cat-pine-furniture-drewmax","7":"product_cat-bedroom-beds","8":"product_cat-drewmax","10":"first","11":"instock","12":"purchasable","13":"product-type-simple"},"_links":{"self":[{"href":"https:\/\/baldumarket.lt\/lt\/wp-json\/wp\/v2\/product\/82698","targetHints":{"allow":["GET"]}}],"collection":[{"href":"https:\/\/baldumarket.lt\/lt\/wp-json\/wp\/v2\/product"}],"about":[{"href":"https:\/\/baldumarket.lt\/lt\/wp-json\/wp\/v2\/types\/product"}],"replies":[{"embeddable":true,"href":"https:\/\/baldumarket.lt\/lt\/wp-json\/wp\/v2\/comments?post=82698"}],"wp:featuredmedia":[{"embeddable":true,"href":"https:\/\/baldumarket.lt\/lt\/wp-json\/wp\/v2\/media\/82699"}],"wp:attachment":[{"href":"https:\/\/baldumarket.lt\/lt\/wp-json\/wp\/v2\/media?parent=82698"}],"wp:term":[{"taxonomy":"product_brand","embeddable":true,"href":"https:\/\/baldumarket.lt\/lt\/wp-json\/wp\/v2\/product_brand?post=82698"},{"taxonomy":"product_cat","embeddable":true,"href":"https:\/\/baldumarket.lt\/lt\/wp-json\/wp\/v2\/product_cat?post=82698"},{"taxonomy":"product_tag","embeddable":true,"href":"https:\/\/baldumarket.lt\/lt\/wp-json\/wp\/v2\/product_tag?post=82698"}],"curies":[{"name":"wp","href":"https:\/\/api.w.org\/{rel}","templated":true}]}}