{"id":82697,"date":"2025-12-04T22:50:07","date_gmt":"2025-12-04T19:50:07","guid":{"rendered":"https:\/\/baldumarket.lt\/product\/lozko-sosnowe-lk106-sosna-surowy-nielakierowany-2\/"},"modified":"2026-02-04T00:30:40","modified_gmt":"2026-02-03T21:30:40","slug":"lozko-sosnowe-lk106-sosna-surowy-nielakierowany-2","status":"publish","type":"product","link":"https:\/\/baldumarket.lt\/lt\/product\/lozko-sosnowe-lk106-sosna-surowy-nielakierowany-2\/","title":{"rendered":"Pu\u0161in\u0117 lova LK106, neapdorota pu\u0161is, nelakuota"},"content":{"rendered":"<p>LK106 pu\u0161in\u0117 lova spinduliuoja elegancija, kuri papildo klasikin\u012f interjer\u0105. Tvirta pu\u0161ies mediena, i\u0161 kurios ji pagaminta, pabr\u0117\u017eia unikal\u0173 dizain\u0105. Subtil\u016bs rai\u017einiai ant galv\u016bgalio suteikia \u017eavesio ir pagra\u017eina bet kur\u012f miegam\u0105j\u012f. Prakti\u0161kas galv\u016bgalis taip pat apsaugo sienas nuo d\u0117mi\u0173 ir suteikia funkcionali\u0105 atram\u0105 pagalvei.<\/p>\n<p>Lovos r\u0117mas ir \u010diu\u017einys parduodami atskirai.<\/p>","protected":false},"excerpt":{"rendered":"<p>LK106 pu\u0161in\u0117 lova spinduliuoja elegancija, kuri papildo klasikin\u012f interjer\u0105. Tvirta pu\u0161ies mediena, i\u0161 kurios ji pagaminta, pabr\u0117\u017eia unikal\u0173 dizain\u0105. Subtil\u016bs galv\u016bgalio rai\u017einiai suteikia \u017eavesio, papuo\u0161dami bet kur\u012f miegam\u0105j\u012f. Prakti\u0161kas galv\u016bgalis taip pat apsaugo sienas nuo d\u0117mi\u0173 ir suteikia funkcionali\u0105 atram\u0105 pagalvei. Lovos r\u0117mas ir \u010diu\u017einys [\u2026]<\/p>","protected":false},"featured_media":82694,"comment_status":"open","ping_status":"open","template":"","meta":[],"product_brand":[],"product_cat":[9305,505,2113],"product_tag":[],"class_list":{"0":"post-82697","1":"product","2":"type-product","3":"status-publish","4":"has-post-thumbnail","6":"product_cat-pine-furniture-drewmax","7":"product_cat-bedroom-beds","8":"product_cat-drewmax","10":"first","11":"instock","12":"purchasable","13":"product-type-simple"},"_links":{"self":[{"href":"https:\/\/baldumarket.lt\/lt\/wp-json\/wp\/v2\/product\/82697","targetHints":{"allow":["GET"]}}],"collection":[{"href":"https:\/\/baldumarket.lt\/lt\/wp-json\/wp\/v2\/product"}],"about":[{"href":"https:\/\/baldumarket.lt\/lt\/wp-json\/wp\/v2\/types\/product"}],"replies":[{"embeddable":true,"href":"https:\/\/baldumarket.lt\/lt\/wp-json\/wp\/v2\/comments?post=82697"}],"wp:featuredmedia":[{"embeddable":true,"href":"https:\/\/baldumarket.lt\/lt\/wp-json\/wp\/v2\/media\/82694"}],"wp:attachment":[{"href":"https:\/\/baldumarket.lt\/lt\/wp-json\/wp\/v2\/media?parent=82697"}],"wp:term":[{"taxonomy":"product_brand","embeddable":true,"href":"https:\/\/baldumarket.lt\/lt\/wp-json\/wp\/v2\/product_brand?post=82697"},{"taxonomy":"product_cat","embeddable":true,"href":"https:\/\/baldumarket.lt\/lt\/wp-json\/wp\/v2\/product_cat?post=82697"},{"taxonomy":"product_tag","embeddable":true,"href":"https:\/\/baldumarket.lt\/lt\/wp-json\/wp\/v2\/product_tag?post=82697"}],"curies":[{"name":"wp","href":"https:\/\/api.w.org\/{rel}","templated":true}]}}