{"id":82687,"date":"2025-12-04T22:49:59","date_gmt":"2025-12-04T19:49:59","guid":{"rendered":"https:\/\/baldumarket.lt\/product\/lozko-sosnowe-lk116-sosna-surowy-nielakierowany\/"},"modified":"2026-02-04T00:30:41","modified_gmt":"2026-02-03T21:30:41","slug":"lozko-sosnowe-lk116-sosna-surowy-nielakierowany","status":"publish","type":"product","link":"https:\/\/baldumarket.lt\/lt\/product\/lozko-sosnowe-lk116-sosna-surowy-nielakierowany\/","title":{"rendered":"Pu\u0161in\u0117 lova LK116 neapdorota pu\u0161is, nelakuota"},"content":{"rendered":"<p>LK116 pu\u0161ies lova sukurta galvojant apie klasikin\u012f interjer\u0105. Nat\u016bralios spalvos ir matomas nat\u016bralios medienos ra\u0161tas suteiks bet kuriam kambariui unikali\u0105 atmosfer\u0105, sukurdami \u0161ilt\u0105 ir jauk\u0173 poj\u016bt\u012f. \u012edomui dekoruotas galv\u016bgalis ne tik suteikia \u017eavesio, bet ir padidina lovos komfort\u0105.<\/p>\n<p>Lovos r\u0117mas ir \u010diu\u017einys parduodami atskirai.<\/p>","protected":false},"excerpt":{"rendered":"<p>LK116 pu\u0161ies lova sukurta galvojant apie klasikin\u012f interjer\u0105. Nat\u016bralios spalvos ir matomas nat\u016bralios medienos ra\u0161tas suteiks bet kuriam kambariui unikali\u0105 atmosfer\u0105, sukurdami \u0161ilt\u0105 ir jauk\u0173 poj\u016bt\u012f. \u012edomiai dekoruotas galv\u016bgalis ne tik suteikia \u017eavesio, bet ir padidina lovos komfort\u0105. Lovos r\u0117mas [\u2026]<\/p>","protected":false},"featured_media":82688,"comment_status":"open","ping_status":"open","template":"","meta":[],"product_brand":[],"product_cat":[9305,505,2113],"product_tag":[],"class_list":{"0":"post-82687","1":"product","2":"type-product","3":"status-publish","4":"has-post-thumbnail","6":"product_cat-pine-furniture-drewmax","7":"product_cat-bedroom-beds","8":"product_cat-drewmax","10":"first","11":"instock","12":"purchasable","13":"product-type-simple"},"_links":{"self":[{"href":"https:\/\/baldumarket.lt\/lt\/wp-json\/wp\/v2\/product\/82687","targetHints":{"allow":["GET"]}}],"collection":[{"href":"https:\/\/baldumarket.lt\/lt\/wp-json\/wp\/v2\/product"}],"about":[{"href":"https:\/\/baldumarket.lt\/lt\/wp-json\/wp\/v2\/types\/product"}],"replies":[{"embeddable":true,"href":"https:\/\/baldumarket.lt\/lt\/wp-json\/wp\/v2\/comments?post=82687"}],"wp:featuredmedia":[{"embeddable":true,"href":"https:\/\/baldumarket.lt\/lt\/wp-json\/wp\/v2\/media\/82688"}],"wp:attachment":[{"href":"https:\/\/baldumarket.lt\/lt\/wp-json\/wp\/v2\/media?parent=82687"}],"wp:term":[{"taxonomy":"product_brand","embeddable":true,"href":"https:\/\/baldumarket.lt\/lt\/wp-json\/wp\/v2\/product_brand?post=82687"},{"taxonomy":"product_cat","embeddable":true,"href":"https:\/\/baldumarket.lt\/lt\/wp-json\/wp\/v2\/product_cat?post=82687"},{"taxonomy":"product_tag","embeddable":true,"href":"https:\/\/baldumarket.lt\/lt\/wp-json\/wp\/v2\/product_tag?post=82687"}],"curies":[{"name":"wp","href":"https:\/\/api.w.org\/{rel}","templated":true}]}}