{"id":82683,"date":"2025-12-04T22:49:56","date_gmt":"2025-12-04T19:49:56","guid":{"rendered":"https:\/\/baldumarket.lt\/product\/lozko-sosnowe-lk118-sosna-surowy-nielakierowany\/"},"modified":"2026-02-04T00:30:42","modified_gmt":"2026-02-03T21:30:42","slug":"lozko-sosnowe-lk118-sosna-surowy-nielakierowany","status":"publish","type":"product","link":"https:\/\/baldumarket.lt\/lt\/product\/lozko-sosnowe-lk118-sosna-surowy-nielakierowany\/","title":{"rendered":"Pu\u0161in\u0117 lova LK118, neapdorota pu\u0161is, nelakuota"},"content":{"rendered":"<p>LK118 lova pagaminta i\u0161 tvirtos pu\u0161ies medienos. Paprastas ir minimalistinis stilius tinka tiek klasikiniam, tiek moderniam interjerui. Nepaisant paprastumo, ji \u017eavi nat\u016bralios medienos gro\u017eiu. Nepaisant paprasto dizaino, ji gali tapti bet kurio miegamojo traukos centru, pabr\u0117\u017eian\u010diu jo charakter\u012f.<\/p>\n<p>Lovos r\u0117mas ir \u010diu\u017einys parduodami atskirai.<\/p>","protected":false},"excerpt":{"rendered":"<p>LK118 lova pagaminta i\u0161 tvirtos pu\u0161ies medienos. Paprastas ir minimalistinis stilius tinka tiek klasikiniam, tiek moderniam interjerui. Nepaisant paprastumo, ji \u017eavi nat\u016bralios medienos gro\u017eiu. Nepaisant paprasto dizaino, ji gali tapti bet kurio miegamojo traukos centru, pabr\u0117\u017eian\u010diu jo charakter\u012f. Lovos r\u0117mas ir \u010diu\u017einys [\u2026]<\/p>","protected":false},"featured_media":82684,"comment_status":"open","ping_status":"open","template":"","meta":[],"product_brand":[],"product_cat":[9305,505,2113],"product_tag":[],"class_list":{"0":"post-82683","1":"product","2":"type-product","3":"status-publish","4":"has-post-thumbnail","6":"product_cat-pine-furniture-drewmax","7":"product_cat-bedroom-beds","8":"product_cat-drewmax","10":"first","11":"instock","12":"purchasable","13":"product-type-simple"},"_links":{"self":[{"href":"https:\/\/baldumarket.lt\/lt\/wp-json\/wp\/v2\/product\/82683","targetHints":{"allow":["GET"]}}],"collection":[{"href":"https:\/\/baldumarket.lt\/lt\/wp-json\/wp\/v2\/product"}],"about":[{"href":"https:\/\/baldumarket.lt\/lt\/wp-json\/wp\/v2\/types\/product"}],"replies":[{"embeddable":true,"href":"https:\/\/baldumarket.lt\/lt\/wp-json\/wp\/v2\/comments?post=82683"}],"wp:featuredmedia":[{"embeddable":true,"href":"https:\/\/baldumarket.lt\/lt\/wp-json\/wp\/v2\/media\/82684"}],"wp:attachment":[{"href":"https:\/\/baldumarket.lt\/lt\/wp-json\/wp\/v2\/media?parent=82683"}],"wp:term":[{"taxonomy":"product_brand","embeddable":true,"href":"https:\/\/baldumarket.lt\/lt\/wp-json\/wp\/v2\/product_brand?post=82683"},{"taxonomy":"product_cat","embeddable":true,"href":"https:\/\/baldumarket.lt\/lt\/wp-json\/wp\/v2\/product_cat?post=82683"},{"taxonomy":"product_tag","embeddable":true,"href":"https:\/\/baldumarket.lt\/lt\/wp-json\/wp\/v2\/product_tag?post=82683"}],"curies":[{"name":"wp","href":"https:\/\/api.w.org\/{rel}","templated":true}]}}