{"id":82680,"date":"2025-12-04T22:49:53","date_gmt":"2025-12-04T19:49:53","guid":{"rendered":"https:\/\/baldumarket.lt\/product\/lozko-sosnowe-lk135-sosna-surowy-nielakierowany\/"},"modified":"2026-02-04T00:30:42","modified_gmt":"2026-02-03T21:30:42","slug":"lozko-sosnowe-lk135-sosna-surowy-nielakierowany","status":"publish","type":"product","link":"https:\/\/baldumarket.lt\/lt\/product\/lozko-sosnowe-lk135-sosna-surowy-nielakierowany\/","title":{"rendered":"Pu\u0161in\u0117 lova LK135, neapdorota pu\u0161is, nelakuota"},"content":{"rendered":"<p>Furniture manufacturer Drewmax values \u200b\u200bnot only the aesthetics but also the functionality of its products. That&#8217;s why the LK135 mezzanine children&#8217;s bed was designed to minimize the space required in a small children&#8217;s room. The space under the mattress is easy to fit cabinets, a desk, or create a play area for your child. The mezzanine is made of solid pine wood and features a stable wooden ladder. The warmth of natural wood and a protective barrier will make children feel safe and comfortable. Only ecological, anti-allergic, and child-safe water-based varnishes are used in the production process.<\/p>\n<p>The bed frame and mattress are sold separately.<\/p>\n","protected":false},"excerpt":{"rendered":"<p>Furniture manufacturer Drewmax values \u200b\u200bnot only the aesthetics but also the functionality of its products. That&#8217;s why the LK135 mezzanine children&#8217;s bed was designed to minimize the space required in a small children&#8217;s room. The space under the mattress is easy to fit cabinets, a desk, or create a play area for your child. The [&hellip;]<\/p>\n","protected":false},"featured_media":82681,"comment_status":"open","ping_status":"open","template":"","meta":[],"product_brand":[],"product_cat":[9305,505,2113],"product_tag":[],"class_list":{"0":"post-82680","1":"product","2":"type-product","3":"status-publish","4":"has-post-thumbnail","6":"product_cat-pine-furniture-drewmax","7":"product_cat-bedroom-beds","8":"product_cat-drewmax","10":"first","11":"instock","12":"purchasable","13":"product-type-simple"},"_links":{"self":[{"href":"https:\/\/baldumarket.lt\/lt\/wp-json\/wp\/v2\/product\/82680","targetHints":{"allow":["GET"]}}],"collection":[{"href":"https:\/\/baldumarket.lt\/lt\/wp-json\/wp\/v2\/product"}],"about":[{"href":"https:\/\/baldumarket.lt\/lt\/wp-json\/wp\/v2\/types\/product"}],"replies":[{"embeddable":true,"href":"https:\/\/baldumarket.lt\/lt\/wp-json\/wp\/v2\/comments?post=82680"}],"wp:featuredmedia":[{"embeddable":true,"href":"https:\/\/baldumarket.lt\/lt\/wp-json\/wp\/v2\/media\/82681"}],"wp:attachment":[{"href":"https:\/\/baldumarket.lt\/lt\/wp-json\/wp\/v2\/media?parent=82680"}],"wp:term":[{"taxonomy":"product_brand","embeddable":true,"href":"https:\/\/baldumarket.lt\/lt\/wp-json\/wp\/v2\/product_brand?post=82680"},{"taxonomy":"product_cat","embeddable":true,"href":"https:\/\/baldumarket.lt\/lt\/wp-json\/wp\/v2\/product_cat?post=82680"},{"taxonomy":"product_tag","embeddable":true,"href":"https:\/\/baldumarket.lt\/lt\/wp-json\/wp\/v2\/product_tag?post=82680"}],"curies":[{"name":"wp","href":"https:\/\/api.w.org\/{rel}","templated":true}]}}