{"id":82674,"date":"2025-12-04T22:49:49","date_gmt":"2025-12-04T19:49:49","guid":{"rendered":"https:\/\/baldumarket.lt\/product\/lozko-sosnowe-lk136-ii-sosna-surowy-nielakierowany\/"},"modified":"2026-02-04T00:30:43","modified_gmt":"2026-02-03T21:30:43","slug":"lozko-sosnowe-lk136-ii-sosna-surowy-nielakierowany","status":"publish","type":"product","link":"https:\/\/baldumarket.lt\/lt\/product\/lozko-sosnowe-lk136-ii-sosna-surowy-nielakierowany\/","title":{"rendered":"Pu\u0161in\u0117 lova LK136\/II neapdorota pu\u0161is, nelakuota"},"content":{"rendered":"<p>Bald\u0173 gamintojas \u201eDrewmax\u201c vertina ne tik estetik\u0105, bet ir savo gamini\u0173 funkcionalum\u0105. Tod\u0117l dviauk\u0161t\u0117 lova LK136\/II buvo sukurta siekiant suma\u017einti reikiam\u0105 erdv\u0119 ma\u017eame vaik\u0173 kambaryje. Joje yra stabilios medin\u0117s kop\u0117t\u0117l\u0117s. Nat\u016bralios medienos \u0161iluma ir apsauginis barjeras leis vaikams jaustis saugiai ir patogiai. Gamybos procese naudojami tik ekologi\u0161ki, antialerginiai ir vaikams saug\u016bs vandens pagrindo lakai.<\/p>","protected":false},"excerpt":{"rendered":"<p>Bald\u0173 gamintojas \u201eDrewmax\u201c vertina ne tik estetik\u0105, bet ir savo gamini\u0173 funkcionalum\u0105. Tod\u0117l dviauk\u0161t\u0117 lova LK136\/II buvo sukurta siekiant suma\u017einti reikiam\u0105 erdv\u0119 ma\u017eame vaik\u0173 kambaryje. Joje yra stabilios medin\u0117s kop\u0117t\u0117l\u0117s. Nat\u016bralios medienos \u0161iluma ir apsaugin\u0117 u\u017etvara leis vaikams jaustis saugiai ir patogiai. [\u2026]<\/p>","protected":false},"featured_media":82675,"comment_status":"open","ping_status":"open","template":"","meta":[],"product_brand":[],"product_cat":[9305,505,2113],"product_tag":[],"class_list":{"0":"post-82674","1":"product","2":"type-product","3":"status-publish","4":"has-post-thumbnail","6":"product_cat-pine-furniture-drewmax","7":"product_cat-bedroom-beds","8":"product_cat-drewmax","10":"first","11":"instock","12":"purchasable","13":"product-type-simple"},"_links":{"self":[{"href":"https:\/\/baldumarket.lt\/lt\/wp-json\/wp\/v2\/product\/82674","targetHints":{"allow":["GET"]}}],"collection":[{"href":"https:\/\/baldumarket.lt\/lt\/wp-json\/wp\/v2\/product"}],"about":[{"href":"https:\/\/baldumarket.lt\/lt\/wp-json\/wp\/v2\/types\/product"}],"replies":[{"embeddable":true,"href":"https:\/\/baldumarket.lt\/lt\/wp-json\/wp\/v2\/comments?post=82674"}],"wp:featuredmedia":[{"embeddable":true,"href":"https:\/\/baldumarket.lt\/lt\/wp-json\/wp\/v2\/media\/82675"}],"wp:attachment":[{"href":"https:\/\/baldumarket.lt\/lt\/wp-json\/wp\/v2\/media?parent=82674"}],"wp:term":[{"taxonomy":"product_brand","embeddable":true,"href":"https:\/\/baldumarket.lt\/lt\/wp-json\/wp\/v2\/product_brand?post=82674"},{"taxonomy":"product_cat","embeddable":true,"href":"https:\/\/baldumarket.lt\/lt\/wp-json\/wp\/v2\/product_cat?post=82674"},{"taxonomy":"product_tag","embeddable":true,"href":"https:\/\/baldumarket.lt\/lt\/wp-json\/wp\/v2\/product_tag?post=82674"}],"curies":[{"name":"wp","href":"https:\/\/api.w.org\/{rel}","templated":true}]}}