{"id":82671,"date":"2025-12-04T22:49:46","date_gmt":"2025-12-04T19:49:46","guid":{"rendered":"https:\/\/baldumarket.lt\/product\/lozko-sosnowe-lk155-sosna-surowy-nielakierowany\/"},"modified":"2026-02-04T00:30:43","modified_gmt":"2026-02-03T21:30:43","slug":"lozko-sosnowe-lk155-sosna-surowy-nielakierowany","status":"publish","type":"product","link":"https:\/\/baldumarket.lt\/lt\/product\/lozko-sosnowe-lk155-sosna-surowy-nielakierowany\/","title":{"rendered":"Pu\u0161in\u0117 lova LK155 neapdorota pu\u0161is, nelakuota"},"content":{"rendered":"<p>Bald\u0173 gamintojas \u201eDrewmax\u201c vertina ne tik estetik\u0105, bet ir savo gamini\u0173 funkcionalum\u0105. \u0160tai kod\u0117l LK155 dviauk\u0161t\u0117 lova derina gra\u017e\u0173, modern\u0173 dizain\u0105 ir komfort\u0105. Pagaminta i\u0161 auk\u0161tos kokyb\u0117s pu\u0161ies medienos, ji pasi\u017eymi patvaria ir stabilia konstrukcija. Unikali savyb\u0117 \u2013 dvigubas apatinio dviauk\u0161t\u0117s lovos \u010diu\u017einio r\u0117mas. Prakti\u0161kas sprendimas ir auk\u0161\u010diausios kokyb\u0117s meistri\u0161kumas.<\/p>\n<p>Lovos r\u0117mas ir \u010diu\u017einys parduodami atskirai.<\/p>","protected":false},"excerpt":{"rendered":"<p>Bald\u0173 gamintojas \u201eDrewmax\u201c vertina ne tik estetik\u0105, bet ir savo gamini\u0173 funkcionalum\u0105. \u0160tai kod\u0117l LK155 dviauk\u0161t\u0117 lova derina gra\u017e\u0173, modern\u0173 dizain\u0105 ir komfort\u0105. Pagaminta i\u0161 auk\u0161tos kokyb\u0117s pu\u0161ies medienos, ji pasi\u017eymi patvaria ir stabilia konstrukcija. Unikali savyb\u0117 \u2013 dvigubas apatinio dviauk\u0161t\u0117s lovos \u010diu\u017einio r\u0117mas. Prakti\u0161kas sprendimas ir [\u2026]<\/p>","protected":false},"featured_media":82672,"comment_status":"open","ping_status":"open","template":"","meta":[],"product_brand":[],"product_cat":[9305,505,2113],"product_tag":[],"class_list":{"0":"post-82671","1":"product","2":"type-product","3":"status-publish","4":"has-post-thumbnail","6":"product_cat-pine-furniture-drewmax","7":"product_cat-bedroom-beds","8":"product_cat-drewmax","10":"first","11":"instock","12":"purchasable","13":"product-type-simple"},"_links":{"self":[{"href":"https:\/\/baldumarket.lt\/lt\/wp-json\/wp\/v2\/product\/82671","targetHints":{"allow":["GET"]}}],"collection":[{"href":"https:\/\/baldumarket.lt\/lt\/wp-json\/wp\/v2\/product"}],"about":[{"href":"https:\/\/baldumarket.lt\/lt\/wp-json\/wp\/v2\/types\/product"}],"replies":[{"embeddable":true,"href":"https:\/\/baldumarket.lt\/lt\/wp-json\/wp\/v2\/comments?post=82671"}],"wp:featuredmedia":[{"embeddable":true,"href":"https:\/\/baldumarket.lt\/lt\/wp-json\/wp\/v2\/media\/82672"}],"wp:attachment":[{"href":"https:\/\/baldumarket.lt\/lt\/wp-json\/wp\/v2\/media?parent=82671"}],"wp:term":[{"taxonomy":"product_brand","embeddable":true,"href":"https:\/\/baldumarket.lt\/lt\/wp-json\/wp\/v2\/product_brand?post=82671"},{"taxonomy":"product_cat","embeddable":true,"href":"https:\/\/baldumarket.lt\/lt\/wp-json\/wp\/v2\/product_cat?post=82671"},{"taxonomy":"product_tag","embeddable":true,"href":"https:\/\/baldumarket.lt\/lt\/wp-json\/wp\/v2\/product_tag?post=82671"}],"curies":[{"name":"wp","href":"https:\/\/api.w.org\/{rel}","templated":true}]}}