{"id":82617,"date":"2025-12-04T22:49:02","date_gmt":"2025-12-04T19:49:02","guid":{"rendered":"https:\/\/baldumarket.lt\/product\/regal-sosnowy-rg125-sosna-olcha\/"},"modified":"2026-02-04T00:30:53","modified_gmt":"2026-02-03T21:30:53","slug":"regal-sosnowy-rg125-sosna-olcha","status":"publish","type":"product","link":"https:\/\/baldumarket.lt\/lt\/product\/regal-sosnowy-rg125-sosna-olcha\/","title":{"rendered":"Pu\u0161in\u0117 lentyna RG125 pu\u0161is-alksnis"},"content":{"rendered":"<p>RG125 pu\u0161in\u0117 lentyna pasi\u017eymi paprastu, ta\u010diau funkcionaliu dizainu, tod\u0117l puikiai tinka beveik bet kokiam interjerui ir puikiai tinka \u012fvairiems nam\u0173 apyvokos daiktams laikyti. Nat\u016brali mediena su ai\u0161kiai matoma tekst\u016bra suteikia jai nesenstan\u010dio \u017eavesio.<\/p>","protected":false},"excerpt":{"rendered":"<p>RG125 pu\u0161in\u0117 lentyna pasi\u017eymi paprastu, ta\u010diau funkcionaliu dizainu, tod\u0117l puikiai tinka beveik bet kokiam interjerui ir puikiai tinka \u012fvairiems nam\u0173 apyvokos daiktams laikyti. Nat\u016brali mediena su ai\u0161kiai matoma tekst\u016bra suteikia jai nesenstan\u010dio \u017eavesio.<\/p>","protected":false},"featured_media":82615,"comment_status":"open","ping_status":"open","template":"","meta":[],"product_brand":[],"product_cat":[9305,2113,1987],"product_tag":[],"class_list":{"0":"post-82617","1":"product","2":"type-product","3":"status-publish","4":"has-post-thumbnail","6":"product_cat-pine-furniture-drewmax","7":"product_cat-drewmax","8":"product_cat-shelving-units","10":"first","11":"instock","12":"purchasable","13":"product-type-simple"},"_links":{"self":[{"href":"https:\/\/baldumarket.lt\/lt\/wp-json\/wp\/v2\/product\/82617","targetHints":{"allow":["GET"]}}],"collection":[{"href":"https:\/\/baldumarket.lt\/lt\/wp-json\/wp\/v2\/product"}],"about":[{"href":"https:\/\/baldumarket.lt\/lt\/wp-json\/wp\/v2\/types\/product"}],"replies":[{"embeddable":true,"href":"https:\/\/baldumarket.lt\/lt\/wp-json\/wp\/v2\/comments?post=82617"}],"wp:featuredmedia":[{"embeddable":true,"href":"https:\/\/baldumarket.lt\/lt\/wp-json\/wp\/v2\/media\/82615"}],"wp:attachment":[{"href":"https:\/\/baldumarket.lt\/lt\/wp-json\/wp\/v2\/media?parent=82617"}],"wp:term":[{"taxonomy":"product_brand","embeddable":true,"href":"https:\/\/baldumarket.lt\/lt\/wp-json\/wp\/v2\/product_brand?post=82617"},{"taxonomy":"product_cat","embeddable":true,"href":"https:\/\/baldumarket.lt\/lt\/wp-json\/wp\/v2\/product_cat?post=82617"},{"taxonomy":"product_tag","embeddable":true,"href":"https:\/\/baldumarket.lt\/lt\/wp-json\/wp\/v2\/product_tag?post=82617"}],"curies":[{"name":"wp","href":"https:\/\/api.w.org\/{rel}","templated":true}]}}