{"id":82610,"date":"2025-12-04T22:48:55","date_gmt":"2025-12-04T19:48:55","guid":{"rendered":"https:\/\/baldumarket.lt\/product\/skrzynia-sosnowa-ks105-sosna-surowy-nielakierowany\/"},"modified":"2026-02-04T00:30:54","modified_gmt":"2026-02-03T21:30:54","slug":"skrzynia-sosnowa-ks105-sosna-surowy-nielakierowany","status":"publish","type":"product","link":"https:\/\/baldumarket.lt\/lt\/product\/skrzynia-sosnowa-ks105-sosna-surowy-nielakierowany\/","title":{"rendered":"Pu\u0161in\u0117 komoda KS105, neapdorota pu\u0161is, nelakuota"},"content":{"rendered":"<p>Stilinga KS105 komoda pagaminta i\u0161 tvirtos pu\u0161ies medienos. Jos dizainas papildo \u201eHighlander\u201c stili\u0173. Ji puikiai tinka ma\u017eesniems daiktams laikyti koridoriuje ar vaiko kambaryje.<\/p>","protected":false},"excerpt":{"rendered":"<p>Stilinga KS105 komoda pagaminta i\u0161 tvirtos pu\u0161ies medienos. Jos dizainas papildo \u201eHighlander\u201c stili\u0173. Ji puikiai tinka ma\u017eesniems daiktams laikyti koridoriuje ar vaiko kambaryje.<\/p>","protected":false},"featured_media":82611,"comment_status":"open","ping_status":"open","template":"","meta":[],"product_brand":[],"product_cat":[9305,9120,2113],"product_tag":[],"class_list":{"0":"post-82610","1":"product","2":"type-product","3":"status-publish","4":"has-post-thumbnail","6":"product_cat-pine-furniture-drewmax","7":"product_cat-cabinets","8":"product_cat-drewmax","10":"first","11":"instock","12":"purchasable","13":"product-type-simple"},"_links":{"self":[{"href":"https:\/\/baldumarket.lt\/lt\/wp-json\/wp\/v2\/product\/82610","targetHints":{"allow":["GET"]}}],"collection":[{"href":"https:\/\/baldumarket.lt\/lt\/wp-json\/wp\/v2\/product"}],"about":[{"href":"https:\/\/baldumarket.lt\/lt\/wp-json\/wp\/v2\/types\/product"}],"replies":[{"embeddable":true,"href":"https:\/\/baldumarket.lt\/lt\/wp-json\/wp\/v2\/comments?post=82610"}],"wp:featuredmedia":[{"embeddable":true,"href":"https:\/\/baldumarket.lt\/lt\/wp-json\/wp\/v2\/media\/82611"}],"wp:attachment":[{"href":"https:\/\/baldumarket.lt\/lt\/wp-json\/wp\/v2\/media?parent=82610"}],"wp:term":[{"taxonomy":"product_brand","embeddable":true,"href":"https:\/\/baldumarket.lt\/lt\/wp-json\/wp\/v2\/product_brand?post=82610"},{"taxonomy":"product_cat","embeddable":true,"href":"https:\/\/baldumarket.lt\/lt\/wp-json\/wp\/v2\/product_cat?post=82610"},{"taxonomy":"product_tag","embeddable":true,"href":"https:\/\/baldumarket.lt\/lt\/wp-json\/wp\/v2\/product_tag?post=82610"}],"curies":[{"name":"wp","href":"https:\/\/api.w.org\/{rel}","templated":true}]}}