{"id":82602,"date":"2025-12-04T22:48:49","date_gmt":"2025-12-04T19:48:49","guid":{"rendered":"https:\/\/baldumarket.lt\/product\/stelaz-drewniany-listewkowy-sosna-naturalny\/"},"modified":"2026-02-04T00:30:54","modified_gmt":"2026-02-03T21:30:54","slug":"stelaz-drewniany-listewkowy-sosna-naturalny","status":"publish","type":"product","link":"https:\/\/baldumarket.lt\/lt\/product\/stelaz-drewniany-listewkowy-sosna-naturalny\/","title":{"rendered":"Medinis groteli\u0173 r\u0117mas, nat\u016bralus pu\u0161is"},"content":{"rendered":"<p>\u010ciu\u017einio \u0161erdis pagaminta i\u0161 tvirtos pu\u0161ies medienos. J\u012f sudaro 20 lenteli\u0173, sujungt\u0173 apmu\u0161al\u0173 juosta. Lentel\u0117s yra lygios ir suapvalinti kra\u0161tai. Tarpai tarp lenteli\u0173 u\u017etikrina tinkam\u0105 oro cirkuliacij\u0105 \u010diu\u017einio viduje. Galimi plo\u010diai: S80, S90, S100, S120, S140 ir S160.<\/p>","protected":false},"excerpt":{"rendered":"<p>\u010ciu\u017einio \u0161erdis pagaminta i\u0161 tvirtos pu\u0161ies medienos. J\u012f sudaro 20 lenteli\u0173, sujungt\u0173 apmu\u0161al\u0173 juosta. Lentel\u0117s yra lygios ir suapvalinti kra\u0161tai. Tarpai tarp lenteli\u0173 u\u017etikrina tinkam\u0105 oro cirkuliacij\u0105 \u010diu\u017einio viduje. Galimi plo\u010diai: S80, S90, S100, S120, S140 ir S160.<\/p>","protected":false},"featured_media":82603,"comment_status":"open","ping_status":"open","template":"","meta":[],"product_brand":[],"product_cat":[9310,2113,1043],"product_tag":[],"class_list":{"0":"post-82602","1":"product","2":"type-product","3":"status-publish","4":"has-post-thumbnail","6":"product_cat-bed-racks-drewmax","7":"product_cat-drewmax","8":"product_cat-extras","9":"pa_length-cm-2123","11":"first","12":"instock","13":"purchasable","14":"product-type-simple"},"_links":{"self":[{"href":"https:\/\/baldumarket.lt\/lt\/wp-json\/wp\/v2\/product\/82602","targetHints":{"allow":["GET"]}}],"collection":[{"href":"https:\/\/baldumarket.lt\/lt\/wp-json\/wp\/v2\/product"}],"about":[{"href":"https:\/\/baldumarket.lt\/lt\/wp-json\/wp\/v2\/types\/product"}],"replies":[{"embeddable":true,"href":"https:\/\/baldumarket.lt\/lt\/wp-json\/wp\/v2\/comments?post=82602"}],"wp:featuredmedia":[{"embeddable":true,"href":"https:\/\/baldumarket.lt\/lt\/wp-json\/wp\/v2\/media\/82603"}],"wp:attachment":[{"href":"https:\/\/baldumarket.lt\/lt\/wp-json\/wp\/v2\/media?parent=82602"}],"wp:term":[{"taxonomy":"product_brand","embeddable":true,"href":"https:\/\/baldumarket.lt\/lt\/wp-json\/wp\/v2\/product_brand?post=82602"},{"taxonomy":"product_cat","embeddable":true,"href":"https:\/\/baldumarket.lt\/lt\/wp-json\/wp\/v2\/product_cat?post=82602"},{"taxonomy":"product_tag","embeddable":true,"href":"https:\/\/baldumarket.lt\/lt\/wp-json\/wp\/v2\/product_tag?post=82602"}],"curies":[{"name":"wp","href":"https:\/\/api.w.org\/{rel}","templated":true}]}}