{"id":82600,"date":"2025-12-04T22:48:47","date_gmt":"2025-12-04T19:48:47","guid":{"rendered":"https:\/\/baldumarket.lt\/product\/stolik-kawowy-sosnowy-st115-sosna-surowy-nielakierowany\/"},"modified":"2026-02-04T00:30:55","modified_gmt":"2026-02-03T21:30:55","slug":"stolik-kawowy-sosnowy-st115-sosna-surowy-nielakierowany","status":"publish","type":"product","link":"https:\/\/baldumarket.lt\/lt\/product\/stolik-kawowy-sosnowy-st115-sosna-surowy-nielakierowany\/","title":{"rendered":"Pu\u0161inis kavos staliukas ST115, neapdorota pu\u0161is, nelakuotas"},"content":{"rendered":"<p>ST115 \u2013 tai pu\u0161inis kavos staliukas, puikiai derinantis klasikin\u012f dizain\u0105 su funkcionalumu, leid\u017eiantis sukurti prakti\u0161k\u0105 ir mading\u0105 svetain\u0117s i\u0161d\u0117stym\u0105. Kompakti\u0161kas jo dizainas bus puikus svetain\u0117s bald\u0173 komplekto papildymas. Lentyna, esanti tiesiai po kavos staliuku, \u017eymiai padidina jo funkcionalum\u0105 \u2013 atlaisvina viet\u0105 ant stalo ir padeda palaikyti tvark\u0105.<\/p>","protected":false},"excerpt":{"rendered":"<p>ST115 \u2013 tai pu\u0161inis kavos staliukas, puikiai derinantis klasikin\u012f dizain\u0105 su funkcionalumu, leid\u017eiantis sukurti prakti\u0161k\u0105 ir mading\u0105 svetain\u0117s i\u0161d\u0117stym\u0105. Kompakti\u0161kas jo dizainas bus puikus svetain\u0117s komplekto papildymas. Lentyna, esanti tiesiai po kavos staliuku, \u017eymiai padidina jo funkcionalum\u0105 \u2013 atlaisvina vietos ant stalo ir [\u2026]<\/p>","protected":false},"featured_media":82601,"comment_status":"open","ping_status":"open","template":"","meta":[],"product_brand":[],"product_cat":[866,2113],"product_tag":[],"class_list":{"0":"post-82600","1":"product","2":"type-product","3":"status-publish","4":"has-post-thumbnail","6":"product_cat-coffee-tables","7":"product_cat-drewmax","9":"first","10":"instock","11":"purchasable","12":"product-type-simple"},"_links":{"self":[{"href":"https:\/\/baldumarket.lt\/lt\/wp-json\/wp\/v2\/product\/82600","targetHints":{"allow":["GET"]}}],"collection":[{"href":"https:\/\/baldumarket.lt\/lt\/wp-json\/wp\/v2\/product"}],"about":[{"href":"https:\/\/baldumarket.lt\/lt\/wp-json\/wp\/v2\/types\/product"}],"replies":[{"embeddable":true,"href":"https:\/\/baldumarket.lt\/lt\/wp-json\/wp\/v2\/comments?post=82600"}],"wp:featuredmedia":[{"embeddable":true,"href":"https:\/\/baldumarket.lt\/lt\/wp-json\/wp\/v2\/media\/82601"}],"wp:attachment":[{"href":"https:\/\/baldumarket.lt\/lt\/wp-json\/wp\/v2\/media?parent=82600"}],"wp:term":[{"taxonomy":"product_brand","embeddable":true,"href":"https:\/\/baldumarket.lt\/lt\/wp-json\/wp\/v2\/product_brand?post=82600"},{"taxonomy":"product_cat","embeddable":true,"href":"https:\/\/baldumarket.lt\/lt\/wp-json\/wp\/v2\/product_cat?post=82600"},{"taxonomy":"product_tag","embeddable":true,"href":"https:\/\/baldumarket.lt\/lt\/wp-json\/wp\/v2\/product_tag?post=82600"}],"curies":[{"name":"wp","href":"https:\/\/api.w.org\/{rel}","templated":true}]}}