{"id":82587,"date":"2025-12-04T22:48:36","date_gmt":"2025-12-04T19:48:36","guid":{"rendered":"https:\/\/baldumarket.lt\/product\/stol-sosnowy-st120-sosna-surowy-nielakierowany\/"},"modified":"2026-02-04T00:30:55","modified_gmt":"2026-02-03T21:30:55","slug":"stol-sosnowy-st120-sosna-surowy-nielakierowany","status":"publish","type":"product","link":"https:\/\/baldumarket.lt\/lt\/product\/stol-sosnowy-st120-sosna-surowy-nielakierowany\/","title":{"rendered":"Pu\u0161inis stalas ST120, neapdorota pu\u0161is, nelakuotas"},"content":{"rendered":"<p>Dizainerio ST120 pu\u0161ies stalas viename gaminyje apjungia funkcionalum\u0105 ir estetik\u0105. Pagamintas i\u0161 auk\u0161\u010diausios kokyb\u0117s pu\u0161ies, jis pasi\u017eymi ne tik tvirta konstrukcija, bet ir unikalia apdaila. Erdvus, \u0161iek tiek nuo\u017eulnus stalvir\u0161is su u\u017eapvalintais kampais leid\u017eia lengvai j\u012f naudoti, tuo pa\u010diu suteikdamas elegancijos ir presti\u017eo kambariui, kuriame jis pastatytas. Stalvir\u0161io storis yra 2,5 cm. Subtilios, nuo\u017eulnios kojel\u0117s suteikia visai konstrukcijai lengvumo ir u\u017etikrina stabilum\u0105 naudojimo metu. Stilingas stalas yra daugiau nei baldas; tai geriausia j\u016bs\u0173 nam\u0173 vitrina. Stalas da\u017enai yra \u0161eimos gyvenimo traukos centras.<\/p>\n<p>ST120 pu\u0161inis stalas yra trij\u0173 dyd\u017ei\u0173, tod\u0117l j\u012f lengva pritaikyti bet kokiam interjerui, nepriklausomai nuo jo dyd\u017eio. Nepriklausomai nuo pasirinktos versijos, ST120 stalas visada bus unikalus dekoratyvinis elementas, suteiksiantis j\u016bs\u0173 kambariui charakterio ir stiliaus.<\/p>","protected":false},"excerpt":{"rendered":"<p>Dizainerio ST120 pu\u0161ies stalas viename gaminyje sujungia funkcionalum\u0105 ir estetik\u0105. Pagamintas i\u0161 auk\u0161\u010diausios kokyb\u0117s pu\u0161ies, jis pasi\u017eymi ne tik tvirta konstrukcija, bet ir unikalia apdaila. Erdvus, \u0161iek tiek nuo\u017eulnus stalvir\u0161is su u\u017eapvalintais kampais leid\u017eia lengvai juo naudotis, tuo pa\u010diu suteikdamas elegancijos ir presti\u017eo kambariui, kuriame [\u2026]<\/p>","protected":false},"featured_media":82588,"comment_status":"open","ping_status":"open","template":"","meta":[],"product_brand":[],"product_cat":[9305,2113,1934],"product_tag":[],"class_list":{"0":"post-82587","1":"product","2":"type-product","3":"status-publish","4":"has-post-thumbnail","6":"product_cat-pine-furniture-drewmax","7":"product_cat-drewmax","8":"product_cat-tables","10":"first","11":"instock","12":"purchasable","13":"product-type-simple"},"_links":{"self":[{"href":"https:\/\/baldumarket.lt\/lt\/wp-json\/wp\/v2\/product\/82587","targetHints":{"allow":["GET"]}}],"collection":[{"href":"https:\/\/baldumarket.lt\/lt\/wp-json\/wp\/v2\/product"}],"about":[{"href":"https:\/\/baldumarket.lt\/lt\/wp-json\/wp\/v2\/types\/product"}],"replies":[{"embeddable":true,"href":"https:\/\/baldumarket.lt\/lt\/wp-json\/wp\/v2\/comments?post=82587"}],"wp:featuredmedia":[{"embeddable":true,"href":"https:\/\/baldumarket.lt\/lt\/wp-json\/wp\/v2\/media\/82588"}],"wp:attachment":[{"href":"https:\/\/baldumarket.lt\/lt\/wp-json\/wp\/v2\/media?parent=82587"}],"wp:term":[{"taxonomy":"product_brand","embeddable":true,"href":"https:\/\/baldumarket.lt\/lt\/wp-json\/wp\/v2\/product_brand?post=82587"},{"taxonomy":"product_cat","embeddable":true,"href":"https:\/\/baldumarket.lt\/lt\/wp-json\/wp\/v2\/product_cat?post=82587"},{"taxonomy":"product_tag","embeddable":true,"href":"https:\/\/baldumarket.lt\/lt\/wp-json\/wp\/v2\/product_tag?post=82587"}],"curies":[{"name":"wp","href":"https:\/\/api.w.org\/{rel}","templated":true}]}}