{"id":82583,"date":"2025-12-04T22:48:32","date_gmt":"2025-12-04T19:48:32","guid":{"rendered":"https:\/\/baldumarket.lt\/product\/stol-sosnowy-st121-sosna-surowy-nielakierowany\/"},"modified":"2026-02-04T00:30:56","modified_gmt":"2026-02-03T21:30:56","slug":"stol-sosnowy-st121-sosna-surowy-nielakierowany","status":"publish","type":"product","link":"https:\/\/baldumarket.lt\/lt\/product\/stol-sosnowy-st121-sosna-surowy-nielakierowany\/","title":{"rendered":"Pu\u0161inis stalas ST121, neapdorota pu\u0161is, nelakuota"},"content":{"rendered":"<p>Apvalus pu\u0161ies stalas ST121 viename gaminyje sujungia funkcionalum\u0105 ir estetik\u0105. Pagamintas i\u0161 auk\u0161\u010diausios kokyb\u0117s pu\u0161ies, jis pasi\u017eymi ne tik tvirta konstrukcija, bet ir unikalia apdaila. Erdvus, \u0161iek tiek nuo\u017eulnus 2,5 cm storio stalvir\u0161is leid\u017eia lengvai naudoti stalo pavir\u0161i\u0173 ir suteikia elegancijos bei presti\u017eo kambariui, kuriame jis pastatytas. Subtilios, nuo\u017eulnios kojel\u0117s suteikia visai konstrukcijai lengvumo ir u\u017etikrina stabilum\u0105 naudojimo metu. Stilingas stalas yra daugiau nei baldas; tai geriausia j\u016bs\u0173 nam\u0173 vitrina. Stalas da\u017enai yra \u0161eimos gyvenimo traukos centras.<\/p>","protected":false},"excerpt":{"rendered":"<p>Apvalus pu\u0161ies stalas ST121 viename gaminyje sujungia funkcionalum\u0105 ir estetik\u0105. Pagamintas i\u0161 auk\u0161\u010diausios kokyb\u0117s pu\u0161ies, jis pasi\u017eymi ne tik tvirta konstrukcija, bet ir unikalia apdaila. Erdvus, \u0161iek tiek nuo\u017eulnus, 2,5 cm storio stalvir\u0161is leid\u017eia lengvai naudoti stalo pavir\u0161i\u0173 ir suteikia kambariui elegancijos bei presti\u017eo [\u2026]<\/p>","protected":false},"featured_media":82584,"comment_status":"open","ping_status":"open","template":"","meta":[],"product_brand":[],"product_cat":[9305,2113,1934],"product_tag":[],"class_list":{"0":"post-82583","1":"product","2":"type-product","3":"status-publish","4":"has-post-thumbnail","6":"product_cat-pine-furniture-drewmax","7":"product_cat-drewmax","8":"product_cat-tables","10":"first","11":"instock","12":"purchasable","13":"product-type-simple"},"_links":{"self":[{"href":"https:\/\/baldumarket.lt\/lt\/wp-json\/wp\/v2\/product\/82583","targetHints":{"allow":["GET"]}}],"collection":[{"href":"https:\/\/baldumarket.lt\/lt\/wp-json\/wp\/v2\/product"}],"about":[{"href":"https:\/\/baldumarket.lt\/lt\/wp-json\/wp\/v2\/types\/product"}],"replies":[{"embeddable":true,"href":"https:\/\/baldumarket.lt\/lt\/wp-json\/wp\/v2\/comments?post=82583"}],"wp:featuredmedia":[{"embeddable":true,"href":"https:\/\/baldumarket.lt\/lt\/wp-json\/wp\/v2\/media\/82584"}],"wp:attachment":[{"href":"https:\/\/baldumarket.lt\/lt\/wp-json\/wp\/v2\/media?parent=82583"}],"wp:term":[{"taxonomy":"product_brand","embeddable":true,"href":"https:\/\/baldumarket.lt\/lt\/wp-json\/wp\/v2\/product_brand?post=82583"},{"taxonomy":"product_cat","embeddable":true,"href":"https:\/\/baldumarket.lt\/lt\/wp-json\/wp\/v2\/product_cat?post=82583"},{"taxonomy":"product_tag","embeddable":true,"href":"https:\/\/baldumarket.lt\/lt\/wp-json\/wp\/v2\/product_tag?post=82583"}],"curies":[{"name":"wp","href":"https:\/\/api.w.org\/{rel}","templated":true}]}}