{"id":82576,"date":"2025-12-04T22:48:26","date_gmt":"2025-12-04T19:48:26","guid":{"rendered":"https:\/\/baldumarket.lt\/product\/szafka-na-buty-sosnowa-sb116-sosna-surowy-nielakierowany\/"},"modified":"2026-02-04T00:30:56","modified_gmt":"2026-02-03T21:30:56","slug":"szafka-na-buty-sosnowa-sb116-sosna-surowy-nielakierowany","status":"publish","type":"product","link":"https:\/\/baldumarket.lt\/lt\/product\/szafka-na-buty-sosnowa-sb116-sosna-surowy-nielakierowany\/","title":{"rendered":"Bat\u0173 spintel\u0117 SB116, neapdorota pu\u0161is, nelakuota"},"content":{"rendered":"<p>Funkcionali bat\u0173 spintel\u0117 SB116, pagaminta i\u0161 tvirtos pu\u0161ies medienos, puikiai tinka prie\u0161kambariui. Viduje yra du funkcional\u016bs skyriai, kuriuose lengvai tilps vis\u0173 nam\u0173 \u016bkio nari\u0173 avalyn\u0117. Konstrukcija turi stabil\u0173 stalvir\u0161\u012f, puikiai tinkant\u012f kepuri\u0173 krep\u0161eliui ar rakt\u0173 pakabukui.<\/p>","protected":false},"excerpt":{"rendered":"<p>Funkcionali bat\u0173 spintel\u0117 SB116, pagaminta i\u0161 tvirtos pu\u0161ies medienos, puikiai tinka prie\u0161kambariui. Viduje yra du funkcional\u016bs skyriai, kuriuose lengvai tilps vis\u0173 nam\u0173 \u016bkio nari\u0173 avalyn\u0117. Konstrukcija turi stabil\u0173 stalvir\u0161\u012f, puikiai tinkant\u012f kepuri\u0173 krep\u0161eliui ar rakt\u0173 pakabukui.<\/p>","protected":false},"featured_media":82577,"comment_status":"open","ping_status":"open","template":"","meta":[],"product_brand":[],"product_cat":[9305,2113,1997],"product_tag":[],"class_list":{"0":"post-82576","1":"product","2":"type-product","3":"status-publish","4":"has-post-thumbnail","6":"product_cat-pine-furniture-drewmax","7":"product_cat-drewmax","8":"product_cat-shoe-cabinets","10":"first","11":"instock","12":"purchasable","13":"product-type-simple"},"_links":{"self":[{"href":"https:\/\/baldumarket.lt\/lt\/wp-json\/wp\/v2\/product\/82576","targetHints":{"allow":["GET"]}}],"collection":[{"href":"https:\/\/baldumarket.lt\/lt\/wp-json\/wp\/v2\/product"}],"about":[{"href":"https:\/\/baldumarket.lt\/lt\/wp-json\/wp\/v2\/types\/product"}],"replies":[{"embeddable":true,"href":"https:\/\/baldumarket.lt\/lt\/wp-json\/wp\/v2\/comments?post=82576"}],"wp:featuredmedia":[{"embeddable":true,"href":"https:\/\/baldumarket.lt\/lt\/wp-json\/wp\/v2\/media\/82577"}],"wp:attachment":[{"href":"https:\/\/baldumarket.lt\/lt\/wp-json\/wp\/v2\/media?parent=82576"}],"wp:term":[{"taxonomy":"product_brand","embeddable":true,"href":"https:\/\/baldumarket.lt\/lt\/wp-json\/wp\/v2\/product_brand?post=82576"},{"taxonomy":"product_cat","embeddable":true,"href":"https:\/\/baldumarket.lt\/lt\/wp-json\/wp\/v2\/product_cat?post=82576"},{"taxonomy":"product_tag","embeddable":true,"href":"https:\/\/baldumarket.lt\/lt\/wp-json\/wp\/v2\/product_tag?post=82576"}],"curies":[{"name":"wp","href":"https:\/\/api.w.org\/{rel}","templated":true}]}}