{"id":82570,"date":"2025-12-04T22:48:22","date_gmt":"2025-12-04T19:48:22","guid":{"rendered":"https:\/\/baldumarket.lt\/product\/szafka-nocna-bukowa-vip-sn402-buk-surowy-nielakierowany\/"},"modified":"2026-02-04T00:30:57","modified_gmt":"2026-02-03T21:30:57","slug":"szafka-nocna-bukowa-vip-sn402-buk-surowy-nielakierowany","status":"publish","type":"product","link":"https:\/\/baldumarket.lt\/lt\/produktas\/szafka-nocna-bukowa-vip-sn402-buk-surowy-nielakierowany\/","title":{"rendered":"Buko naktinis staliukas VIP SN402 neapdorotas bukas, nelakuotas"},"content":{"rendered":"<p>Stilingas SN402 naktinis staliukas pagamintas i\u0161 tvirtos buko medienos. Jo funkcionalus stal\u010dius be ranken\u0117li\u0173 puikiai tinka laikyti kosmetik\u0105 ar knygas. Minimalistinis dizainas ir unikalios, nuo\u017eulnios kojel\u0117s paver\u010dia SN402 naktin\u012f staliuk\u0105 tobulu priedu prie madingo, modernaus stiliaus. Ma\u017eas, bet gra\u017eus stalvir\u0161is puikiai tinka \u0161eimos nuotraukai ar dekoratyvinei naktinio stalelio lempai. Nat\u016bralaus buko medienos, i\u0161 kurios jis pagamintas, \u0161iluma sukurs gra\u017ei\u0105, jauki\u0105 atmosfer\u0105 miegamajame.<\/p>\n<p>Iliustracin\u0117 nuotrauka, pagaminta i\u0161 \u0105\u017euolo medienos.<\/p>","protected":false},"excerpt":{"rendered":"<p>Stilingas SN402 naktinis staliukas pagamintas i\u0161 tvirtos buko medienos. Jo funkcionalus stal\u010dius be ranken\u0117li\u0173 puikiai tinka laikyti kosmetik\u0105 ar knygas. Minimalistinis dizainas ir unikalios, nuo\u017eulnios kojel\u0117s paver\u010dia SN402 naktin\u012f staliuk\u0105 idealiai tinkan\u010diu madingam, moderniam stiliui. Ma\u017eas, bet gra\u017eus stalvir\u0161is yra puiki vieta \u0161eimos nuotraukai ar [\u2026]<\/p>","protected":false},"featured_media":82571,"comment_status":"open","ping_status":"open","template":"","meta":[],"product_brand":[],"product_cat":[9314,1176,2113],"product_tag":[],"class_list":{"0":"post-82570","1":"product","2":"type-product","3":"status-publish","4":"has-post-thumbnail","6":"product_cat-kolekcja-vip-drewmax","7":"product_cat-bedside-tables","8":"product_cat-drewmax","10":"first","11":"instock","12":"purchasable","13":"product-type-simple"},"_links":{"self":[{"href":"https:\/\/baldumarket.lt\/lt\/wp-json\/wp\/v2\/product\/82570","targetHints":{"allow":["GET"]}}],"collection":[{"href":"https:\/\/baldumarket.lt\/lt\/wp-json\/wp\/v2\/product"}],"about":[{"href":"https:\/\/baldumarket.lt\/lt\/wp-json\/wp\/v2\/types\/product"}],"replies":[{"embeddable":true,"href":"https:\/\/baldumarket.lt\/lt\/wp-json\/wp\/v2\/comments?post=82570"}],"wp:featuredmedia":[{"embeddable":true,"href":"https:\/\/baldumarket.lt\/lt\/wp-json\/wp\/v2\/media\/82571"}],"wp:attachment":[{"href":"https:\/\/baldumarket.lt\/lt\/wp-json\/wp\/v2\/media?parent=82570"}],"wp:term":[{"taxonomy":"product_brand","embeddable":true,"href":"https:\/\/baldumarket.lt\/lt\/wp-json\/wp\/v2\/product_brand?post=82570"},{"taxonomy":"product_cat","embeddable":true,"href":"https:\/\/baldumarket.lt\/lt\/wp-json\/wp\/v2\/product_cat?post=82570"},{"taxonomy":"product_tag","embeddable":true,"href":"https:\/\/baldumarket.lt\/lt\/wp-json\/wp\/v2\/product_tag?post=82570"}],"curies":[{"name":"wp","href":"https:\/\/api.w.org\/{rel}","templated":true}]}}