{"id":82562,"date":"2025-12-04T22:48:15","date_gmt":"2025-12-04T19:48:15","guid":{"rendered":"https:\/\/baldumarket.lt\/product\/szafka-nocna-debowa-sn219-dab-surowy-nielakierowany\/"},"modified":"2026-02-04T00:30:57","modified_gmt":"2026-02-03T21:30:57","slug":"szafka-nocna-debowa-sn219-dab-surowy-nielakierowany","status":"publish","type":"product","link":"https:\/\/baldumarket.lt\/lt\/produktas\/szafka-nocna-debowa-sn219-dab-surowy-nielakierowany\/","title":{"rendered":"\u0104\u017euolinis naktinis staliukas SN219, neapdorotas \u0105\u017euolas, nelakuotas"},"content":{"rendered":"<p>Laisvai pastatomas naktinis staliukas SN219 pagamintas i\u0161 tvirtos \u0105\u017euolo medienos. \u0160is modelis pasi\u017eymi u\u017eapvalintais kra\u0161tais. Kartu su tos pa\u010dios serijos LK210 lova ir SN220 naktiniu staliuku galite sukurti komplekt\u0105, kuris puikiai papildys madingus, modernius miegamuosius.<\/p>","protected":false},"excerpt":{"rendered":"<p>Laisvai pastatomas naktinis staliukas SN219 pagamintas i\u0161 tvirtos \u0105\u017euolo medienos. \u0160is modelis pasi\u017eymi u\u017eapvalintais kra\u0161tais. Kartu su tos pa\u010dios serijos LK210 lova ir SN220 naktiniu staliuku galite sukurti komplekt\u0105, kuris puikiai papildys madingus, modernius miegamuosius.<\/p>","protected":false},"featured_media":82563,"comment_status":"open","ping_status":"open","template":"","meta":[],"product_brand":[],"product_cat":[1176,2113],"product_tag":[],"class_list":{"0":"post-82562","1":"product","2":"type-product","3":"status-publish","4":"has-post-thumbnail","6":"product_cat-bedside-tables","7":"product_cat-drewmax","9":"first","10":"instock","11":"purchasable","12":"product-type-simple"},"_links":{"self":[{"href":"https:\/\/baldumarket.lt\/lt\/wp-json\/wp\/v2\/product\/82562","targetHints":{"allow":["GET"]}}],"collection":[{"href":"https:\/\/baldumarket.lt\/lt\/wp-json\/wp\/v2\/product"}],"about":[{"href":"https:\/\/baldumarket.lt\/lt\/wp-json\/wp\/v2\/types\/product"}],"replies":[{"embeddable":true,"href":"https:\/\/baldumarket.lt\/lt\/wp-json\/wp\/v2\/comments?post=82562"}],"wp:featuredmedia":[{"embeddable":true,"href":"https:\/\/baldumarket.lt\/lt\/wp-json\/wp\/v2\/media\/82563"}],"wp:attachment":[{"href":"https:\/\/baldumarket.lt\/lt\/wp-json\/wp\/v2\/media?parent=82562"}],"wp:term":[{"taxonomy":"product_brand","embeddable":true,"href":"https:\/\/baldumarket.lt\/lt\/wp-json\/wp\/v2\/product_brand?post=82562"},{"taxonomy":"product_cat","embeddable":true,"href":"https:\/\/baldumarket.lt\/lt\/wp-json\/wp\/v2\/product_cat?post=82562"},{"taxonomy":"product_tag","embeddable":true,"href":"https:\/\/baldumarket.lt\/lt\/wp-json\/wp\/v2\/product_tag?post=82562"}],"curies":[{"name":"wp","href":"https:\/\/api.w.org\/{rel}","templated":true}]}}