{"id":82558,"date":"2025-12-04T22:48:12","date_gmt":"2025-12-04T19:48:12","guid":{"rendered":"https:\/\/baldumarket.lt\/product\/szafka-nocna-sosnowa-sn123-sosna-surowy-nielakierowany\/"},"modified":"2026-02-04T00:30:57","modified_gmt":"2026-02-03T21:30:57","slug":"szafka-nocna-sosnowa-sn123-sosna-surowy-nielakierowany","status":"publish","type":"product","link":"https:\/\/baldumarket.lt\/lt\/produktas\/szafka-nocna-sosnowa-sn123-sosna-surowy-nielakierowany\/","title":{"rendered":"Pu\u0161inis naktinis staliukas SN123, neapdorota pu\u0161is, nelakuota"},"content":{"rendered":"<p>SN123 naktinis staliukas atspindi elegancij\u0105 ir klasikin\u012f stili\u0173. Jo pu\u0161ies mediena idealiai tinka \u0161iltoms dekoracijoms kurti. Patogus stal\u010dius ir atvira lentyna suteikia funkcionali\u0105 viet\u0105 daugybei smulki\u0173 daikt\u0173 laikyti.<\/p>","protected":false},"excerpt":{"rendered":"<p>SN123 naktinis staliukas atspindi elegancij\u0105 ir klasikin\u012f stili\u0173. Jo pu\u0161ies mediena idealiai tinka \u0161iltoms dekoracijoms kurti. Patogus stal\u010dius ir atvira lentyna suteikia funkcionali\u0105 viet\u0105 daugybei smulki\u0173 daikt\u0173 laikyti.<\/p>","protected":false},"featured_media":82559,"comment_status":"open","ping_status":"open","template":"","meta":[],"product_brand":[],"product_cat":[1176,2113],"product_tag":[],"class_list":{"0":"post-82558","1":"product","2":"type-product","3":"status-publish","4":"has-post-thumbnail","6":"product_cat-bedside-tables","7":"product_cat-drewmax","9":"first","10":"instock","11":"purchasable","12":"product-type-simple"},"_links":{"self":[{"href":"https:\/\/baldumarket.lt\/lt\/wp-json\/wp\/v2\/product\/82558","targetHints":{"allow":["GET"]}}],"collection":[{"href":"https:\/\/baldumarket.lt\/lt\/wp-json\/wp\/v2\/product"}],"about":[{"href":"https:\/\/baldumarket.lt\/lt\/wp-json\/wp\/v2\/types\/product"}],"replies":[{"embeddable":true,"href":"https:\/\/baldumarket.lt\/lt\/wp-json\/wp\/v2\/comments?post=82558"}],"wp:featuredmedia":[{"embeddable":true,"href":"https:\/\/baldumarket.lt\/lt\/wp-json\/wp\/v2\/media\/82559"}],"wp:attachment":[{"href":"https:\/\/baldumarket.lt\/lt\/wp-json\/wp\/v2\/media?parent=82558"}],"wp:term":[{"taxonomy":"product_brand","embeddable":true,"href":"https:\/\/baldumarket.lt\/lt\/wp-json\/wp\/v2\/product_brand?post=82558"},{"taxonomy":"product_cat","embeddable":true,"href":"https:\/\/baldumarket.lt\/lt\/wp-json\/wp\/v2\/product_cat?post=82558"},{"taxonomy":"product_tag","embeddable":true,"href":"https:\/\/baldumarket.lt\/lt\/wp-json\/wp\/v2\/product_tag?post=82558"}],"curies":[{"name":"wp","href":"https:\/\/api.w.org\/{rel}","templated":true}]}}