{"id":82544,"date":"2025-12-04T22:48:00","date_gmt":"2025-12-04T19:48:00","guid":{"rendered":"https:\/\/baldumarket.lt\/product\/szuflada-debowa-lk270-dab-bielony\/"},"modified":"2026-02-04T00:30:59","modified_gmt":"2026-02-03T21:30:59","slug":"szuflada-debowa-lk270-dab-bielony","status":"publish","type":"product","link":"https:\/\/baldumarket.lt\/lt\/produktas\/szuflada-debowa-lk270-dab-bielony\/","title":{"rendered":"\u0104\u017euolinis stal\u010dius LK270 balintas \u0105\u017euolas"},"content":{"rendered":"<p>\u0104\u017euolinis patalyn\u0117s stal\u010dius LK270, skirtas \u012fstumti po lova, yra idealus sprendimas ma\u017eoms erdv\u0117ms.<\/p>\n<p>Puikiai tinka patalynei, pagalv\u0117ms ir antklod\u0117ms laikyti. Skland\u0173 veikim\u0105 u\u017etikrina apa\u010dioje sumontuoti ratukai.<\/p>\n<p>MATMENYS:<\/p>\n<p>Plotis: 98 cm \u2013 pus\u0117 lovos ilgio<\/p>\n<p>Gylis: 67 cm \u2013 skirtas visiems standartiniams lov\u0173 dyd\u017eiams, i\u0161skyrus 120 cm plo\u010dio. 120 cm plo\u010dio lovoms rinkit\u0117s stal\u010di\u0173 LK273.<\/p>\n<p>Auk\u0161tis: 24 cm<\/p>\n<p>Patikrinkite MATMEN\u0172 LENTEL\u0118, ar \u0161is stal\u010dius tinka j\u016bs\u0173 pasirinktam lovos modeliui.<\/p>","protected":false},"excerpt":{"rendered":"<p>\u0104\u017euolinis patalyn\u0117s stal\u010dius LK270, skirtas \u012fstumti po lova, yra idealus sprendimas ma\u017eoms erdv\u0117ms. Jis puikiai tinka patalynei, pagalv\u0117ms ir antklod\u0117ms laikyti. Skland\u0173 veikim\u0105 u\u017etikrina apa\u010dioje sumontuoti ratukai. MATMENYS: Plotis: 98 cm \u2013 pus\u0117 lovos ilgio Gylis: 67 cm \u2013 skirtas visiems standartiniams [\u2026]<\/p>","protected":false},"featured_media":82545,"comment_status":"open","ping_status":"open","template":"","meta":[],"product_brand":[],"product_cat":[9251,9303,2113],"product_tag":[],"class_list":{"0":"post-82544","1":"product","2":"type-product","3":"status-publish","4":"has-post-thumbnail","6":"product_cat-musor","7":"product_cat-oak-furniture-drewmax","8":"product_cat-drewmax","10":"first","11":"instock","12":"purchasable","13":"product-type-simple"},"_links":{"self":[{"href":"https:\/\/baldumarket.lt\/lt\/wp-json\/wp\/v2\/product\/82544","targetHints":{"allow":["GET"]}}],"collection":[{"href":"https:\/\/baldumarket.lt\/lt\/wp-json\/wp\/v2\/product"}],"about":[{"href":"https:\/\/baldumarket.lt\/lt\/wp-json\/wp\/v2\/types\/product"}],"replies":[{"embeddable":true,"href":"https:\/\/baldumarket.lt\/lt\/wp-json\/wp\/v2\/comments?post=82544"}],"wp:featuredmedia":[{"embeddable":true,"href":"https:\/\/baldumarket.lt\/lt\/wp-json\/wp\/v2\/media\/82545"}],"wp:attachment":[{"href":"https:\/\/baldumarket.lt\/lt\/wp-json\/wp\/v2\/media?parent=82544"}],"wp:term":[{"taxonomy":"product_brand","embeddable":true,"href":"https:\/\/baldumarket.lt\/lt\/wp-json\/wp\/v2\/product_brand?post=82544"},{"taxonomy":"product_cat","embeddable":true,"href":"https:\/\/baldumarket.lt\/lt\/wp-json\/wp\/v2\/product_cat?post=82544"},{"taxonomy":"product_tag","embeddable":true,"href":"https:\/\/baldumarket.lt\/lt\/wp-json\/wp\/v2\/product_tag?post=82544"}],"curies":[{"name":"wp","href":"https:\/\/api.w.org\/{rel}","templated":true}]}}