{"id":82540,"date":"2025-12-04T22:47:57","date_gmt":"2025-12-04T19:47:57","guid":{"rendered":"https:\/\/baldumarket.lt\/product\/szuflada-sosnowa-lk151-sosna-surowy-nielakierowany-2\/"},"modified":"2026-02-04T00:30:59","modified_gmt":"2026-02-03T21:30:59","slug":"szuflada-sosnowa-lk151-sosna-surowy-nielakierowany-2","status":"publish","type":"product","link":"https:\/\/baldumarket.lt\/lt\/produktas\/szuflada-sosnowa-lk151-sosna-surowy-nielakierowany-2\/","title":{"rendered":"Pu\u0161inis stal\u010dius LK151, neapdorota pu\u0161is, nelakuota"},"content":{"rendered":"<p>LK151 pu\u0161inis patalyn\u0117s stal\u010dius, skirtas \u012fstumti po lova, yra idealus sprendimas ma\u017eoms erdv\u0117ms.<\/p>\n<p>Puikiai tinka patalynei, pagalv\u0117ms ir antklod\u0117ms laikyti. Skland\u0173 veikim\u0105 u\u017etikrina apa\u010dioje sumontuoti ratukai.<\/p>\n<p>MATMENYS:<\/p>\n<p>Plotis: 150 cm \u2013 3\/4 lovos ilgio<\/p>\n<p>Gylis: 69 cm \u2013 skirtas visiems standartiniams lov\u0173 dyd\u017eiams, i\u0161skyrus 120 cm plo\u010dio. 120 cm plo\u010dio lovoms rinkit\u0117s stal\u010di\u0173 LK154.<\/p>\n<p>Auk\u0161tis: 19 cm arba 22 cm \u2013 MATMEN\u0172 LENTEL\u0116JE pasirinkite stal\u010diaus auk\u0161t\u012f, atitinkant\u012f j\u016bs\u0173 pasirinkt\u0105 lovos model\u012f.<\/p>","protected":false},"excerpt":{"rendered":"<p>LK151 pu\u0161inis patalyn\u0117s stal\u010dius, skirtas \u012fstumti po lova, yra idealus sprendimas ma\u017eoms erdv\u0117ms. Jis puikiai tinka patalynei, pagalv\u0117ms ir antklod\u0117ms laikyti. Skland\u0173 veikim\u0105 u\u017etikrina apa\u010dioje sumontuoti ratukai. MATMENYS: Plotis: 150 cm \u2013 3\/4 lovos ilgio Gylis: 69 cm \u2013 skirtas visiems [\u2026]<\/p>","protected":false},"featured_media":82539,"comment_status":"open","ping_status":"open","template":"","meta":[],"product_brand":[],"product_cat":[9251,9305,2113],"product_tag":[],"class_list":{"0":"post-82540","1":"product","2":"type-product","3":"status-publish","4":"has-post-thumbnail","6":"product_cat-musor","7":"product_cat-pine-furniture-drewmax","8":"product_cat-drewmax","10":"first","11":"instock","12":"purchasable","13":"product-type-simple"},"_links":{"self":[{"href":"https:\/\/baldumarket.lt\/lt\/wp-json\/wp\/v2\/product\/82540","targetHints":{"allow":["GET"]}}],"collection":[{"href":"https:\/\/baldumarket.lt\/lt\/wp-json\/wp\/v2\/product"}],"about":[{"href":"https:\/\/baldumarket.lt\/lt\/wp-json\/wp\/v2\/types\/product"}],"replies":[{"embeddable":true,"href":"https:\/\/baldumarket.lt\/lt\/wp-json\/wp\/v2\/comments?post=82540"}],"wp:featuredmedia":[{"embeddable":true,"href":"https:\/\/baldumarket.lt\/lt\/wp-json\/wp\/v2\/media\/82539"}],"wp:attachment":[{"href":"https:\/\/baldumarket.lt\/lt\/wp-json\/wp\/v2\/media?parent=82540"}],"wp:term":[{"taxonomy":"product_brand","embeddable":true,"href":"https:\/\/baldumarket.lt\/lt\/wp-json\/wp\/v2\/product_brand?post=82540"},{"taxonomy":"product_cat","embeddable":true,"href":"https:\/\/baldumarket.lt\/lt\/wp-json\/wp\/v2\/product_cat?post=82540"},{"taxonomy":"product_tag","embeddable":true,"href":"https:\/\/baldumarket.lt\/lt\/wp-json\/wp\/v2\/product_tag?post=82540"}],"curies":[{"name":"wp","href":"https:\/\/api.w.org\/{rel}","templated":true}]}}