{"id":82533,"date":"2025-12-04T22:47:50","date_gmt":"2025-12-04T19:47:50","guid":{"rendered":"https:\/\/baldumarket.lt\/product\/toaletka-sosnowa-lt108-sosna-surowy-nielakierowany\/"},"modified":"2026-02-04T00:31:01","modified_gmt":"2026-02-03T21:31:01","slug":"toaletka-sosnowa-lt108-sosna-surowy-nielakierowany","status":"publish","type":"product","link":"https:\/\/baldumarket.lt\/lt\/product\/toaletka-sosnowa-lt108-sosna-surowy-nielakierowany\/","title":{"rendered":"Pu\u0161inis tualetinis staliukas LT108, neapdorota pu\u0161is, nelakuotas"},"content":{"rendered":"<p>Klasikinis medinis tualetinis staliukas su veidrod\u017eiu LT108 pad\u0117s jums sutvarkyti visus smulkius nieku\u010dius. \u012erengtas prakti\u0161kais stal\u010diais, jis puikiai tinka kosmetikai ir papuo\u0161alams laikyti. Pagamintas i\u0161 tvirtos pu\u0161ies medienos, jis yra ir gra\u017eus, ir funkcionalus. Jo klasikinis dizainas papildys bet kurio miegamojo ar r\u016bbin\u0117s interjer\u0105.<\/p>","protected":false},"excerpt":{"rendered":"<p>Klasikinis medinis tualetinis staliukas su veidrod\u017eiu LT108 pad\u0117s jums sutvarkyti visus smulkius nieku\u010dius. \u012erengtas prakti\u0161kais stal\u010diais, jis puikiai tinka kosmetikai ir papuo\u0161alams laikyti. Pagamintas i\u0161 tvirtos pu\u0161ies medienos, jis yra ir gra\u017eus, ir funkcionalus. Jo klasikinis dizainas papildys bet kurio miegamojo ar r\u016bbin\u0117s interjer\u0105.<\/p>","protected":false},"featured_media":82534,"comment_status":"open","ping_status":"open","template":"","meta":[],"product_brand":[],"product_cat":[1237,2113],"product_tag":[],"class_list":{"0":"post-82533","1":"product","2":"type-product","3":"status-publish","4":"has-post-thumbnail","6":"product_cat-dressing-tables","7":"product_cat-drewmax","9":"first","10":"instock","11":"purchasable","12":"product-type-simple"},"_links":{"self":[{"href":"https:\/\/baldumarket.lt\/lt\/wp-json\/wp\/v2\/product\/82533","targetHints":{"allow":["GET"]}}],"collection":[{"href":"https:\/\/baldumarket.lt\/lt\/wp-json\/wp\/v2\/product"}],"about":[{"href":"https:\/\/baldumarket.lt\/lt\/wp-json\/wp\/v2\/types\/product"}],"replies":[{"embeddable":true,"href":"https:\/\/baldumarket.lt\/lt\/wp-json\/wp\/v2\/comments?post=82533"}],"wp:featuredmedia":[{"embeddable":true,"href":"https:\/\/baldumarket.lt\/lt\/wp-json\/wp\/v2\/media\/82534"}],"wp:attachment":[{"href":"https:\/\/baldumarket.lt\/lt\/wp-json\/wp\/v2\/media?parent=82533"}],"wp:term":[{"taxonomy":"product_brand","embeddable":true,"href":"https:\/\/baldumarket.lt\/lt\/wp-json\/wp\/v2\/product_brand?post=82533"},{"taxonomy":"product_cat","embeddable":true,"href":"https:\/\/baldumarket.lt\/lt\/wp-json\/wp\/v2\/product_cat?post=82533"},{"taxonomy":"product_tag","embeddable":true,"href":"https:\/\/baldumarket.lt\/lt\/wp-json\/wp\/v2\/product_tag?post=82533"}],"curies":[{"name":"wp","href":"https:\/\/api.w.org\/{rel}","templated":true}]}}