{"id":82525,"date":"2025-12-04T22:47:43","date_gmt":"2025-12-04T19:47:43","guid":{"rendered":"https:\/\/baldumarket.lt\/product\/witryna-bukowa-vip-kw406-prawa-buk-rustikal\/"},"modified":"2026-02-04T00:31:02","modified_gmt":"2026-02-03T21:31:02","slug":"witryna-bukowa-vip-kw406-prawa-buk-rustikal","status":"publish","type":"product","link":"https:\/\/baldumarket.lt\/lt\/product\/witryna-bukowa-vip-kw406-prawa-buk-rustikal\/","title":{"rendered":"Buko vitrina VIP KW406 DE\u0160IN\u0116 kaimi\u0161ko buko"},"content":{"rendered":"<p>VIP KW406 de\u0161in\u0117s pus\u0117s buko medienos vitrina \u2013 tai eleganti\u0161kas baldas, pagamintas i\u0161 tvirtos buko medienos, derinantis nat\u016bral\u0173 gro\u017e\u012f su i\u0161skirtiniu patvarumu. Stikliniai fasadai ir \u0161onai idealiai tinka porcelianui, stiklo dirbiniams, knygoms ar \u0161eimos relikvijoms eksponuoti. Apatin\u0117 dalis su tvirtomis durel\u0117mis suteikia papildomos vietos daiktams laikyti. Paprastas dizainas ir kruop\u0161ti apdaila puikiai dera tiek su klasikiniu, tiek su moderniu interjeru, suteikdama lengvumo ir elegancijos.<\/p>\n<p>VIP KW406 buko medienos vitrina buvo sukurta atsi\u017evelgiant \u012f funkcionali\u0105 ir esteti\u0161k\u0105 erdv\u0119, tod\u0117l idealiai tinka svetain\u0117ms, valgomiesiems ar biurams. KW406 yra nesenstantis pasirinkimas tiems, kurie vertina tvirtus buko medienos baldus, kurie daugel\u012f met\u0173 i\u0161lieka gra\u017e\u016bs ir prakti\u0161ki.<\/p>","protected":false},"excerpt":{"rendered":"<p>VIP KW406 de\u0161in\u0117s pus\u0117s buko medienos vitrina yra eleganti\u0161kas baldas, pagamintas i\u0161 tvirtos buko medienos, derinantis nat\u016bral\u0173 gro\u017e\u012f su i\u0161skirtiniu patvarumu. Stikliniai fasadai ir \u0161onai idealiai tinka porcelianui, stiklo dirbiniams, knygoms ar \u0161eimos relikvijoms eksponuoti. Apatin\u0117 dalis su tvirtomis durel\u0117mis suteikia papildomos vietos daiktams laikyti. Paprastas dizainas ir [\u2026]<\/p>","protected":false},"featured_media":82526,"comment_status":"open","ping_status":"open","template":"","meta":[],"product_brand":[],"product_cat":[9317,9314,2113,2006],"product_tag":[],"class_list":{"0":"post-82525","1":"product","2":"type-product","3":"status-publish","4":"has-post-thumbnail","6":"product_cat-collection-rustikal-drewmax","7":"product_cat-kolekcja-vip-drewmax","8":"product_cat-drewmax","9":"product_cat-vitrines","11":"first","12":"instock","13":"purchasable","14":"product-type-simple"},"_links":{"self":[{"href":"https:\/\/baldumarket.lt\/lt\/wp-json\/wp\/v2\/product\/82525","targetHints":{"allow":["GET"]}}],"collection":[{"href":"https:\/\/baldumarket.lt\/lt\/wp-json\/wp\/v2\/product"}],"about":[{"href":"https:\/\/baldumarket.lt\/lt\/wp-json\/wp\/v2\/types\/product"}],"replies":[{"embeddable":true,"href":"https:\/\/baldumarket.lt\/lt\/wp-json\/wp\/v2\/comments?post=82525"}],"wp:featuredmedia":[{"embeddable":true,"href":"https:\/\/baldumarket.lt\/lt\/wp-json\/wp\/v2\/media\/82526"}],"wp:attachment":[{"href":"https:\/\/baldumarket.lt\/lt\/wp-json\/wp\/v2\/media?parent=82525"}],"wp:term":[{"taxonomy":"product_brand","embeddable":true,"href":"https:\/\/baldumarket.lt\/lt\/wp-json\/wp\/v2\/product_brand?post=82525"},{"taxonomy":"product_cat","embeddable":true,"href":"https:\/\/baldumarket.lt\/lt\/wp-json\/wp\/v2\/product_cat?post=82525"},{"taxonomy":"product_tag","embeddable":true,"href":"https:\/\/baldumarket.lt\/lt\/wp-json\/wp\/v2\/product_tag?post=82525"}],"curies":[{"name":"wp","href":"https:\/\/api.w.org\/{rel}","templated":true}]}}