{"id":82512,"date":"2025-12-04T22:47:31","date_gmt":"2025-12-04T19:47:31","guid":{"rendered":"https:\/\/baldumarket.lt\/product\/stelaz-drewniany-z-listew-gietych-brzoza-naturalna-3\/"},"modified":"2026-02-04T00:31:04","modified_gmt":"2026-02-03T21:31:04","slug":"stelaz-drewniany-z-listew-gietych-brzoza-naturalna-3","status":"publish","type":"product","link":"https:\/\/baldumarket.lt\/lt\/product\/stelaz-drewniany-z-listew-gietych-brzoza-naturalna-3\/","title":{"rendered":"Medinis r\u0117mas i\u0161 lenkt\u0173 lenteli\u0173, nat\u016bralaus ber\u017eo"},"content":{"rendered":"<p>Lenkto ber\u017eo groteli\u0173 r\u0117mas \u2013 20 groteli\u0173<br \/>\n\u0160is tvirtas r\u0117mas pagamintas i\u0161 20 lanks\u010di\u0173 ber\u017eo lenteli\u0173, sujungt\u0173 tekstiline juostele. Lent\u0173 galai yra su girg\u017ed\u0117jim\u0105 slopinan\u010diomis pagalv\u0117l\u0117mis, u\u017etikrinan\u010diomis tyl\u0173 ir stabil\u0173 veikim\u0105. R\u0117mas garantuoja tolyg\u0173 \u010diu\u017einio prilaikym\u0105 ir tinkam\u0105 v\u0117dinim\u0105.<br \/>\nMatmenys \/ Variacijos:<br \/>\nPlotis: 80 \/ 90 \/ 100 \/ 120 cm<br \/>\n80\/90\/100 cm \u2013 8 mm storio, 53 mm plo\u010dio lentjuost\u0117s<br \/>\n120 cm \u2013 10 mm storio, 53 mm plo\u010dio lentjuost\u0117s<br \/>\nIlgis D200: apie 190 cm<br \/>\nPlo\u010dio tolerancija: lentjuost\u0117s 5 mm trumpesn\u0117s (pvz., S80 = 79,5 cm, S90 = 89,5 cm)<br \/>\nIdealiai tinka put\u0173, latekso ir spyruokliniams \u010diu\u017einiams.<\/p>","protected":false},"excerpt":{"rendered":"<p>Lenktas ber\u017eo groteli\u0173 r\u0117mas \u2013 20 groteli\u0173. \u0160is tvirtas r\u0117mas pagamintas i\u0161 20 lanks\u010di\u0173 ber\u017eo groteli\u0173, sujungt\u0173 tekstiline juostele. Groteli\u0173 galai yra su girg\u017ed\u0117jim\u0105 slopinan\u010diomis pagalv\u0117l\u0117mis, u\u017etikrinan\u010diomis tyl\u0173 ir stabil\u0173 veikim\u0105. R\u0117mas garantuoja tolyg\u0173 \u010diu\u017einio palaikym\u0105 ir tinkam\u0105 v\u0117dinim\u0105. Matmenys \/ variantai: Plotis: 80 \/ 90 \/ 100 \/ 120 cm [\u2026]<\/p>","protected":false},"featured_media":82507,"comment_status":"open","ping_status":"open","template":"","meta":[],"product_brand":[],"product_cat":[9310,2113,1043],"product_tag":[],"class_list":{"0":"post-82512","1":"product","2":"type-product","3":"status-publish","4":"has-post-thumbnail","6":"product_cat-bed-racks-drewmax","7":"product_cat-drewmax","8":"product_cat-extras","9":"pa_length-cm-2123","11":"first","12":"instock","13":"purchasable","14":"product-type-simple"},"_links":{"self":[{"href":"https:\/\/baldumarket.lt\/lt\/wp-json\/wp\/v2\/product\/82512","targetHints":{"allow":["GET"]}}],"collection":[{"href":"https:\/\/baldumarket.lt\/lt\/wp-json\/wp\/v2\/product"}],"about":[{"href":"https:\/\/baldumarket.lt\/lt\/wp-json\/wp\/v2\/types\/product"}],"replies":[{"embeddable":true,"href":"https:\/\/baldumarket.lt\/lt\/wp-json\/wp\/v2\/comments?post=82512"}],"wp:featuredmedia":[{"embeddable":true,"href":"https:\/\/baldumarket.lt\/lt\/wp-json\/wp\/v2\/media\/82507"}],"wp:attachment":[{"href":"https:\/\/baldumarket.lt\/lt\/wp-json\/wp\/v2\/media?parent=82512"}],"wp:term":[{"taxonomy":"product_brand","embeddable":true,"href":"https:\/\/baldumarket.lt\/lt\/wp-json\/wp\/v2\/product_brand?post=82512"},{"taxonomy":"product_cat","embeddable":true,"href":"https:\/\/baldumarket.lt\/lt\/wp-json\/wp\/v2\/product_cat?post=82512"},{"taxonomy":"product_tag","embeddable":true,"href":"https:\/\/baldumarket.lt\/lt\/wp-json\/wp\/v2\/product_tag?post=82512"}],"curies":[{"name":"wp","href":"https:\/\/api.w.org\/{rel}","templated":true}]}}