{"id":82494,"date":"2025-12-04T22:47:14","date_gmt":"2025-12-04T19:47:14","guid":{"rendered":"https:\/\/baldumarket.lt\/product\/stol-debowy-st308-naturalny\/"},"modified":"2026-02-04T00:31:06","modified_gmt":"2026-02-03T21:31:06","slug":"stol-debowy-st308-naturalny","status":"publish","type":"product","link":"https:\/\/baldumarket.lt\/lt\/produktas\/stol-debowy-st308-naturalny\/","title":{"rendered":"ST308 nat\u016bralaus \u0105\u017euolo stalas"},"content":{"rendered":"<p>ST308 \u0104\u017dUOLINIS STALAS \u2013 RIBOTAS LEIDIMAS<\/p>\n<p>Klasikinis \u0105\u017euolo masyvo stalas, sukurtas interjerams, kuriuose svarbiausia nat\u016bralumas, patvarumas ir lengvos formos. ST308 stalas derina minimalistin\u012f siluet\u0105 su tvirta, tvirta konstrukcija. Subtiliai nusklembti stalvir\u0161io kra\u0161tai ir atvira medienos tekst\u016bra suteikia jam elegancijos, o riboto leidimo serija pabr\u0117\u017eia unikal\u0173 \u0161io baldo charakter\u012f.<\/p>\n<p>Charakteris ir meistri\u0161kumas<\/p>\n<p>Visas stalas pagamintas i\u0161 \u0105\u017euolo masyvo \u2013 kieto, atsparaus kasdieniam naudojimui ir laikui b\u0117gant gra\u017eiai br\u0119stan\u010dio. Sluoksniais klijuotas stalvir\u0161is u\u017etikrina stabilum\u0105, o \u0105\u017euolo masyvo kojel\u0117s tvirtai pritvirtina stal\u0105 prie grind\u0173. Nat\u016bral\u016bs mazgai ir spalv\u0173 skirtumai n\u0117ra defektas, o med\u017eiagos autenti\u0161kumo \u012frodymas. Pusiau matinis lakas apsaugo pavir\u0161i\u0173 ir i\u0161ry\u0161kina medienos ra\u0161to gilum\u0105.<\/p>\n<p>Tinka \u012fvairiems nustatymams<\/p>\n<p>Paprastas ir nesenstantis dizainas dera su moderniu, skandinavi\u0161ku, japoni\u0161ku ir klasikiniu stiliais. \u0104\u017euolinis ST308 stalas puikiai tinka valgomajam ir svetainei kaip \u0161eimos susib\u016brim\u0173 akcentas, ta\u010diau jis taip pat puikiai tinka nam\u0173 biurui, kai reikia didel\u0117s, stabilios darbo vietos. J\u012f galima lengvai derinti su \u0105\u017euolin\u0117mis arba mink\u0161tomis \u201eDrewmax\u201c k\u0117d\u0117mis, kad b\u016bt\u0173 sukurtas darnus komplektas.<\/p>\n<p>Naudojimas ir prie\u017ei\u016bra<\/p>\n<p>Kasdien\u0117 prie\u017ei\u016bra paprasta: pakanka mink\u0161tos, \u0161iek tiek dr\u0117gnos \u0161luost\u0117s, kad stalvir\u0161is i\u0161likt\u0173 gaivus. Venkite stipri\u0173 plovikli\u0173 ir ilgalaikio dr\u0117kinimo \u2013 taip stalas daugel\u012f met\u0173 i\u0161laikys eleganti\u0161k\u0105 i\u0161vaizd\u0105.<\/p>","protected":false},"excerpt":{"rendered":"<p>ST308 \u0104\u017dUOLINIS STALAS \u2013 RIBOTAS LEIDIMAS Klasikinis \u0105\u017euolo masyvo stalas, sukurtas interjerams, kuriuose svarbiausia nat\u016bralumas, patvarumas ir lengvos formos. ST308 derina minimalistin\u012f siluet\u0105 su tvirta, tvirta konstrukcija. Subtiliai nusklembti stalvir\u0161io kra\u0161tai ir atvira tekst\u016bra suteikia jam elegancijos, o riboto leidimo serija pabr\u0117\u017eia [\u2026]<\/p>","protected":false},"featured_media":82495,"comment_status":"open","ping_status":"open","template":"","meta":[],"product_brand":[],"product_cat":[9303,2113,1934],"product_tag":[],"class_list":{"0":"post-82494","1":"product","2":"type-product","3":"status-publish","4":"has-post-thumbnail","6":"product_cat-oak-furniture-drewmax","7":"product_cat-drewmax","8":"product_cat-tables","9":"pa_tabletop-2-cm-tabletop","10":"pa_tabletop-material-solid-lamellas","12":"first","13":"instock","14":"purchasable","15":"product-type-simple"},"_links":{"self":[{"href":"https:\/\/baldumarket.lt\/lt\/wp-json\/wp\/v2\/product\/82494","targetHints":{"allow":["GET"]}}],"collection":[{"href":"https:\/\/baldumarket.lt\/lt\/wp-json\/wp\/v2\/product"}],"about":[{"href":"https:\/\/baldumarket.lt\/lt\/wp-json\/wp\/v2\/types\/product"}],"replies":[{"embeddable":true,"href":"https:\/\/baldumarket.lt\/lt\/wp-json\/wp\/v2\/comments?post=82494"}],"wp:featuredmedia":[{"embeddable":true,"href":"https:\/\/baldumarket.lt\/lt\/wp-json\/wp\/v2\/media\/82495"}],"wp:attachment":[{"href":"https:\/\/baldumarket.lt\/lt\/wp-json\/wp\/v2\/media?parent=82494"}],"wp:term":[{"taxonomy":"product_brand","embeddable":true,"href":"https:\/\/baldumarket.lt\/lt\/wp-json\/wp\/v2\/product_brand?post=82494"},{"taxonomy":"product_cat","embeddable":true,"href":"https:\/\/baldumarket.lt\/lt\/wp-json\/wp\/v2\/product_cat?post=82494"},{"taxonomy":"product_tag","embeddable":true,"href":"https:\/\/baldumarket.lt\/lt\/wp-json\/wp\/v2\/product_tag?post=82494"}],"curies":[{"name":"wp","href":"https:\/\/api.w.org\/{rel}","templated":true}]}}