{"id":82480,"date":"2025-12-04T22:46:59","date_gmt":"2025-12-04T19:46:59","guid":{"rendered":"https:\/\/baldumarket.lt\/product\/hoker-krzeslo-debowe-kt384-dab-miodowy\/"},"modified":"2026-02-04T00:31:08","modified_gmt":"2026-02-03T21:31:08","slug":"hoker-krzeslo-debowe-kt384-dab-miodowy","status":"publish","type":"product","link":"https:\/\/baldumarket.lt\/lt\/produktas\/hoker-krzeslo-debowe-kt384-dab-miodowy\/","title":{"rendered":"\u0104\u017euolin\u0117 k\u0117d\u0117 KT384 medaus \u0105\u017euolo spalvos"},"content":{"rendered":"<p>KT384 mink\u0161tasuolis \u2013 tai moderni klasikin\u0117s \u0105\u017euolo masyvo taburet\u0117s interpretacija, papildyta mink\u0161ta s\u0117dyne ir atlo\u0161u, u\u017etikrinan\u010diais i\u0161skirtin\u012f komfort\u0105. Subtili, harmoninga forma, derinama su nat\u016braliomis med\u017eiagomis ir maloniai tekst\u016bruotais audiniais, puikiai tinka modernioms virtuv\u0117ms, valgomiesiems ir baro erdv\u0117ms.<\/p>\n<p>Tvirta \u0105\u017euolo mediena, naudojama baldo konstrukcijoje, u\u017etikrina patvarum\u0105, stabilum\u0105 ir atsparum\u0105 kasdieniam naudojimui, o \u0161velniai u\u017eapvalinti kra\u0161tai suteikia konstrukcijai lengvumo ir elegancijos. Apmu\u0161ti elementai suteiks jaukumo bet kokiam interjerui, sukurdami tobul\u0105 funkcionalumo ir estetikos derin\u012f.<\/p>\n<p>KT384 mink\u0161tasuolis \u2013 puikus pasirinkimas vertinantiems nat\u016bralias med\u017eiagas ir nesenstant\u012f stili\u0173. D\u0117l savo universalaus dizaino jis dera tiek skandinavi\u0161kame, tiek lofto interjere, suteikdamas erdvei \u0105\u017euolo \u0161ilumos ir kasdienio naudojimo komforto.<\/p>\n<p>S\u0117dyn\u0117s arba atlo\u0161o apmu\u0161alai si\u016blomi u\u017e standartin\u0119 k\u0117d\u0117s kain\u0105. Pra\u0161ome tai nurodyti u\u017esakymo pastabose.<\/p>","protected":false},"excerpt":{"rendered":"<p>KT384 apmu\u0161tas taburetis \u2013 tai moderni klasikin\u0117s \u0105\u017euolo masyvo taburet\u0117s interpretacija, papildyta mink\u0161ta s\u0117dyne ir atlo\u0161u, u\u017etikrinan\u010diais i\u0161skirtin\u012f komfort\u0105. Subtili, harmoninga forma, derinama su nat\u016braliomis med\u017eiagomis ir maloniai tekst\u016bruotais audiniais, puikiai tinka modernioms virtuv\u0117ms, valgomiesiems ir baro erdv\u0117ms. Naudojama \u0105\u017euolo masyvo mediena [\u2026]<\/p>","protected":false},"featured_media":82481,"comment_status":"open","ping_status":"open","template":"","meta":[],"product_brand":[],"product_cat":[9303,1930,2113],"product_tag":[],"class_list":{"0":"post-82480","1":"product","2":"type-product","3":"status-publish","4":"has-post-thumbnail","6":"product_cat-oak-furniture-drewmax","7":"product_cat-chairs","8":"product_cat-drewmax","10":"first","11":"instock","12":"purchasable","13":"product-type-simple"},"_links":{"self":[{"href":"https:\/\/baldumarket.lt\/lt\/wp-json\/wp\/v2\/product\/82480","targetHints":{"allow":["GET"]}}],"collection":[{"href":"https:\/\/baldumarket.lt\/lt\/wp-json\/wp\/v2\/product"}],"about":[{"href":"https:\/\/baldumarket.lt\/lt\/wp-json\/wp\/v2\/types\/product"}],"replies":[{"embeddable":true,"href":"https:\/\/baldumarket.lt\/lt\/wp-json\/wp\/v2\/comments?post=82480"}],"wp:featuredmedia":[{"embeddable":true,"href":"https:\/\/baldumarket.lt\/lt\/wp-json\/wp\/v2\/media\/82481"}],"wp:attachment":[{"href":"https:\/\/baldumarket.lt\/lt\/wp-json\/wp\/v2\/media?parent=82480"}],"wp:term":[{"taxonomy":"product_brand","embeddable":true,"href":"https:\/\/baldumarket.lt\/lt\/wp-json\/wp\/v2\/product_brand?post=82480"},{"taxonomy":"product_cat","embeddable":true,"href":"https:\/\/baldumarket.lt\/lt\/wp-json\/wp\/v2\/product_cat?post=82480"},{"taxonomy":"product_tag","embeddable":true,"href":"https:\/\/baldumarket.lt\/lt\/wp-json\/wp\/v2\/product_tag?post=82480"}],"curies":[{"name":"wp","href":"https:\/\/api.w.org\/{rel}","templated":true}]}}